{"id":4162,"date":"2022-03-30T12:15:47","date_gmt":"2022-03-30T12:15:47","guid":{"rendered":"https:\/\/lumohouses.com\/uber-uns\/"},"modified":"2025-01-08T08:15:12","modified_gmt":"2025-01-08T08:15:12","slug":"uber-uns","status":"publish","type":"page","link":"https:\/\/lumohouses.com\/de\/uber-uns\/","title":{"rendered":"\u00dcber"},"content":{"rendered":"<div class=\"wpb-content-wrapper\"><p>[vc_row row_height_percent=&#8220;0&#8243; overlay_alpha=&#8220;50&#8243; gutter_size=&#8220;3&#8243; column_width_percent=&#8220;100&#8243; shift_y=&#8220;0&#8243; z_index=&#8220;0&#8243; uncode_shortcode_id=&#8220;173974&#8243; row_height_pixel=&#8220;300&#8243;][vc_column column_width_percent=&#8220;100&#8243; position_vertical=&#8220;middle&#8220; gutter_size=&#8220;3&#8243; overlay_alpha=&#8220;50&#8243; shift_x=&#8220;0&#8243; shift_y=&#8220;0&#8243; shift_y_down=&#8220;0&#8243; z_index=&#8220;0&#8243; medium_width=&#8220;0&#8243; mobile_width=&#8220;0&#8243; width=&#8220;1\/1&#8243; uncode_shortcode_id=&#8220;161208&#8243;][vc_custom_heading heading_semantic=&#8220;h1&#8243; text_size=&#8220;h1&#8243; uncode_shortcode_id=&#8220;474529&#8243;]\u00dcber uns[\/vc_custom_heading][\/vc_column][\/vc_row][vc_row][vc_column width=&#8220;1\/2&#8243;][vc_separator sep_color=&#8220;color-jevc&#8220; uncode_shortcode_id=&#8220;582062&#8243; sep_color_type=&#8220;uncode-palette&#8220; el_width=&#8220;100px&#8220; el_height=&#8220;2&#8243;][vc_custom_heading uncode_shortcode_id=&#8220;193016&#8243;]Unsere Vision[\/vc_custom_heading][vc_column_text uncode_shortcode_id=&#8220;118820&#8243;]Wir glauben, dass kleinere &amp; nachhaltige H\u00e4user ein Teil der L\u00f6sung f\u00fcr die Klimakrise sind.<\/p>\n<p><span style=\"text-decoration: underline;\">Unser Ziel:<\/span> den Kauf von kleineren &amp; nachhaltigen H\u00e4usern zu vereinfachen.[\/vc_column_text][\/vc_column][vc_column width=&#8220;1\/2&#8243;][vc_single_image media=&#8220;114&#8243; media_width_percent=&#8220;100&#8243; media_ratio=&#8220;three-two&#8220; uncode_shortcode_id=&#8220;111506&#8243;][\/vc_column][\/vc_row][vc_row][vc_column width=&#8220;1\/2&#8243;][vc_separator sep_color=&#8220;color-jevc&#8220; uncode_shortcode_id=&#8220;582062&#8243; sep_color_type=&#8220;uncode-palette&#8220; el_width=&#8220;100px&#8220; el_height=&#8220;2&#8243;][vc_custom_heading uncode_shortcode_id=&#8220;720774&#8243;]Unser Auftrag[\/vc_custom_heading][vc_column_text uncode_shortcode_id=&#8220;143567&#8243;]Wir helfen Privatpersonen, das richtige Haus f\u00fcr ihre Bed\u00fcrfnisse von vertrauensw\u00fcrdigen Anbietern weltweit zu kaufen.<\/p>\n<p>Wir erleichtern die Bewertung und Auswahl von kleinen H\u00e4usern in einem nahtlosen Online-Erlebnis.[\/vc_column_text][\/vc_column][vc_column width=&#8220;1\/2&#8243;][vc_single_image media=&#8220;116&#8243; media_width_percent=&#8220;100&#8243; media_ratio=&#8220;three-two&#8220; uncode_shortcode_id=&#8220;111763&#8243;][\/vc_column][\/vc_row][vc_row][vc_column width=&#8220;1\/2&#8243;][vc_separator sep_color=&#8220;color-jevc&#8220; uncode_shortcode_id=&#8220;582062&#8243; sep_color_type=&#8220;uncode-palette&#8220; el_width=&#8220;100px&#8220; el_height=&#8220;2&#8243;][vc_custom_heading uncode_shortcode_id=&#8220;745191&#8243;]Kontakt[\/vc_custom_heading][vc_column_text uncode_shortcode_id=&#8220;306688&#8243;]Wenn Sie Kontakt aufnehmen m\u00f6chten. Kontaktieren Sie uns unter <a href=\"mailto:info@lumohouses.com\">info@lumohouses.com<\/a>[\/vc_column_text][\/vc_column][vc_column width=&#8220;1\/2&#8243;][\/vc_column][\/vc_row]<\/p>\n<\/div>","protected":false},"excerpt":{"rendered":"<p>[vc_row row_height_percent=&#8220;0&#8243; overlay_alpha=&#8220;50&#8243; gutter_size=&#8220;3&#8243; column_width_percent=&#8220;100&#8243; shift_y=&#8220;0&#8243; z_index=&#8220;0&#8243; uncode_shortcode_id=&#8220;173974&#8243; row_height_pixel=&#8220;300&#8243;][vc_column column_width_percent=&#8220;100&#8243; position_vertical=&#8220;middle&#8220; gutter_size=&#8220;3&#8243; overlay_alpha=&#8220;50&#8243; shift_x=&#8220;0&#8243; shift_y=&#8220;0&#8243; shift_y_down=&#8220;0&#8243; z_index=&#8220;0&#8243; medium_width=&#8220;0&#8243; mobile_width=&#8220;0&#8243; width=&#8220;1\/1&#8243; [&hellip;]<\/p>\n","protected":false},"author":1,"featured_media":0,"parent":0,"menu_order":0,"comment_status":"closed","ping_status":"closed","template":"","meta":{"_acf_changed":false,"footnotes":""},"class_list":["post-4162","page","type-page","status-publish","hentry"],"acf":[],"yoast_head":"<!-- This site is optimized with the Yoast SEO plugin v25.7 - https:\/\/yoast.com\/wordpress\/plugins\/seo\/ -->\n<title>About us - Lumo Houses<\/title>\n<meta name=\"description\" content=\"Wir glauben, dass kleinere und nachhaltige H\u00e4user ein Teil der L\u00f6sung f\u00fcr die Klimakrise sind. Unser Ziel: den Kauf von kleineren &amp; nachhaltigen H\u00e4usern zu vereinfachen.\" \/>\n<meta name=\"robots\" content=\"index, follow, max-snippet:-1, max-image-preview:large, max-video-preview:-1\" \/>\n<link rel=\"canonical\" href=\"https:\/\/lumohouses.com\/de\/uber-uns\/\" \/>\n<meta property=\"og:locale\" content=\"de_DE\" \/>\n<meta property=\"og:type\" content=\"article\" \/>\n<meta property=\"og:title\" content=\"About us - Lumo Houses\" \/>\n<meta property=\"og:description\" content=\"Wir glauben, dass kleinere und nachhaltige H\u00e4user ein Teil der L\u00f6sung f\u00fcr die Klimakrise sind. Unser Ziel: den Kauf von kleineren &amp; nachhaltigen H\u00e4usern zu vereinfachen.\" \/>\n<meta property=\"og:url\" content=\"https:\/\/lumohouses.com\/de\/uber-uns\/\" \/>\n<meta property=\"og:site_name\" content=\"Lumo Houses\" \/>\n<meta property=\"article:publisher\" content=\"https:\/\/www.facebook.com\/lumohouses\/\" \/>\n<meta property=\"article:modified_time\" content=\"2025-01-08T08:15:12+00:00\" \/>\n<meta name=\"twitter:card\" content=\"summary_large_image\" \/>\n<meta name=\"twitter:site\" content=\"@lumo_houses\" \/>\n<script type=\"application\/ld+json\" class=\"yoast-schema-graph\">{\"@context\":\"https:\/\/schema.org\",\"@graph\":[{\"@type\":\"WebPage\",\"@id\":\"https:\/\/lumohouses.com\/de\/uber-uns\/\",\"url\":\"https:\/\/lumohouses.com\/de\/uber-uns\/\",\"name\":\"About us - Lumo Houses\",\"isPartOf\":{\"@id\":\"https:\/\/lumohouses.com\/de\/#website\"},\"datePublished\":\"2022-03-30T12:15:47+00:00\",\"dateModified\":\"2025-01-08T08:15:12+00:00\",\"description\":\"Wir glauben, dass kleinere und nachhaltige H\u00e4user ein Teil der L\u00f6sung f\u00fcr die Klimakrise sind. Unser Ziel: den Kauf von kleineren & nachhaltigen H\u00e4usern zu vereinfachen.\",\"breadcrumb\":{\"@id\":\"https:\/\/lumohouses.com\/de\/uber-uns\/#breadcrumb\"},\"inLanguage\":\"de\",\"potentialAction\":[{\"@type\":\"ReadAction\",\"target\":[\"https:\/\/lumohouses.com\/de\/uber-uns\/\"]}]},{\"@type\":\"BreadcrumbList\",\"@id\":\"https:\/\/lumohouses.com\/de\/uber-uns\/#breadcrumb\",\"itemListElement\":[{\"@type\":\"ListItem\",\"position\":1,\"name\":\"Home\",\"item\":\"https:\/\/lumohouses.com\/de\/\"},{\"@type\":\"ListItem\",\"position\":2,\"name\":\"\u00dcber\"}]},{\"@type\":\"WebSite\",\"@id\":\"https:\/\/lumohouses.com\/de\/#website\",\"url\":\"https:\/\/lumohouses.com\/de\/\",\"name\":\"Lumo Houses\",\"description\":\"Finden Sie Ihr nachhaltiges Fertighaus.\",\"publisher\":{\"@id\":\"https:\/\/lumohouses.com\/de\/#organization\"},\"potentialAction\":[{\"@type\":\"SearchAction\",\"target\":{\"@type\":\"EntryPoint\",\"urlTemplate\":\"https:\/\/lumohouses.com\/de\/?s={search_term_string}\"},\"query-input\":{\"@type\":\"PropertyValueSpecification\",\"valueRequired\":true,\"valueName\":\"search_term_string\"}}],\"inLanguage\":\"de\"},{\"@type\":\"Organization\",\"@id\":\"https:\/\/lumohouses.com\/de\/#organization\",\"name\":\"Lumo Houses\",\"url\":\"https:\/\/lumohouses.com\/de\/\",\"logo\":{\"@type\":\"ImageObject\",\"inLanguage\":\"de\",\"@id\":\"https:\/\/lumohouses.com\/de\/#\/schema\/logo\/image\/\",\"url\":\"https:\/\/lumohouses.com\/wp-content\/uploads\/2022\/04\/logo-lumohouses.png\",\"contentUrl\":\"https:\/\/lumohouses.com\/wp-content\/uploads\/2022\/04\/logo-lumohouses.png\",\"width\":380,\"height\":58,\"caption\":\"Lumo Houses\"},\"image\":{\"@id\":\"https:\/\/lumohouses.com\/de\/#\/schema\/logo\/image\/\"},\"sameAs\":[\"https:\/\/www.facebook.com\/lumohouses\/\",\"https:\/\/x.com\/lumo_houses\"]}]}<\/script>\n<!-- \/ Yoast SEO plugin. -->","yoast_head_json":{"title":"About us - Lumo Houses","description":"Wir glauben, dass kleinere und nachhaltige H\u00e4user ein Teil der L\u00f6sung f\u00fcr die Klimakrise sind. Unser Ziel: den Kauf von kleineren & nachhaltigen H\u00e4usern zu vereinfachen.","robots":{"index":"index","follow":"follow","max-snippet":"max-snippet:-1","max-image-preview":"max-image-preview:large","max-video-preview":"max-video-preview:-1"},"canonical":"https:\/\/lumohouses.com\/de\/uber-uns\/","og_locale":"de_DE","og_type":"article","og_title":"About us - Lumo Houses","og_description":"Wir glauben, dass kleinere und nachhaltige H\u00e4user ein Teil der L\u00f6sung f\u00fcr die Klimakrise sind. Unser Ziel: den Kauf von kleineren & nachhaltigen H\u00e4usern zu vereinfachen.","og_url":"https:\/\/lumohouses.com\/de\/uber-uns\/","og_site_name":"Lumo Houses","article_publisher":"https:\/\/www.facebook.com\/lumohouses\/","article_modified_time":"2025-01-08T08:15:12+00:00","twitter_card":"summary_large_image","twitter_site":"@lumo_houses","schema":{"@context":"https:\/\/schema.org","@graph":[{"@type":"WebPage","@id":"https:\/\/lumohouses.com\/de\/uber-uns\/","url":"https:\/\/lumohouses.com\/de\/uber-uns\/","name":"About us - Lumo Houses","isPartOf":{"@id":"https:\/\/lumohouses.com\/de\/#website"},"datePublished":"2022-03-30T12:15:47+00:00","dateModified":"2025-01-08T08:15:12+00:00","description":"Wir glauben, dass kleinere und nachhaltige H\u00e4user ein Teil der L\u00f6sung f\u00fcr die Klimakrise sind. Unser Ziel: den Kauf von kleineren & nachhaltigen H\u00e4usern zu vereinfachen.","breadcrumb":{"@id":"https:\/\/lumohouses.com\/de\/uber-uns\/#breadcrumb"},"inLanguage":"de","potentialAction":[{"@type":"ReadAction","target":["https:\/\/lumohouses.com\/de\/uber-uns\/"]}]},{"@type":"BreadcrumbList","@id":"https:\/\/lumohouses.com\/de\/uber-uns\/#breadcrumb","itemListElement":[{"@type":"ListItem","position":1,"name":"Home","item":"https:\/\/lumohouses.com\/de\/"},{"@type":"ListItem","position":2,"name":"\u00dcber"}]},{"@type":"WebSite","@id":"https:\/\/lumohouses.com\/de\/#website","url":"https:\/\/lumohouses.com\/de\/","name":"Lumo Houses","description":"Finden Sie Ihr nachhaltiges Fertighaus.","publisher":{"@id":"https:\/\/lumohouses.com\/de\/#organization"},"potentialAction":[{"@type":"SearchAction","target":{"@type":"EntryPoint","urlTemplate":"https:\/\/lumohouses.com\/de\/?s={search_term_string}"},"query-input":{"@type":"PropertyValueSpecification","valueRequired":true,"valueName":"search_term_string"}}],"inLanguage":"de"},{"@type":"Organization","@id":"https:\/\/lumohouses.com\/de\/#organization","name":"Lumo Houses","url":"https:\/\/lumohouses.com\/de\/","logo":{"@type":"ImageObject","inLanguage":"de","@id":"https:\/\/lumohouses.com\/de\/#\/schema\/logo\/image\/","url":"https:\/\/lumohouses.com\/wp-content\/uploads\/2022\/04\/logo-lumohouses.png","contentUrl":"https:\/\/lumohouses.com\/wp-content\/uploads\/2022\/04\/logo-lumohouses.png","width":380,"height":58,"caption":"Lumo Houses"},"image":{"@id":"https:\/\/lumohouses.com\/de\/#\/schema\/logo\/image\/"},"sameAs":["https:\/\/www.facebook.com\/lumohouses\/","https:\/\/x.com\/lumo_houses"]}]}},"_links":{"self":[{"href":"https:\/\/lumohouses.com\/de\/wp-json\/wp\/v2\/pages\/4162","targetHints":{"allow":["GET"]}}],"collection":[{"href":"https:\/\/lumohouses.com\/de\/wp-json\/wp\/v2\/pages"}],"about":[{"href":"https:\/\/lumohouses.com\/de\/wp-json\/wp\/v2\/types\/page"}],"author":[{"embeddable":true,"href":"https:\/\/lumohouses.com\/de\/wp-json\/wp\/v2\/users\/1"}],"replies":[{"embeddable":true,"href":"https:\/\/lumohouses.com\/de\/wp-json\/wp\/v2\/comments?post=4162"}],"version-history":[{"count":0,"href":"https:\/\/lumohouses.com\/de\/wp-json\/wp\/v2\/pages\/4162\/revisions"}],"wp:attachment":[{"href":"https:\/\/lumohouses.com\/de\/wp-json\/wp\/v2\/media?parent=4162"}],"curies":[{"name":"wp","href":"https:\/\/api.w.org\/{rel}","templated":true}]}}