{"id":4185,"date":"2023-07-18T15:14:56","date_gmt":"2023-07-18T15:14:56","guid":{"rendered":"https:\/\/lumohouses.com\/browse\/3-bedrooms-modular-homes\/"},"modified":"2025-01-08T08:20:55","modified_gmt":"2025-01-08T08:20:55","slug":"3-bedrooms-modular-homes","status":"publish","type":"page","link":"https:\/\/lumohouses.com\/de\/browse\/3-bedrooms-modular-homes\/","title":{"rendered":"3 Schlafzimmer modulare H\u00e4user"},"content":{"rendered":"<div class=\"wpb-content-wrapper\"><p>[vc_row row_height_percent=&#8220;0&#8243; overlay_alpha=&#8220;50&#8243; gutter_size=&#8220;3&#8243; column_width_percent=&#8220;100&#8243; shift_y=&#8220;0&#8243; z_index=&#8220;0&#8243; uncode_shortcode_id=&#8220;306976&#8243;][vc_column width=&#8220;1\/1&#8243;][vc_custom_heading heading_semantic=&#8220;h1&#8243; text_size=&#8220;h1&#8243; uncode_shortcode_id=&#8220;182710&#8243;]3 Schlafzimmer modulare H\u00e4user[\/vc_custom_heading][vc_column_text uncode_shortcode_id=&#8220;110821&#8243;]Dies ist eine Auswahl an 3-Schlafzimmer-Modulh\u00e4usern in unserer Datenbank.[\/vc_column_text][\/vc_column][\/vc_row][vc_row row_height_percent=&#8220;0&#8243; overlay_alpha=&#8220;50&#8243; gutter_size=&#8220;3&#8243; column_width_percent=&#8220;100&#8243; shift_y=&#8220;0&#8243; z_index=&#8220;0&#8243; uncode_shortcode_id=&#8220;175063&#8243; el_id=&#8220;modelLister&#8220;][vc_column width=&#8220;1\/1&#8243;][uncode_index el_id=&#8220;index-133718&#8243; isotope_mode=&#8220;fitRows&#8220; loop=&#8220;size:10|order_by:date|post_type:models|categories:64|taxonomy_count:10&#8243; screen_lg=&#8220;1000&#8243; screen_md=&#8220;600&#8243; screen_sm=&#8220;480&#8243; gutter_size=&#8220;3&#8243; models_items=&#8220;media|featured|onpost|original,title,detail-173039-price-description&#8220; infinite=&#8220;yes&#8220; infinite_button=&#8220;yes&#8220; images_size=&#8220;one-one&#8220; single_overlay_opacity=&#8220;50&#8243; single_padding=&#8220;2&#8243; single_title_family=&#8220;font-555555&#8243; single_title_dimension=&#8220;h4&#8243; no_double_tap=&#8220;yes&#8220; uncode_shortcode_id=&#8220;116403&#8243;][vc_column_text uncode_shortcode_id=&#8220;197833&#8243;]Tauchen Sie ein in die Welt der modernen Eleganz mit dem vielf\u00e4ltigen Angebot an Modulh\u00e4usern mit 3 Schlafzimmern.<\/p>\n<p>Unser Sortiment ist auf die Dynamik des modernen Lebens zugeschnitten und bietet eine harmonische Mischung aus Design, Zweckm\u00e4\u00dfigkeit und dauerhafter Qualit\u00e4t. Diese modularen H\u00e4user mit 3 Schlafzimmern bieten reichlich Platz und sind damit die perfekte Wahl f\u00fcr wachsende Familien oder Einzelpersonen, die eine Mischung aus modernem und gem\u00fctlichem Wohnen suchen.<\/p>\n<p>Die schlichte Design\u00e4sthetik gepaart mit einer funktionalen Aufteilung machen unsere H\u00e4user zu einer begehrten Wahl f\u00fcr alle, die ein einfaches und doch luxuri\u00f6ses Wohnumfeld anstreben. Der modulare Rahmen sorgt f\u00fcr einen nahtlosen, problemlosen Aufbau und stellt eine nachhaltige, wartungsarme Wohnl\u00f6sung dar, ohne Kompromisse bei Komfort und Stil einzugehen.[\/vc_column_text][\/vc_column][\/vc_row]<\/p>\n<\/div>","protected":false},"excerpt":{"rendered":"<p>[vc_row row_height_percent=&#8220;0&#8243; overlay_alpha=&#8220;50&#8243; gutter_size=&#8220;3&#8243; column_width_percent=&#8220;100&#8243; shift_y=&#8220;0&#8243; z_index=&#8220;0&#8243; uncode_shortcode_id=&#8220;306976&#8243;][vc_column width=&#8220;1\/1&#8243;][vc_custom_heading heading_semantic=&#8220;h1&#8243; text_size=&#8220;h1&#8243; uncode_shortcode_id=&#8220;182710&#8243;]3 Schlafzimmer modulare H\u00e4user[\/vc_custom_heading][vc_column_text uncode_shortcode_id=&#8220;110821&#8243;]Dies ist eine Auswahl an [&hellip;]<\/p>\n","protected":false},"author":1,"featured_media":0,"parent":4171,"menu_order":0,"comment_status":"closed","ping_status":"closed","template":"","meta":{"_acf_changed":false,"footnotes":""},"class_list":["post-4185","page","type-page","status-publish","hentry"],"acf":[],"yoast_head":"<!-- This site is optimized with the Yoast SEO plugin v25.7 - https:\/\/yoast.com\/wordpress\/plugins\/seo\/ -->\n<title>3 Schlafzimmer modulare H\u00e4user - Lumo Houses<\/title>\n<meta name=\"robots\" content=\"index, follow, max-snippet:-1, max-image-preview:large, max-video-preview:-1\" \/>\n<link rel=\"canonical\" href=\"https:\/\/lumohouses.com\/de\/browse\/3-bedrooms-modular-homes\/\" \/>\n<meta property=\"og:locale\" content=\"de_DE\" \/>\n<meta property=\"og:type\" content=\"article\" \/>\n<meta property=\"og:title\" content=\"3 Schlafzimmer modulare H\u00e4user - Lumo Houses\" \/>\n<meta property=\"og:description\" content=\"[vc_row row_height_percent=&#8220;0&#8243; overlay_alpha=&#8220;50&#8243; gutter_size=&#8220;3&#8243; column_width_percent=&#8220;100&#8243; shift_y=&#8220;0&#8243; z_index=&#8220;0&#8243; uncode_shortcode_id=&#8220;306976&#8243;][vc_column width=&#8220;1\/1&#8243;][vc_custom_heading heading_semantic=&#8220;h1&#8243; text_size=&#8220;h1&#8243; uncode_shortcode_id=&#8220;182710&#8243;]3 Schlafzimmer modulare H\u00e4user[\/vc_custom_heading][vc_column_text uncode_shortcode_id=&#8220;110821&#8243;]Dies ist eine Auswahl an [&hellip;]\" \/>\n<meta property=\"og:url\" content=\"https:\/\/lumohouses.com\/de\/browse\/3-bedrooms-modular-homes\/\" \/>\n<meta property=\"og:site_name\" content=\"Lumo Houses\" \/>\n<meta property=\"article:publisher\" content=\"https:\/\/www.facebook.com\/lumohouses\/\" \/>\n<meta property=\"article:modified_time\" content=\"2025-01-08T08:20:55+00:00\" \/>\n<meta name=\"twitter:card\" content=\"summary_large_image\" \/>\n<meta name=\"twitter:site\" content=\"@lumo_houses\" \/>\n<script type=\"application\/ld+json\" class=\"yoast-schema-graph\">{\"@context\":\"https:\/\/schema.org\",\"@graph\":[{\"@type\":\"WebPage\",\"@id\":\"https:\/\/lumohouses.com\/de\/browse\/3-bedrooms-modular-homes\/\",\"url\":\"https:\/\/lumohouses.com\/de\/browse\/3-bedrooms-modular-homes\/\",\"name\":\"3 Schlafzimmer modulare H\u00e4user - Lumo Houses\",\"isPartOf\":{\"@id\":\"https:\/\/lumohouses.com\/de\/#website\"},\"datePublished\":\"2023-07-18T15:14:56+00:00\",\"dateModified\":\"2025-01-08T08:20:55+00:00\",\"breadcrumb\":{\"@id\":\"https:\/\/lumohouses.com\/de\/browse\/3-bedrooms-modular-homes\/#breadcrumb\"},\"inLanguage\":\"de\",\"potentialAction\":[{\"@type\":\"ReadAction\",\"target\":[\"https:\/\/lumohouses.com\/de\/browse\/3-bedrooms-modular-homes\/\"]}]},{\"@type\":\"BreadcrumbList\",\"@id\":\"https:\/\/lumohouses.com\/de\/browse\/3-bedrooms-modular-homes\/#breadcrumb\",\"itemListElement\":[{\"@type\":\"ListItem\",\"position\":1,\"name\":\"Home\",\"item\":\"https:\/\/lumohouses.com\/de\/\"},{\"@type\":\"ListItem\",\"position\":2,\"name\":\"Durchsuchen\",\"item\":\"https:\/\/lumohouses.com\/de\/browse\/\"},{\"@type\":\"ListItem\",\"position\":3,\"name\":\"3 Schlafzimmer modulare H\u00e4user\"}]},{\"@type\":\"WebSite\",\"@id\":\"https:\/\/lumohouses.com\/de\/#website\",\"url\":\"https:\/\/lumohouses.com\/de\/\",\"name\":\"Lumo Houses\",\"description\":\"Finden Sie Ihr nachhaltiges Fertighaus.\",\"publisher\":{\"@id\":\"https:\/\/lumohouses.com\/de\/#organization\"},\"potentialAction\":[{\"@type\":\"SearchAction\",\"target\":{\"@type\":\"EntryPoint\",\"urlTemplate\":\"https:\/\/lumohouses.com\/de\/?s={search_term_string}\"},\"query-input\":{\"@type\":\"PropertyValueSpecification\",\"valueRequired\":true,\"valueName\":\"search_term_string\"}}],\"inLanguage\":\"de\"},{\"@type\":\"Organization\",\"@id\":\"https:\/\/lumohouses.com\/de\/#organization\",\"name\":\"Lumo Houses\",\"url\":\"https:\/\/lumohouses.com\/de\/\",\"logo\":{\"@type\":\"ImageObject\",\"inLanguage\":\"de\",\"@id\":\"https:\/\/lumohouses.com\/de\/#\/schema\/logo\/image\/\",\"url\":\"https:\/\/lumohouses.com\/wp-content\/uploads\/2022\/04\/logo-lumohouses.png\",\"contentUrl\":\"https:\/\/lumohouses.com\/wp-content\/uploads\/2022\/04\/logo-lumohouses.png\",\"width\":380,\"height\":58,\"caption\":\"Lumo Houses\"},\"image\":{\"@id\":\"https:\/\/lumohouses.com\/de\/#\/schema\/logo\/image\/\"},\"sameAs\":[\"https:\/\/www.facebook.com\/lumohouses\/\",\"https:\/\/x.com\/lumo_houses\"]}]}<\/script>\n<!-- \/ Yoast SEO plugin. -->","yoast_head_json":{"title":"3 Schlafzimmer modulare H\u00e4user - Lumo Houses","robots":{"index":"index","follow":"follow","max-snippet":"max-snippet:-1","max-image-preview":"max-image-preview:large","max-video-preview":"max-video-preview:-1"},"canonical":"https:\/\/lumohouses.com\/de\/browse\/3-bedrooms-modular-homes\/","og_locale":"de_DE","og_type":"article","og_title":"3 Schlafzimmer modulare H\u00e4user - Lumo Houses","og_description":"[vc_row row_height_percent=&#8220;0&#8243; overlay_alpha=&#8220;50&#8243; gutter_size=&#8220;3&#8243; column_width_percent=&#8220;100&#8243; shift_y=&#8220;0&#8243; z_index=&#8220;0&#8243; uncode_shortcode_id=&#8220;306976&#8243;][vc_column width=&#8220;1\/1&#8243;][vc_custom_heading heading_semantic=&#8220;h1&#8243; text_size=&#8220;h1&#8243; uncode_shortcode_id=&#8220;182710&#8243;]3 Schlafzimmer modulare H\u00e4user[\/vc_custom_heading][vc_column_text uncode_shortcode_id=&#8220;110821&#8243;]Dies ist eine Auswahl an [&hellip;]","og_url":"https:\/\/lumohouses.com\/de\/browse\/3-bedrooms-modular-homes\/","og_site_name":"Lumo Houses","article_publisher":"https:\/\/www.facebook.com\/lumohouses\/","article_modified_time":"2025-01-08T08:20:55+00:00","twitter_card":"summary_large_image","twitter_site":"@lumo_houses","schema":{"@context":"https:\/\/schema.org","@graph":[{"@type":"WebPage","@id":"https:\/\/lumohouses.com\/de\/browse\/3-bedrooms-modular-homes\/","url":"https:\/\/lumohouses.com\/de\/browse\/3-bedrooms-modular-homes\/","name":"3 Schlafzimmer modulare H\u00e4user - Lumo Houses","isPartOf":{"@id":"https:\/\/lumohouses.com\/de\/#website"},"datePublished":"2023-07-18T15:14:56+00:00","dateModified":"2025-01-08T08:20:55+00:00","breadcrumb":{"@id":"https:\/\/lumohouses.com\/de\/browse\/3-bedrooms-modular-homes\/#breadcrumb"},"inLanguage":"de","potentialAction":[{"@type":"ReadAction","target":["https:\/\/lumohouses.com\/de\/browse\/3-bedrooms-modular-homes\/"]}]},{"@type":"BreadcrumbList","@id":"https:\/\/lumohouses.com\/de\/browse\/3-bedrooms-modular-homes\/#breadcrumb","itemListElement":[{"@type":"ListItem","position":1,"name":"Home","item":"https:\/\/lumohouses.com\/de\/"},{"@type":"ListItem","position":2,"name":"Durchsuchen","item":"https:\/\/lumohouses.com\/de\/browse\/"},{"@type":"ListItem","position":3,"name":"3 Schlafzimmer modulare H\u00e4user"}]},{"@type":"WebSite","@id":"https:\/\/lumohouses.com\/de\/#website","url":"https:\/\/lumohouses.com\/de\/","name":"Lumo Houses","description":"Finden Sie Ihr nachhaltiges Fertighaus.","publisher":{"@id":"https:\/\/lumohouses.com\/de\/#organization"},"potentialAction":[{"@type":"SearchAction","target":{"@type":"EntryPoint","urlTemplate":"https:\/\/lumohouses.com\/de\/?s={search_term_string}"},"query-input":{"@type":"PropertyValueSpecification","valueRequired":true,"valueName":"search_term_string"}}],"inLanguage":"de"},{"@type":"Organization","@id":"https:\/\/lumohouses.com\/de\/#organization","name":"Lumo Houses","url":"https:\/\/lumohouses.com\/de\/","logo":{"@type":"ImageObject","inLanguage":"de","@id":"https:\/\/lumohouses.com\/de\/#\/schema\/logo\/image\/","url":"https:\/\/lumohouses.com\/wp-content\/uploads\/2022\/04\/logo-lumohouses.png","contentUrl":"https:\/\/lumohouses.com\/wp-content\/uploads\/2022\/04\/logo-lumohouses.png","width":380,"height":58,"caption":"Lumo Houses"},"image":{"@id":"https:\/\/lumohouses.com\/de\/#\/schema\/logo\/image\/"},"sameAs":["https:\/\/www.facebook.com\/lumohouses\/","https:\/\/x.com\/lumo_houses"]}]}},"_links":{"self":[{"href":"https:\/\/lumohouses.com\/de\/wp-json\/wp\/v2\/pages\/4185","targetHints":{"allow":["GET"]}}],"collection":[{"href":"https:\/\/lumohouses.com\/de\/wp-json\/wp\/v2\/pages"}],"about":[{"href":"https:\/\/lumohouses.com\/de\/wp-json\/wp\/v2\/types\/page"}],"author":[{"embeddable":true,"href":"https:\/\/lumohouses.com\/de\/wp-json\/wp\/v2\/users\/1"}],"replies":[{"embeddable":true,"href":"https:\/\/lumohouses.com\/de\/wp-json\/wp\/v2\/comments?post=4185"}],"version-history":[{"count":0,"href":"https:\/\/lumohouses.com\/de\/wp-json\/wp\/v2\/pages\/4185\/revisions"}],"up":[{"embeddable":true,"href":"https:\/\/lumohouses.com\/de\/wp-json\/wp\/v2\/pages\/4171"}],"wp:attachment":[{"href":"https:\/\/lumohouses.com\/de\/wp-json\/wp\/v2\/media?parent=4185"}],"curies":[{"name":"wp","href":"https:\/\/api.w.org\/{rel}","templated":true}]}}