{"id":4203,"date":"2023-04-13T14:20:08","date_gmt":"2023-04-13T14:20:08","guid":{"rendered":"https:\/\/lumohouses.com\/browse\/prefabricated-houses-under-100k-eur\/"},"modified":"2025-01-08T08:22:22","modified_gmt":"2025-01-08T08:22:22","slug":"prefabricated-houses-under-100k-eur","status":"publish","type":"page","link":"https:\/\/lumohouses.com\/de\/browse\/prefabricated-houses-under-100k-eur\/","title":{"rendered":"Fertigh\u00e4user unter 100k EUR"},"content":{"rendered":"<div class=\"wpb-content-wrapper\"><p>[vc_row][vc_column width=&#8220;1\/1&#8243;][vc_custom_heading uncode_shortcode_id=&#8220;883264&#8243;]<\/p>\n<h1>Fertighaus unter 100k EUR<\/h1>\n<p>[\/vc_custom_heading][vc_column_text uncode_shortcode_id=&#8220;143401&#8243;]Wir pr\u00e4sentieren Ihnen eine sorgf\u00e4ltig zusammengestellte Auswahl an M\u00f6glichkeiten und aktuellen Trends bei modernen Fertigh\u00e4usern unter 100.000 Euro.[\/vc_column_text][\/vc_column][\/vc_row][vc_row row_height_percent=&#8220;0&#8243; overlay_alpha=&#8220;50&#8243; gutter_size=&#8220;3&#8243; column_width_percent=&#8220;100&#8243; shift_y=&#8220;0&#8243; z_index=&#8220;0&#8243; uncode_shortcode_id=&#8220;462992&#8243; el_id=&#8220;modelLister&#8220;][vc_column width=&#8220;1\/1&#8243;][uncode_index el_id=&#8220;index-971737&#8243; isotope_mode=&#8220;fitRows&#8220; loop=&#8220;size:12|order_by:title|order:ASC|post_type:models|categories:36,35|taxonomy_count:10&#8243; screen_lg=&#8220;1000&#8243; screen_md=&#8220;600&#8243; screen_sm=&#8220;480&#8243; gutter_size=&#8220;3&#8243; models_items=&#8220;media|featured|onpost|original,title,detail-173039-price-description&#8220; infinite=&#8220;yes&#8220; infinite_button=&#8220;yes&#8220; images_size=&#8220;one-one&#8220; single_overlay_opacity=&#8220;50&#8243; single_padding=&#8220;2&#8243; single_title_family=&#8220;font-555555&#8243; single_title_dimension=&#8220;h4&#8243; single_text_lead=&#8220;small&#8220; no_double_tap=&#8220;yes&#8220; uncode_shortcode_id=&#8220;265849&#8243;][vc_column_text uncode_shortcode_id=&#8220;153845&#8243;]Begeben Sie sich auf eine Reise in die moderne Eleganz mit unserer Auswahl an bemerkenswerten Fertigh\u00e4usern f\u00fcr unter 100k EUR.<\/p>\n<p>Diese Kollektion wurde nach Ma\u00df entworfen, um den Anspr\u00fcchen des modernen Lebens gerecht zu werden, ohne das Budget zu sprengen. Sie bietet eine perfekte Mischung aus Stil, Funktionalit\u00e4t und dauerhafter Qualit\u00e4t in einer Reihe von Schlafzimmergr\u00f6\u00dfen.<\/p>\n<p>Diese budgetfreundlichen Fertigh\u00e4user bieten vielseitige Rauml\u00f6sungen und sind damit die erste Wahl f\u00fcr Einzelpersonen oder Familien jeder Gr\u00f6\u00dfe, die sich eine Mischung aus Komfort und modernem Wohnen w\u00fcnschen, ohne daf\u00fcr ein hohes Preisschild zu tragen. Die zeitgen\u00f6ssische Design\u00e4sthetik gepaart mit praktischen Grundrissen machen diese H\u00e4user zu einer attraktiven Wahl f\u00fcr alle, die ein einfaches und doch raffiniertes Wohnumfeld anstreben.<\/p>\n<p>Der vorgefertigte Charakter garantiert einen reibungslosen, problemlosen Aufbau und stellt eine nachhaltige, wartungsarme Wohnalternative dar, ohne auf Komfort zu verzichten. Unsere Auswahl zeugt von h\u00f6chster Qualit\u00e4t und bietet einen erschwinglichen Zugang zu modernem, anspruchsvollem Wohnen.[\/vc_column_text][\/vc_column][\/vc_row]<\/p>\n<\/div>","protected":false},"excerpt":{"rendered":"<p>[vc_row][vc_column width=&#8220;1\/1&#8243;][vc_custom_heading uncode_shortcode_id=&#8220;883264&#8243;] Fertighaus unter 100k EUR [\/vc_custom_heading][vc_column_text uncode_shortcode_id=&#8220;143401&#8243;]Wir pr\u00e4sentieren Ihnen eine sorgf\u00e4ltig zusammengestellte Auswahl an M\u00f6glichkeiten und aktuellen Trends [&hellip;]<\/p>\n","protected":false},"author":1,"featured_media":0,"parent":4171,"menu_order":0,"comment_status":"closed","ping_status":"closed","template":"","meta":{"_acf_changed":false,"footnotes":""},"class_list":["post-4203","page","type-page","status-publish","hentry"],"acf":[],"yoast_head":"<!-- This site is optimized with the Yoast SEO plugin v25.7 - https:\/\/yoast.com\/wordpress\/plugins\/seo\/ -->\n<title>Fertigh\u00e4user unter 100k EUR - Lumo Houses<\/title>\n<meta name=\"robots\" content=\"index, follow, max-snippet:-1, max-image-preview:large, max-video-preview:-1\" \/>\n<link rel=\"canonical\" href=\"https:\/\/lumohouses.com\/de\/browse\/prefabricated-houses-under-100k-eur\/\" \/>\n<meta property=\"og:locale\" content=\"de_DE\" \/>\n<meta property=\"og:type\" content=\"article\" \/>\n<meta property=\"og:title\" content=\"Fertigh\u00e4user unter 100k EUR - Lumo Houses\" \/>\n<meta property=\"og:description\" content=\"[vc_row][vc_column width=&#8220;1\/1&#8243;][vc_custom_heading uncode_shortcode_id=&#8220;883264&#8243;] Fertighaus unter 100k EUR [\/vc_custom_heading][vc_column_text uncode_shortcode_id=&#8220;143401&#8243;]Wir pr\u00e4sentieren Ihnen eine sorgf\u00e4ltig zusammengestellte Auswahl an M\u00f6glichkeiten und aktuellen Trends [&hellip;]\" \/>\n<meta property=\"og:url\" content=\"https:\/\/lumohouses.com\/de\/browse\/prefabricated-houses-under-100k-eur\/\" \/>\n<meta property=\"og:site_name\" content=\"Lumo Houses\" \/>\n<meta property=\"article:publisher\" content=\"https:\/\/www.facebook.com\/lumohouses\/\" \/>\n<meta property=\"article:modified_time\" content=\"2025-01-08T08:22:22+00:00\" \/>\n<meta name=\"twitter:card\" content=\"summary_large_image\" \/>\n<meta name=\"twitter:site\" content=\"@lumo_houses\" \/>\n<script type=\"application\/ld+json\" class=\"yoast-schema-graph\">{\"@context\":\"https:\/\/schema.org\",\"@graph\":[{\"@type\":\"WebPage\",\"@id\":\"https:\/\/lumohouses.com\/de\/browse\/prefabricated-houses-under-100k-eur\/\",\"url\":\"https:\/\/lumohouses.com\/de\/browse\/prefabricated-houses-under-100k-eur\/\",\"name\":\"Fertigh\u00e4user unter 100k EUR - Lumo Houses\",\"isPartOf\":{\"@id\":\"https:\/\/lumohouses.com\/de\/#website\"},\"datePublished\":\"2023-04-13T14:20:08+00:00\",\"dateModified\":\"2025-01-08T08:22:22+00:00\",\"breadcrumb\":{\"@id\":\"https:\/\/lumohouses.com\/de\/browse\/prefabricated-houses-under-100k-eur\/#breadcrumb\"},\"inLanguage\":\"de\",\"potentialAction\":[{\"@type\":\"ReadAction\",\"target\":[\"https:\/\/lumohouses.com\/de\/browse\/prefabricated-houses-under-100k-eur\/\"]}]},{\"@type\":\"BreadcrumbList\",\"@id\":\"https:\/\/lumohouses.com\/de\/browse\/prefabricated-houses-under-100k-eur\/#breadcrumb\",\"itemListElement\":[{\"@type\":\"ListItem\",\"position\":1,\"name\":\"Home\",\"item\":\"https:\/\/lumohouses.com\/de\/\"},{\"@type\":\"ListItem\",\"position\":2,\"name\":\"Durchsuchen\",\"item\":\"https:\/\/lumohouses.com\/de\/browse\/\"},{\"@type\":\"ListItem\",\"position\":3,\"name\":\"Fertigh\u00e4user unter 100k EUR\"}]},{\"@type\":\"WebSite\",\"@id\":\"https:\/\/lumohouses.com\/de\/#website\",\"url\":\"https:\/\/lumohouses.com\/de\/\",\"name\":\"Lumo Houses\",\"description\":\"Finden Sie Ihr nachhaltiges Fertighaus.\",\"publisher\":{\"@id\":\"https:\/\/lumohouses.com\/de\/#organization\"},\"potentialAction\":[{\"@type\":\"SearchAction\",\"target\":{\"@type\":\"EntryPoint\",\"urlTemplate\":\"https:\/\/lumohouses.com\/de\/?s={search_term_string}\"},\"query-input\":{\"@type\":\"PropertyValueSpecification\",\"valueRequired\":true,\"valueName\":\"search_term_string\"}}],\"inLanguage\":\"de\"},{\"@type\":\"Organization\",\"@id\":\"https:\/\/lumohouses.com\/de\/#organization\",\"name\":\"Lumo Houses\",\"url\":\"https:\/\/lumohouses.com\/de\/\",\"logo\":{\"@type\":\"ImageObject\",\"inLanguage\":\"de\",\"@id\":\"https:\/\/lumohouses.com\/de\/#\/schema\/logo\/image\/\",\"url\":\"https:\/\/lumohouses.com\/wp-content\/uploads\/2022\/04\/logo-lumohouses.png\",\"contentUrl\":\"https:\/\/lumohouses.com\/wp-content\/uploads\/2022\/04\/logo-lumohouses.png\",\"width\":380,\"height\":58,\"caption\":\"Lumo Houses\"},\"image\":{\"@id\":\"https:\/\/lumohouses.com\/de\/#\/schema\/logo\/image\/\"},\"sameAs\":[\"https:\/\/www.facebook.com\/lumohouses\/\",\"https:\/\/x.com\/lumo_houses\"]}]}<\/script>\n<!-- \/ Yoast SEO plugin. -->","yoast_head_json":{"title":"Fertigh\u00e4user unter 100k EUR - Lumo Houses","robots":{"index":"index","follow":"follow","max-snippet":"max-snippet:-1","max-image-preview":"max-image-preview:large","max-video-preview":"max-video-preview:-1"},"canonical":"https:\/\/lumohouses.com\/de\/browse\/prefabricated-houses-under-100k-eur\/","og_locale":"de_DE","og_type":"article","og_title":"Fertigh\u00e4user unter 100k EUR - Lumo Houses","og_description":"[vc_row][vc_column width=&#8220;1\/1&#8243;][vc_custom_heading uncode_shortcode_id=&#8220;883264&#8243;] Fertighaus unter 100k EUR [\/vc_custom_heading][vc_column_text uncode_shortcode_id=&#8220;143401&#8243;]Wir pr\u00e4sentieren Ihnen eine sorgf\u00e4ltig zusammengestellte Auswahl an M\u00f6glichkeiten und aktuellen Trends [&hellip;]","og_url":"https:\/\/lumohouses.com\/de\/browse\/prefabricated-houses-under-100k-eur\/","og_site_name":"Lumo Houses","article_publisher":"https:\/\/www.facebook.com\/lumohouses\/","article_modified_time":"2025-01-08T08:22:22+00:00","twitter_card":"summary_large_image","twitter_site":"@lumo_houses","schema":{"@context":"https:\/\/schema.org","@graph":[{"@type":"WebPage","@id":"https:\/\/lumohouses.com\/de\/browse\/prefabricated-houses-under-100k-eur\/","url":"https:\/\/lumohouses.com\/de\/browse\/prefabricated-houses-under-100k-eur\/","name":"Fertigh\u00e4user unter 100k EUR - Lumo Houses","isPartOf":{"@id":"https:\/\/lumohouses.com\/de\/#website"},"datePublished":"2023-04-13T14:20:08+00:00","dateModified":"2025-01-08T08:22:22+00:00","breadcrumb":{"@id":"https:\/\/lumohouses.com\/de\/browse\/prefabricated-houses-under-100k-eur\/#breadcrumb"},"inLanguage":"de","potentialAction":[{"@type":"ReadAction","target":["https:\/\/lumohouses.com\/de\/browse\/prefabricated-houses-under-100k-eur\/"]}]},{"@type":"BreadcrumbList","@id":"https:\/\/lumohouses.com\/de\/browse\/prefabricated-houses-under-100k-eur\/#breadcrumb","itemListElement":[{"@type":"ListItem","position":1,"name":"Home","item":"https:\/\/lumohouses.com\/de\/"},{"@type":"ListItem","position":2,"name":"Durchsuchen","item":"https:\/\/lumohouses.com\/de\/browse\/"},{"@type":"ListItem","position":3,"name":"Fertigh\u00e4user unter 100k EUR"}]},{"@type":"WebSite","@id":"https:\/\/lumohouses.com\/de\/#website","url":"https:\/\/lumohouses.com\/de\/","name":"Lumo Houses","description":"Finden Sie Ihr nachhaltiges Fertighaus.","publisher":{"@id":"https:\/\/lumohouses.com\/de\/#organization"},"potentialAction":[{"@type":"SearchAction","target":{"@type":"EntryPoint","urlTemplate":"https:\/\/lumohouses.com\/de\/?s={search_term_string}"},"query-input":{"@type":"PropertyValueSpecification","valueRequired":true,"valueName":"search_term_string"}}],"inLanguage":"de"},{"@type":"Organization","@id":"https:\/\/lumohouses.com\/de\/#organization","name":"Lumo Houses","url":"https:\/\/lumohouses.com\/de\/","logo":{"@type":"ImageObject","inLanguage":"de","@id":"https:\/\/lumohouses.com\/de\/#\/schema\/logo\/image\/","url":"https:\/\/lumohouses.com\/wp-content\/uploads\/2022\/04\/logo-lumohouses.png","contentUrl":"https:\/\/lumohouses.com\/wp-content\/uploads\/2022\/04\/logo-lumohouses.png","width":380,"height":58,"caption":"Lumo Houses"},"image":{"@id":"https:\/\/lumohouses.com\/de\/#\/schema\/logo\/image\/"},"sameAs":["https:\/\/www.facebook.com\/lumohouses\/","https:\/\/x.com\/lumo_houses"]}]}},"_links":{"self":[{"href":"https:\/\/lumohouses.com\/de\/wp-json\/wp\/v2\/pages\/4203","targetHints":{"allow":["GET"]}}],"collection":[{"href":"https:\/\/lumohouses.com\/de\/wp-json\/wp\/v2\/pages"}],"about":[{"href":"https:\/\/lumohouses.com\/de\/wp-json\/wp\/v2\/types\/page"}],"author":[{"embeddable":true,"href":"https:\/\/lumohouses.com\/de\/wp-json\/wp\/v2\/users\/1"}],"replies":[{"embeddable":true,"href":"https:\/\/lumohouses.com\/de\/wp-json\/wp\/v2\/comments?post=4203"}],"version-history":[{"count":0,"href":"https:\/\/lumohouses.com\/de\/wp-json\/wp\/v2\/pages\/4203\/revisions"}],"up":[{"embeddable":true,"href":"https:\/\/lumohouses.com\/de\/wp-json\/wp\/v2\/pages\/4171"}],"wp:attachment":[{"href":"https:\/\/lumohouses.com\/de\/wp-json\/wp\/v2\/media?parent=4203"}],"curies":[{"name":"wp","href":"https:\/\/api.w.org\/{rel}","templated":true}]}}