{"id":4209,"date":"2022-10-18T08:24:26","date_gmt":"2022-10-18T08:24:26","guid":{"rendered":"https:\/\/lumohouses.com\/browse\/modular-houses\/"},"modified":"2025-01-08T08:22:49","modified_gmt":"2025-01-08T08:22:49","slug":"modular-houses","status":"publish","type":"page","link":"https:\/\/lumohouses.com\/de\/browse\/modular-houses\/","title":{"rendered":"Modulare H\u00e4user"},"content":{"rendered":"<div class=\"wpb-content-wrapper\"><p>[vc_row][vc_column width=&#8220;1\/1&#8243;][vc_custom_heading heading_semantic=&#8220;h1&#8243; text_size=&#8220;h1&#8243; uncode_shortcode_id=&#8220;115596&#8243;]Modulare H\u00e4user[\/vc_custom_heading][vc_column_text uncode_shortcode_id=&#8220;353775&#8243;]Dies ist eine Auswahl der Modulh\u00e4user, die wir in unserer Datenbank haben. Wir f\u00fcgen st\u00e4ndig neue Modelle hinzu.[\/vc_column_text][\/vc_column][\/vc_row][vc_row row_height_percent=&#8220;0&#8243; overlay_alpha=&#8220;50&#8243; gutter_size=&#8220;3&#8243; column_width_percent=&#8220;100&#8243; shift_y=&#8220;0&#8243; z_index=&#8220;0&#8243; uncode_shortcode_id=&#8220;220368&#8243; el_id=&#8220;modelLister&#8220;][vc_column width=&#8220;1\/1&#8243;][uncode_index el_id=&#8220;index-133718&#8243; loop=&#8220;size:20|order_by:date|post_type:models|categories:38|taxonomy_count:10&#8243; screen_lg=&#8220;1000&#8243; screen_md=&#8220;600&#8243; screen_sm=&#8220;480&#8243; gutter_size=&#8220;3&#8243; models_items=&#8220;media|featured|onpost|original,title,detail-173039-price-description&#8220; infinite=&#8220;yes&#8220; infinite_button=&#8220;yes&#8220; images_size=&#8220;one-one&#8220; single_overlay_opacity=&#8220;50&#8243; single_padding=&#8220;2&#8243; single_title_family=&#8220;font-555555&#8243; single_title_dimension=&#8220;h4&#8243; no_double_tap=&#8220;yes&#8220; uncode_shortcode_id=&#8220;180055&#8243;][vc_column_text uncode_shortcode_id=&#8220;397184&#8243;]Tauchen Sie ein in das Reich der modernen Eleganz mit den von unserer Redaktion ausgew\u00e4hlten au\u00dfergew\u00f6hnlichen Modulh\u00e4usern. Ma\u00dfgeschneidert f\u00fcr die Anforderungen des heutigen Lebensstils, verk\u00f6rpert diese ausgew\u00e4hlte Kollektion eine harmonische Mischung aus Stil, Funktionalit\u00e4t und dauerhafter Qualit\u00e4t in allen Schlafzimmergr\u00f6\u00dfen. Diese modularen H\u00e4user bieten eine Vielzahl von ger\u00e4umigen Grundrissen und sind damit ideal f\u00fcr Einzelpersonen oder Familien jeder Gr\u00f6\u00dfe, die sich nach einer Mischung aus gem\u00fctlichem und modernem Wohnen sehnen. Die moderne Design\u00e4sthetik in Verbindung mit praktischen Grundrissen macht diese H\u00e4user zu einer erstklassigen Wahl f\u00fcr alle, die ein einfaches und doch anspruchsvolles Wohnumfeld suchen. Die modulare Bauweise sorgt f\u00fcr einen reibungslosen, problemlosen Aufbau und bietet eine nachhaltige, wartungsarme Wohnl\u00f6sung, ohne dabei Kompromisse beim Komfort einzugehen. Unsere Auswahl ist ein Versprechen f\u00fcr h\u00f6chste Qualit\u00e4t und erf\u00fcllt die unterschiedlichsten Wohnbed\u00fcrfnisse mit einem Hauch von moderner Raffinesse.[\/vc_column_text][\/vc_column][\/vc_row]<\/p>\n<\/div>","protected":false},"excerpt":{"rendered":"<p>[vc_row][vc_column width=&#8220;1\/1&#8243;][vc_custom_heading heading_semantic=&#8220;h1&#8243; text_size=&#8220;h1&#8243; uncode_shortcode_id=&#8220;115596&#8243;]Modulare H\u00e4user[\/vc_custom_heading][vc_column_text uncode_shortcode_id=&#8220;353775&#8243;]Dies ist eine Auswahl der Modulh\u00e4user, die wir in unserer Datenbank haben. Wir f\u00fcgen [&hellip;]<\/p>\n","protected":false},"author":1,"featured_media":0,"parent":4171,"menu_order":0,"comment_status":"closed","ping_status":"closed","template":"","meta":{"_acf_changed":false,"footnotes":""},"class_list":["post-4209","page","type-page","status-publish","hentry"],"acf":[],"yoast_head":"<!-- This site is optimized with the Yoast SEO plugin v25.7 - https:\/\/yoast.com\/wordpress\/plugins\/seo\/ -->\n<title>Modulare H\u00e4user - Lumo Houses<\/title>\n<meta name=\"robots\" content=\"index, follow, max-snippet:-1, max-image-preview:large, max-video-preview:-1\" \/>\n<link rel=\"canonical\" href=\"https:\/\/lumohouses.com\/de\/browse\/modular-houses\/\" \/>\n<meta property=\"og:locale\" content=\"de_DE\" \/>\n<meta property=\"og:type\" content=\"article\" \/>\n<meta property=\"og:title\" content=\"Modulare H\u00e4user - Lumo Houses\" \/>\n<meta property=\"og:description\" content=\"[vc_row][vc_column width=&#8220;1\/1&#8243;][vc_custom_heading heading_semantic=&#8220;h1&#8243; text_size=&#8220;h1&#8243; uncode_shortcode_id=&#8220;115596&#8243;]Modulare H\u00e4user[\/vc_custom_heading][vc_column_text uncode_shortcode_id=&#8220;353775&#8243;]Dies ist eine Auswahl der Modulh\u00e4user, die wir in unserer Datenbank haben. Wir f\u00fcgen [&hellip;]\" \/>\n<meta property=\"og:url\" content=\"https:\/\/lumohouses.com\/de\/browse\/modular-houses\/\" \/>\n<meta property=\"og:site_name\" content=\"Lumo Houses\" \/>\n<meta property=\"article:publisher\" content=\"https:\/\/www.facebook.com\/lumohouses\/\" \/>\n<meta property=\"article:modified_time\" content=\"2025-01-08T08:22:49+00:00\" \/>\n<meta name=\"twitter:card\" content=\"summary_large_image\" \/>\n<meta name=\"twitter:site\" content=\"@lumo_houses\" \/>\n<script type=\"application\/ld+json\" class=\"yoast-schema-graph\">{\"@context\":\"https:\/\/schema.org\",\"@graph\":[{\"@type\":\"WebPage\",\"@id\":\"https:\/\/lumohouses.com\/de\/browse\/modular-houses\/\",\"url\":\"https:\/\/lumohouses.com\/de\/browse\/modular-houses\/\",\"name\":\"Modulare H\u00e4user - Lumo Houses\",\"isPartOf\":{\"@id\":\"https:\/\/lumohouses.com\/de\/#website\"},\"datePublished\":\"2022-10-18T08:24:26+00:00\",\"dateModified\":\"2025-01-08T08:22:49+00:00\",\"breadcrumb\":{\"@id\":\"https:\/\/lumohouses.com\/de\/browse\/modular-houses\/#breadcrumb\"},\"inLanguage\":\"de\",\"potentialAction\":[{\"@type\":\"ReadAction\",\"target\":[\"https:\/\/lumohouses.com\/de\/browse\/modular-houses\/\"]}]},{\"@type\":\"BreadcrumbList\",\"@id\":\"https:\/\/lumohouses.com\/de\/browse\/modular-houses\/#breadcrumb\",\"itemListElement\":[{\"@type\":\"ListItem\",\"position\":1,\"name\":\"Home\",\"item\":\"https:\/\/lumohouses.com\/de\/\"},{\"@type\":\"ListItem\",\"position\":2,\"name\":\"Durchsuchen\",\"item\":\"https:\/\/lumohouses.com\/de\/browse\/\"},{\"@type\":\"ListItem\",\"position\":3,\"name\":\"Modulare H\u00e4user\"}]},{\"@type\":\"WebSite\",\"@id\":\"https:\/\/lumohouses.com\/de\/#website\",\"url\":\"https:\/\/lumohouses.com\/de\/\",\"name\":\"Lumo Houses\",\"description\":\"Finden Sie Ihr nachhaltiges Fertighaus.\",\"publisher\":{\"@id\":\"https:\/\/lumohouses.com\/de\/#organization\"},\"potentialAction\":[{\"@type\":\"SearchAction\",\"target\":{\"@type\":\"EntryPoint\",\"urlTemplate\":\"https:\/\/lumohouses.com\/de\/?s={search_term_string}\"},\"query-input\":{\"@type\":\"PropertyValueSpecification\",\"valueRequired\":true,\"valueName\":\"search_term_string\"}}],\"inLanguage\":\"de\"},{\"@type\":\"Organization\",\"@id\":\"https:\/\/lumohouses.com\/de\/#organization\",\"name\":\"Lumo Houses\",\"url\":\"https:\/\/lumohouses.com\/de\/\",\"logo\":{\"@type\":\"ImageObject\",\"inLanguage\":\"de\",\"@id\":\"https:\/\/lumohouses.com\/de\/#\/schema\/logo\/image\/\",\"url\":\"https:\/\/lumohouses.com\/wp-content\/uploads\/2022\/04\/logo-lumohouses.png\",\"contentUrl\":\"https:\/\/lumohouses.com\/wp-content\/uploads\/2022\/04\/logo-lumohouses.png\",\"width\":380,\"height\":58,\"caption\":\"Lumo Houses\"},\"image\":{\"@id\":\"https:\/\/lumohouses.com\/de\/#\/schema\/logo\/image\/\"},\"sameAs\":[\"https:\/\/www.facebook.com\/lumohouses\/\",\"https:\/\/x.com\/lumo_houses\"]}]}<\/script>\n<!-- \/ Yoast SEO plugin. -->","yoast_head_json":{"title":"Modulare H\u00e4user - Lumo Houses","robots":{"index":"index","follow":"follow","max-snippet":"max-snippet:-1","max-image-preview":"max-image-preview:large","max-video-preview":"max-video-preview:-1"},"canonical":"https:\/\/lumohouses.com\/de\/browse\/modular-houses\/","og_locale":"de_DE","og_type":"article","og_title":"Modulare H\u00e4user - Lumo Houses","og_description":"[vc_row][vc_column width=&#8220;1\/1&#8243;][vc_custom_heading heading_semantic=&#8220;h1&#8243; text_size=&#8220;h1&#8243; uncode_shortcode_id=&#8220;115596&#8243;]Modulare H\u00e4user[\/vc_custom_heading][vc_column_text uncode_shortcode_id=&#8220;353775&#8243;]Dies ist eine Auswahl der Modulh\u00e4user, die wir in unserer Datenbank haben. Wir f\u00fcgen [&hellip;]","og_url":"https:\/\/lumohouses.com\/de\/browse\/modular-houses\/","og_site_name":"Lumo Houses","article_publisher":"https:\/\/www.facebook.com\/lumohouses\/","article_modified_time":"2025-01-08T08:22:49+00:00","twitter_card":"summary_large_image","twitter_site":"@lumo_houses","schema":{"@context":"https:\/\/schema.org","@graph":[{"@type":"WebPage","@id":"https:\/\/lumohouses.com\/de\/browse\/modular-houses\/","url":"https:\/\/lumohouses.com\/de\/browse\/modular-houses\/","name":"Modulare H\u00e4user - Lumo Houses","isPartOf":{"@id":"https:\/\/lumohouses.com\/de\/#website"},"datePublished":"2022-10-18T08:24:26+00:00","dateModified":"2025-01-08T08:22:49+00:00","breadcrumb":{"@id":"https:\/\/lumohouses.com\/de\/browse\/modular-houses\/#breadcrumb"},"inLanguage":"de","potentialAction":[{"@type":"ReadAction","target":["https:\/\/lumohouses.com\/de\/browse\/modular-houses\/"]}]},{"@type":"BreadcrumbList","@id":"https:\/\/lumohouses.com\/de\/browse\/modular-houses\/#breadcrumb","itemListElement":[{"@type":"ListItem","position":1,"name":"Home","item":"https:\/\/lumohouses.com\/de\/"},{"@type":"ListItem","position":2,"name":"Durchsuchen","item":"https:\/\/lumohouses.com\/de\/browse\/"},{"@type":"ListItem","position":3,"name":"Modulare H\u00e4user"}]},{"@type":"WebSite","@id":"https:\/\/lumohouses.com\/de\/#website","url":"https:\/\/lumohouses.com\/de\/","name":"Lumo Houses","description":"Finden Sie Ihr nachhaltiges Fertighaus.","publisher":{"@id":"https:\/\/lumohouses.com\/de\/#organization"},"potentialAction":[{"@type":"SearchAction","target":{"@type":"EntryPoint","urlTemplate":"https:\/\/lumohouses.com\/de\/?s={search_term_string}"},"query-input":{"@type":"PropertyValueSpecification","valueRequired":true,"valueName":"search_term_string"}}],"inLanguage":"de"},{"@type":"Organization","@id":"https:\/\/lumohouses.com\/de\/#organization","name":"Lumo Houses","url":"https:\/\/lumohouses.com\/de\/","logo":{"@type":"ImageObject","inLanguage":"de","@id":"https:\/\/lumohouses.com\/de\/#\/schema\/logo\/image\/","url":"https:\/\/lumohouses.com\/wp-content\/uploads\/2022\/04\/logo-lumohouses.png","contentUrl":"https:\/\/lumohouses.com\/wp-content\/uploads\/2022\/04\/logo-lumohouses.png","width":380,"height":58,"caption":"Lumo Houses"},"image":{"@id":"https:\/\/lumohouses.com\/de\/#\/schema\/logo\/image\/"},"sameAs":["https:\/\/www.facebook.com\/lumohouses\/","https:\/\/x.com\/lumo_houses"]}]}},"_links":{"self":[{"href":"https:\/\/lumohouses.com\/de\/wp-json\/wp\/v2\/pages\/4209","targetHints":{"allow":["GET"]}}],"collection":[{"href":"https:\/\/lumohouses.com\/de\/wp-json\/wp\/v2\/pages"}],"about":[{"href":"https:\/\/lumohouses.com\/de\/wp-json\/wp\/v2\/types\/page"}],"author":[{"embeddable":true,"href":"https:\/\/lumohouses.com\/de\/wp-json\/wp\/v2\/users\/1"}],"replies":[{"embeddable":true,"href":"https:\/\/lumohouses.com\/de\/wp-json\/wp\/v2\/comments?post=4209"}],"version-history":[{"count":0,"href":"https:\/\/lumohouses.com\/de\/wp-json\/wp\/v2\/pages\/4209\/revisions"}],"up":[{"embeddable":true,"href":"https:\/\/lumohouses.com\/de\/wp-json\/wp\/v2\/pages\/4171"}],"wp:attachment":[{"href":"https:\/\/lumohouses.com\/de\/wp-json\/wp\/v2\/media?parent=4209"}],"curies":[{"name":"wp","href":"https:\/\/api.w.org\/{rel}","templated":true}]}}