{"id":4211,"date":"2022-03-30T12:16:44","date_gmt":"2022-03-30T12:16:44","guid":{"rendered":"https:\/\/lumohouses.com\/homepage\/"},"modified":"2025-01-10T14:28:55","modified_gmt":"2025-01-10T14:28:55","slug":"homepage","status":"publish","type":"page","link":"https:\/\/lumohouses.com\/de\/","title":{"rendered":"Homepage"},"content":{"rendered":"<div class=\"wpb-content-wrapper\"><p>[vc_row row_height_percent=&#8220;60&#8243; override_padding=&#8220;yes&#8220; h_padding=&#8220;7&#8243; top_padding=&#8220;7&#8243; bottom_padding=&#8220;7&#8243; overlay_alpha=&#8220;50&#8243; equal_height=&#8220;yes&#8220; gutter_size=&#8220;3&#8243; column_width_percent=&#8220;100&#8243; shift_y=&#8220;0&#8243; z_index=&#8220;0&#8243; uncode_shortcode_id=&#8220;380845&#8243;][vc_column width=&#8220;1\/1&#8243;][vc_custom_heading heading_semantic=&#8220;h1&#8243; text_size=&#8220;h1&#8243; uncode_shortcode_id=&#8220;190556&#8243;]Finden Sie Ihr <span style=\"color: #00c299;\">nachhaltiges<\/span> Fertighaus.[\/vc_custom_heading][vc_column_text uncode_shortcode_id=&#8220;600463&#8243;]Hunderte von Fertighausmodellen von Anbietern in Europa. Mit ihren Bewertungen und technischen Daten[\/vc_column_text][\/vc_column][\/vc_row][vc_row][vc_column width=&#8220;1\/1&#8243;][vc_separator sep_color=&#8220;color-jevc&#8220; icon_position=&#8220;left&#8220; uncode_shortcode_id=&#8220;997031&#8243; sep_color_type=&#8220;uncode-palette&#8220; el_width=&#8220;100px&#8220; el_height=&#8220;2&#8243;][vc_custom_heading uncode_shortcode_id=&#8220;116447&#8243;]Haus Sucher[\/vc_custom_heading][vc_gallery el_id=&#8220;gallery-207530&#8243; isotope_mode=&#8220;cellsByRow&#8220; medias=&#8220;112,114,15,116&#8243; gutter_size=&#8220;3&#8243; media_items=&#8220;media|custom_link|original,title,sep-one|full&#8220; screen_lg=&#8220;1000&#8243; screen_md=&#8220;600&#8243; screen_sm=&#8220;480&#8243; single_text=&#8220;under&#8220; single_width=&#8220;6&#8243; images_size=&#8220;one-one&#8220; single_overlay_opacity=&#8220;50&#8243; single_text_visible=&#8220;yes&#8220; single_padding=&#8220;2&#8243; single_title_dimension=&#8220;h3&#8243; no_double_tap=&#8220;yes&#8220; uncode_shortcode_id=&#8220;380422&#8243; items=&#8220;eyIxNV9pIjp7InNpbmdsZV9saW5rIjoidXJsOmh0dHBzJTNBJTJGJTJGbHVtb2hvdXNlcy5jb20lMkZkZSUyRmJyb3dzZSUyRnByZWZhYnJpY2F0ZWQtaG91c2VzLXVuZGVyLTUway1ldXIlMkZ8dGl0bGU6V2FpdGluZyUyMGxpc3QiLCJzaW5nbGVfYm9yZGVyIjoibm8ifSwiMTEyX2kiOnsic2luZ2xlX2xpbmsiOiJ1cmw6aHR0cHMlM0ElMkYlMkZsdW1vaG91c2VzLmNvbSUyRmRlJTJGYnJvd3NlJTJGZWRpdG9ycy1waWNrJTJGfHRpdGxlOldhaXRpbmclMjBsaXN0In0sIjExNF9pIjp7InNpbmdsZV9saW5rIjoidXJsOmh0dHBzJTNBJTJGJTJGbHVtb2hvdXNlcy5jb20lMkZkZSUyRmJyb3dzZSUyRnRpbnktaG91c2VzJTJGfHRpdGxlOldhaXRpbmclMjBsaXN0In0sIjExNl9pIjp7InNpbmdsZV9saW5rIjoidXJsOmh0dHBzJTNBJTJGJTJGbHVtb2hvdXNlcy5jb20lMkZkZSUyRmJyb3dzZSUyRm1vZHVsYXItaG91c2VzJTJGfHRpdGxlOm1vZHVsYXIlMjBob3VzZXMifX0=&#8220;][\/vc_column][\/vc_row][vc_row][vc_column width=&#8220;1\/1&#8243;][vc_custom_heading uncode_shortcode_id=&#8220;472651&#8243;]Ausgew\u00e4hlte Modelle[\/vc_custom_heading][uncode_index el_id=&#8220;index-971737&#8243; isotope_mode=&#8220;fitRows&#8220; loop=&#8220;size:3|order_by:title|order:ASC|post_type:models|categories:82|taxonomy_count:10&#8243; screen_lg=&#8220;1000&#8243; screen_md=&#8220;600&#8243; screen_sm=&#8220;480&#8243; gutter_size=&#8220;3&#8243; models_items=&#8220;media|featured|onpost|original,title,detail-173039-price-description&#8220; images_size=&#8220;one-one&#8220; single_overlay_opacity=&#8220;50&#8243; single_padding=&#8220;2&#8243; single_title_family=&#8220;font-555555&#8243; single_title_dimension=&#8220;h4&#8243; single_text_lead=&#8220;small&#8220; no_double_tap=&#8220;yes&#8220; uncode_shortcode_id=&#8220;160738&#8243;][\/vc_column][\/vc_row][vc_row row_height_percent=&#8220;0&#8243; back_color=&#8220;color-xsdn&#8220; overlay_alpha=&#8220;50&#8243; gutter_size=&#8220;3&#8243; column_width_percent=&#8220;100&#8243; shift_y=&#8220;0&#8243; z_index=&#8220;0&#8243; uncode_shortcode_id=&#8220;190195&#8243; back_color_type=&#8220;uncode-palette&#8220; css=&#8220;.vc_custom_1697123990030{padding-top: 100px !important;padding-bottom: 100px !important;}&#8220;][vc_column width=&#8220;1\/1&#8243;][vc_custom_heading uncode_shortcode_id=&#8220;196950&#8243;]Suche nach Gr\u00f6\u00dfe[\/vc_custom_heading][vc_gallery el_id=&#8220;gallery-207530&#8243; isotope_mode=&#8220;cellsByRow&#8220; medias=&#8220;3243,3241,3239&#8243; gutter_size=&#8220;3&#8243; media_items=&#8220;media|custom_link|original,title&#8220; screen_lg=&#8220;1000&#8243; screen_md=&#8220;600&#8243; screen_sm=&#8220;480&#8243; images_size=&#8220;one-one&#8220; single_overlay_opacity=&#8220;50&#8243; single_text_visible=&#8220;yes&#8220; single_h_align=&#8220;center&#8220; single_padding=&#8220;2&#8243; single_title_dimension=&#8220;h3&#8243; no_double_tap=&#8220;yes&#8220; uncode_shortcode_id=&#8220;983863&#8243; items=&#8220;eyIxNV9pIjp7InNpbmdsZV9saW5rIjoidXJsOmh0dHBzOi8vbHVtb2hvdXNlcy5jb20vYnJvd3NlL3ByZWZhYnJpY2F0ZWQtaG91c2VzLXVuZGVyLTUway1ldXIvfHRpdGxlOldhaXRpbmcgbGlzdCIsInNpbmdsZV9ib3JkZXIiOiJubyJ9LCIxMTJfaSI6eyJzaW5nbGVfbGluayI6InVybDpodHRwczovL2x1bW9ob3VzZXMuY29tL2Jyb3dzZS9lZGl0b3JzLXBpY2svfHRpdGxlOldhaXRpbmcgbGlzdCJ9LCIxMTRfaSI6eyJzaW5nbGVfbGluayI6InVybDpodHRwczovL2x1bW9ob3VzZXMuY29tL2Jyb3dzZS8xLWJlZHJvb20tbW9kdWxhci1ob21lcy98dGl0bGU6V2FpdGluZyBsaXN0Iiwic2luZ2xlX3RleHQiOiJvdmVybGF5In0sIjExNl9pIjp7InNpbmdsZV9saW5rIjoidXJsOmh0dHBzOi8vbHVtb2hvdXNlcy5jb20vYnJvd3NlL21vZHVsYXItaG91c2VzL3x0aXRsZTptb2R1bGFyIGhvdXNlcyJ9LCIzMjM5X2kiOnsic2luZ2xlX2xpbmsiOiJ1cmw6aHR0cHMlM0ElMkYlMkZsdW1vaG91c2VzLmNvbSUyRmRlJTJGYnJvd3NlJTJGMy1iZWRyb29tcy1tb2R1bGFyLWhvbWVzJTJGfHRpdGxlOjMlMjBiZWRyb29tcyUyMG1vZHVsYXIlMjBob21lcyJ9LCIzMjQxX2kiOnsic2luZ2xlX2xpbmsiOiJ1cmw6aHR0cHMlM0ElMkYlMkZsdW1vaG91c2VzLmNvbSUyRmRlJTJGYnJvd3NlJTJGMi1iZWRyb29tcy1tb2R1bGFyLWhvbWVzJTJGfHRpdGxlOjIlMjBiZWRyb29tcyUyMG1vZHVsYXIlMjBob21lcyJ9LCIzMjQzX2kiOnsic2luZ2xlX2xpbmsiOiJ1cmw6aHR0cHMlM0ElMkYlMkZsdW1vaG91c2VzLmNvbSUyRmRlJTJGYnJvd3NlJTJGMS1iZWRyb29tLW1vZHVsYXItaG9tZXMlMkZ8dGl0bGU6MSUyMGJlZHJvb20lMjBtb2R1bGFyJTIwaG9tZXMifX0=&#8220;][\/vc_column][\/vc_row][vc_row row_height_percent=&#8220;0&#8243; overlay_alpha=&#8220;50&#8243; gutter_size=&#8220;3&#8243; column_width_percent=&#8220;100&#8243; shift_y=&#8220;0&#8243; z_index=&#8220;0&#8243; uncode_shortcode_id=&#8220;134443&#8243; css=&#8220;.vc_custom_1697125538583{padding-top: 100px !important;padding-bottom: 100px !important;}&#8220;][vc_column width=&#8220;1\/1&#8243;][vc_custom_heading uncode_shortcode_id=&#8220;755256&#8243;]Erfahren Sie mehr \u00fcber Fertigh\u00e4user[\/vc_custom_heading][vc_column_text uncode_shortcode_id=&#8220;965550&#8243;]<\/p>\n<p class=\"p1\">Entdecken Sie die Welt der Fertigh\u00e4user und winzigen H\u00e4user mit unseren n\u00fctzlichsten Artikeln<\/p>\n<p>[\/vc_column_text][uncode_index el_id=&#8220;index-130830&#8243; loop=&#8220;size:4|order_by:date|post_type:post|categories:82|taxonomy_count:10&#8243; screen_lg=&#8220;1000&#8243; screen_md=&#8220;600&#8243; screen_sm=&#8220;480&#8243; gutter_size=&#8220;3&#8243; post_items=&#8220;title,link|default|default_size|scale_mobile&#8220; single_text=&#8220;overlay&#8220; single_width=&#8220;3&#8243; images_size=&#8220;one-one&#8220; single_style=&#8220;dark&#8220; single_back_color=&#8220;color-xsdn&#8220; single_overlay_color=&#8220;color-lxmt&#8220; single_overlay_opacity=&#8220;50&#8243; single_text_visible=&#8220;yes&#8220; single_padding=&#8220;2&#8243; single_title_dimension=&#8220;h4&#8243; no_double_tap=&#8220;yes&#8220; uncode_shortcode_id=&#8220;143142&#8243;][\/vc_column][\/vc_row][vc_row][vc_column width=&#8220;1\/4&#8243;][\/vc_column][vc_column column_width_percent=&#8220;100&#8243; gutter_size=&#8220;3&#8243; back_color=&#8220;accent&#8220; overlay_alpha=&#8220;50&#8243; shift_x=&#8220;0&#8243; shift_y=&#8220;0&#8243; shift_y_down=&#8220;0&#8243; z_index=&#8220;0&#8243; medium_width=&#8220;0&#8243; mobile_width=&#8220;0&#8243; width=&#8220;1\/2&#8243; uncode_shortcode_id=&#8220;148076&#8243; back_color_type=&#8220;uncode-palette&#8220;][vc_custom_heading uncode_shortcode_id=&#8220;240921&#8243;]Lumo ?[\/vc_custom_heading][vc_column_text uncode_shortcode_id=&#8220;341494&#8243;]Winzige und kleine H\u00e4user sind oft viel nachhaltiger als ein gro\u00dfes Betonhaus. Oft werden sie aus Holz gebaut, einem erneuerbaren Material und einer Kohlenstoffsenke. Der Kohlenstoff-Fu\u00dfabdruck kann ein gro\u00dfes Geschenk an unseren Planeten sein.<\/p>\n<p>Die F\u00f6rderung von nachhaltigem Wohnraum ist die <a href=\"https:\/\/lumohouses.com\/de\/uber-uns\/\">Mission von Lumo<\/a>.[\/vc_column_text][\/vc_column][vc_column width=&#8220;1\/4&#8243;][\/vc_column][\/vc_row]<\/p>\n<\/div>","protected":false},"excerpt":{"rendered":"<p>[vc_row row_height_percent=&#8220;60&#8243; override_padding=&#8220;yes&#8220; h_padding=&#8220;7&#8243; top_padding=&#8220;7&#8243; bottom_padding=&#8220;7&#8243; overlay_alpha=&#8220;50&#8243; equal_height=&#8220;yes&#8220; gutter_size=&#8220;3&#8243; column_width_percent=&#8220;100&#8243; shift_y=&#8220;0&#8243; z_index=&#8220;0&#8243; uncode_shortcode_id=&#8220;380845&#8243;][vc_column width=&#8220;1\/1&#8243;][vc_custom_heading heading_semantic=&#8220;h1&#8243; text_size=&#8220;h1&#8243; uncode_shortcode_id=&#8220;190556&#8243;]Finden Sie Ihr nachhaltiges [&hellip;]<\/p>\n","protected":false},"author":1,"featured_media":0,"parent":0,"menu_order":1,"comment_status":"closed","ping_status":"closed","template":"","meta":{"_acf_changed":false,"footnotes":""},"class_list":["post-4211","page","type-page","status-publish","hentry"],"acf":[],"yoast_head":"<!-- This site is optimized with the Yoast SEO plugin v25.7 - https:\/\/yoast.com\/wordpress\/plugins\/seo\/ -->\n<title>Finden Sie Ihr nachhaltiges Fertighaus - Lumo<\/title>\n<meta name=\"description\" content=\"Hunderte von Fertighausmodellen von Anbietern in Europa. Mit ihren Bewertungen und Spezifikationen verf\u00fcgbar.\" \/>\n<meta name=\"robots\" content=\"index, follow, max-snippet:-1, max-image-preview:large, max-video-preview:-1\" \/>\n<link rel=\"canonical\" href=\"https:\/\/lumohouses.com\/de\/\" \/>\n<meta property=\"og:locale\" content=\"de_DE\" \/>\n<meta property=\"og:type\" content=\"article\" \/>\n<meta property=\"og:title\" content=\"Finden Sie Ihr nachhaltiges Fertighaus - Lumo\" \/>\n<meta property=\"og:description\" content=\"Hunderte von Fertighausmodellen von Anbietern in Europa. Mit ihren Bewertungen und Spezifikationen verf\u00fcgbar.\" \/>\n<meta property=\"og:url\" content=\"https:\/\/lumohouses.com\/de\/\" \/>\n<meta property=\"og:site_name\" content=\"Lumo Houses\" \/>\n<meta property=\"article:publisher\" content=\"https:\/\/www.facebook.com\/lumohouses\/\" \/>\n<meta property=\"article:modified_time\" content=\"2025-01-10T14:28:55+00:00\" \/>\n<meta name=\"twitter:card\" content=\"summary_large_image\" \/>\n<meta name=\"twitter:site\" content=\"@lumo_houses\" \/>\n<script type=\"application\/ld+json\" class=\"yoast-schema-graph\">{\"@context\":\"https:\/\/schema.org\",\"@graph\":[{\"@type\":\"WebPage\",\"@id\":\"https:\/\/lumohouses.com\/de\/\",\"url\":\"https:\/\/lumohouses.com\/de\/\",\"name\":\"Finden Sie Ihr nachhaltiges Fertighaus - Lumo\",\"isPartOf\":{\"@id\":\"https:\/\/lumohouses.com\/de\/#website\"},\"datePublished\":\"2022-03-30T12:16:44+00:00\",\"dateModified\":\"2025-01-10T14:28:55+00:00\",\"description\":\"Hunderte von Fertighausmodellen von Anbietern in Europa. Mit ihren Bewertungen und Spezifikationen verf\u00fcgbar.\",\"breadcrumb\":{\"@id\":\"https:\/\/lumohouses.com\/de\/#breadcrumb\"},\"inLanguage\":\"de\",\"potentialAction\":[{\"@type\":\"ReadAction\",\"target\":[\"https:\/\/lumohouses.com\/de\/\"]}]},{\"@type\":\"BreadcrumbList\",\"@id\":\"https:\/\/lumohouses.com\/de\/#breadcrumb\",\"itemListElement\":[{\"@type\":\"ListItem\",\"position\":1,\"name\":\"Home\",\"item\":\"https:\/\/lumohouses.com\/de\/\"},{\"@type\":\"ListItem\",\"position\":2,\"name\":\"Homepage\"}]},{\"@type\":\"WebSite\",\"@id\":\"https:\/\/lumohouses.com\/de\/#website\",\"url\":\"https:\/\/lumohouses.com\/de\/\",\"name\":\"Lumo Houses\",\"description\":\"Finden Sie Ihr nachhaltiges Fertighaus.\",\"publisher\":{\"@id\":\"https:\/\/lumohouses.com\/de\/#organization\"},\"potentialAction\":[{\"@type\":\"SearchAction\",\"target\":{\"@type\":\"EntryPoint\",\"urlTemplate\":\"https:\/\/lumohouses.com\/de\/?s={search_term_string}\"},\"query-input\":{\"@type\":\"PropertyValueSpecification\",\"valueRequired\":true,\"valueName\":\"search_term_string\"}}],\"inLanguage\":\"de\"},{\"@type\":\"Organization\",\"@id\":\"https:\/\/lumohouses.com\/de\/#organization\",\"name\":\"Lumo Houses\",\"url\":\"https:\/\/lumohouses.com\/de\/\",\"logo\":{\"@type\":\"ImageObject\",\"inLanguage\":\"de\",\"@id\":\"https:\/\/lumohouses.com\/de\/#\/schema\/logo\/image\/\",\"url\":\"https:\/\/lumohouses.com\/wp-content\/uploads\/2022\/04\/logo-lumohouses.png\",\"contentUrl\":\"https:\/\/lumohouses.com\/wp-content\/uploads\/2022\/04\/logo-lumohouses.png\",\"width\":380,\"height\":58,\"caption\":\"Lumo Houses\"},\"image\":{\"@id\":\"https:\/\/lumohouses.com\/de\/#\/schema\/logo\/image\/\"},\"sameAs\":[\"https:\/\/www.facebook.com\/lumohouses\/\",\"https:\/\/x.com\/lumo_houses\"]}]}<\/script>\n<!-- \/ Yoast SEO plugin. -->","yoast_head_json":{"title":"Finden Sie Ihr nachhaltiges Fertighaus - Lumo","description":"Hunderte von Fertighausmodellen von Anbietern in Europa. Mit ihren Bewertungen und Spezifikationen verf\u00fcgbar.","robots":{"index":"index","follow":"follow","max-snippet":"max-snippet:-1","max-image-preview":"max-image-preview:large","max-video-preview":"max-video-preview:-1"},"canonical":"https:\/\/lumohouses.com\/de\/","og_locale":"de_DE","og_type":"article","og_title":"Finden Sie Ihr nachhaltiges Fertighaus - Lumo","og_description":"Hunderte von Fertighausmodellen von Anbietern in Europa. Mit ihren Bewertungen und Spezifikationen verf\u00fcgbar.","og_url":"https:\/\/lumohouses.com\/de\/","og_site_name":"Lumo Houses","article_publisher":"https:\/\/www.facebook.com\/lumohouses\/","article_modified_time":"2025-01-10T14:28:55+00:00","twitter_card":"summary_large_image","twitter_site":"@lumo_houses","schema":{"@context":"https:\/\/schema.org","@graph":[{"@type":"WebPage","@id":"https:\/\/lumohouses.com\/de\/","url":"https:\/\/lumohouses.com\/de\/","name":"Finden Sie Ihr nachhaltiges Fertighaus - Lumo","isPartOf":{"@id":"https:\/\/lumohouses.com\/de\/#website"},"datePublished":"2022-03-30T12:16:44+00:00","dateModified":"2025-01-10T14:28:55+00:00","description":"Hunderte von Fertighausmodellen von Anbietern in Europa. Mit ihren Bewertungen und Spezifikationen verf\u00fcgbar.","breadcrumb":{"@id":"https:\/\/lumohouses.com\/de\/#breadcrumb"},"inLanguage":"de","potentialAction":[{"@type":"ReadAction","target":["https:\/\/lumohouses.com\/de\/"]}]},{"@type":"BreadcrumbList","@id":"https:\/\/lumohouses.com\/de\/#breadcrumb","itemListElement":[{"@type":"ListItem","position":1,"name":"Home","item":"https:\/\/lumohouses.com\/de\/"},{"@type":"ListItem","position":2,"name":"Homepage"}]},{"@type":"WebSite","@id":"https:\/\/lumohouses.com\/de\/#website","url":"https:\/\/lumohouses.com\/de\/","name":"Lumo Houses","description":"Finden Sie Ihr nachhaltiges Fertighaus.","publisher":{"@id":"https:\/\/lumohouses.com\/de\/#organization"},"potentialAction":[{"@type":"SearchAction","target":{"@type":"EntryPoint","urlTemplate":"https:\/\/lumohouses.com\/de\/?s={search_term_string}"},"query-input":{"@type":"PropertyValueSpecification","valueRequired":true,"valueName":"search_term_string"}}],"inLanguage":"de"},{"@type":"Organization","@id":"https:\/\/lumohouses.com\/de\/#organization","name":"Lumo Houses","url":"https:\/\/lumohouses.com\/de\/","logo":{"@type":"ImageObject","inLanguage":"de","@id":"https:\/\/lumohouses.com\/de\/#\/schema\/logo\/image\/","url":"https:\/\/lumohouses.com\/wp-content\/uploads\/2022\/04\/logo-lumohouses.png","contentUrl":"https:\/\/lumohouses.com\/wp-content\/uploads\/2022\/04\/logo-lumohouses.png","width":380,"height":58,"caption":"Lumo Houses"},"image":{"@id":"https:\/\/lumohouses.com\/de\/#\/schema\/logo\/image\/"},"sameAs":["https:\/\/www.facebook.com\/lumohouses\/","https:\/\/x.com\/lumo_houses"]}]}},"_links":{"self":[{"href":"https:\/\/lumohouses.com\/de\/wp-json\/wp\/v2\/pages\/4211","targetHints":{"allow":["GET"]}}],"collection":[{"href":"https:\/\/lumohouses.com\/de\/wp-json\/wp\/v2\/pages"}],"about":[{"href":"https:\/\/lumohouses.com\/de\/wp-json\/wp\/v2\/types\/page"}],"author":[{"embeddable":true,"href":"https:\/\/lumohouses.com\/de\/wp-json\/wp\/v2\/users\/1"}],"replies":[{"embeddable":true,"href":"https:\/\/lumohouses.com\/de\/wp-json\/wp\/v2\/comments?post=4211"}],"version-history":[{"count":0,"href":"https:\/\/lumohouses.com\/de\/wp-json\/wp\/v2\/pages\/4211\/revisions"}],"wp:attachment":[{"href":"https:\/\/lumohouses.com\/de\/wp-json\/wp\/v2\/media?parent=4211"}],"curies":[{"name":"wp","href":"https:\/\/api.w.org\/{rel}","templated":true}]}}