{"id":6273,"date":"2025-08-08T08:29:06","date_gmt":"2025-08-08T08:29:06","guid":{"rendered":"https:\/\/lumohouses.com\/gartenburo\/"},"modified":"2025-08-08T08:52:09","modified_gmt":"2025-08-08T08:52:09","slug":"gartenburo","status":"publish","type":"page","link":"https:\/\/lumohouses.com\/de\/gartenburo\/","title":{"rendered":"Gartenb\u00fcro"},"content":{"rendered":"<div class=\"wpb-content-wrapper\"><p>[vc_row row_height_percent=&#8220;0&#8243; overlay_alpha=&#8220;50&#8243; gutter_size=&#8220;3&#8243; column_width_percent=&#8220;100&#8243; shift_y=&#8220;0&#8243; z_index=&#8220;0&#8243; uncode_shortcode_id=&#8220;306976&#8243;][vc_column width=&#8220;1\/1&#8243;][vc_custom_heading heading_semantic=&#8220;h1&#8243; text_size=&#8220;h1&#8243; uncode_shortcode_id=&#8220;234513&#8243;]Gartenb\u00fcro[\/vc_custom_heading][vc_column_text uncode_shortcode_id=&#8220;176255&#8243;]Dies ist eine Auswahl an Gartenb\u00fcros aus unserer Datenbank.[\/vc_column_text][\/vc_column][\/vc_row][vc_row row_height_percent=&#8220;0&#8243; overlay_alpha=&#8220;50&#8243; gutter_size=&#8220;3&#8243; column_width_percent=&#8220;100&#8243; shift_y=&#8220;0&#8243; z_index=&#8220;0&#8243; uncode_shortcode_id=&#8220;175063&#8243; el_id=&#8220;modelLister&#8220;][vc_column width=&#8220;1\/1&#8243;][uncode_index el_id=&#8220;index-133718&#8243; isotope_mode=&#8220;fitRows&#8220; loop=&#8220;size:10|order_by:date|post_type:models|categories:47|taxonomy_count:10&#8243; screen_lg=&#8220;1000&#8243; screen_md=&#8220;600&#8243; screen_sm=&#8220;480&#8243; gutter_size=&#8220;3&#8243; models_items=&#8220;media|featured|onpost|original,title,detail-173039-price-description&#8220; infinite=&#8220;yes&#8220; images_size=&#8220;one-one&#8220; single_overlay_opacity=&#8220;50&#8243; single_padding=&#8220;2&#8243; single_title_family=&#8220;font-555555&#8243; single_title_dimension=&#8220;h4&#8243; no_double_tap=&#8220;yes&#8220; uncode_shortcode_id=&#8220;185957&#8243;][vc_column_text uncode_shortcode_id=&#8220;191313&#8243;]<\/p>\n<p class=\"p1\">Entdecken Sie eine intelligentere Art zu arbeiten mit unserer Kollektion moderner Gartenb\u00fcros. Diese eigenst\u00e4ndigen Arbeitsbereiche wurden speziell f\u00fcr die Anforderungen moderner Berufst\u00e4tiger entwickelt und bieten eine perfekte Mischung aus Komfort, Funktionalit\u00e4t und zeitlosem Stil. <\/p>\n<p class=\"p1\">Ob Sie freiberuflich t\u00e4tig sind, ein Unternehmen leiten oder einfach nur eine ruhige Ecke abseits des Haupthauses ben\u00f6tigen \u2013 unsere Gartenb\u00fcros bieten Ihnen einen eigenen Raum, in dem Sie sich konzentrieren und entfalten k\u00f6nnen.<\/p>\n<p class=\"p1\">Mit klaren Linien, hochwertigen Materialien und intelligenten Layouts sind sie ebenso inspirierend wie praktisch. Und dank unserer modularen Bauweise ist die Installation schnell und problemlos \u2013 ohne gro\u00dfe Bauarbeiten und endloses Warten. <\/p>\n<p class=\"p1\">Entdecken Sie, wie ein Gartenb\u00fcro Ihren Alltag ver\u00e4ndern kann. Es ist mehr als nur ein Arbeitsplatz. Es ist Ihr Raum.  <\/p>\n<p>[\/vc_column_text][\/vc_column][\/vc_row]<\/p>\n<\/div>","protected":false},"excerpt":{"rendered":"<p>[vc_row row_height_percent=&#8220;0&#8243; overlay_alpha=&#8220;50&#8243; gutter_size=&#8220;3&#8243; column_width_percent=&#8220;100&#8243; shift_y=&#8220;0&#8243; z_index=&#8220;0&#8243; uncode_shortcode_id=&#8220;306976&#8243;][vc_column width=&#8220;1\/1&#8243;][vc_custom_heading heading_semantic=&#8220;h1&#8243; text_size=&#8220;h1&#8243; uncode_shortcode_id=&#8220;234513&#8243;]Gartenb\u00fcro[\/vc_custom_heading][vc_column_text uncode_shortcode_id=&#8220;176255&#8243;]Dies ist eine Auswahl an Gartenb\u00fcros aus unserer [&hellip;]<\/p>\n","protected":false},"author":1,"featured_media":0,"parent":0,"menu_order":0,"comment_status":"closed","ping_status":"closed","template":"","meta":{"_acf_changed":false,"footnotes":""},"class_list":["post-6273","page","type-page","status-publish","hentry"],"acf":[],"yoast_head":"<!-- This site is optimized with the Yoast SEO plugin v25.7 - https:\/\/yoast.com\/wordpress\/plugins\/seo\/ -->\n<title>Gartenb\u00fcro - Lumo Houses<\/title>\n<meta name=\"robots\" content=\"index, follow, max-snippet:-1, max-image-preview:large, max-video-preview:-1\" \/>\n<link rel=\"canonical\" href=\"https:\/\/lumohouses.com\/de\/gartenburo\/\" \/>\n<meta property=\"og:locale\" content=\"de_DE\" \/>\n<meta property=\"og:type\" content=\"article\" \/>\n<meta property=\"og:title\" content=\"Gartenb\u00fcro - Lumo Houses\" \/>\n<meta property=\"og:description\" content=\"[vc_row row_height_percent=&#8220;0&#8243; overlay_alpha=&#8220;50&#8243; gutter_size=&#8220;3&#8243; column_width_percent=&#8220;100&#8243; shift_y=&#8220;0&#8243; z_index=&#8220;0&#8243; uncode_shortcode_id=&#8220;306976&#8243;][vc_column width=&#8220;1\/1&#8243;][vc_custom_heading heading_semantic=&#8220;h1&#8243; text_size=&#8220;h1&#8243; uncode_shortcode_id=&#8220;234513&#8243;]Gartenb\u00fcro[\/vc_custom_heading][vc_column_text uncode_shortcode_id=&#8220;176255&#8243;]Dies ist eine Auswahl an Gartenb\u00fcros aus unserer [&hellip;]\" \/>\n<meta property=\"og:url\" content=\"https:\/\/lumohouses.com\/de\/gartenburo\/\" \/>\n<meta property=\"og:site_name\" content=\"Lumo Houses\" \/>\n<meta property=\"article:publisher\" content=\"https:\/\/www.facebook.com\/lumohouses\/\" \/>\n<meta property=\"article:modified_time\" content=\"2025-08-08T08:52:09+00:00\" \/>\n<meta name=\"twitter:card\" content=\"summary_large_image\" \/>\n<meta name=\"twitter:site\" content=\"@lumo_houses\" \/>\n<script type=\"application\/ld+json\" class=\"yoast-schema-graph\">{\"@context\":\"https:\/\/schema.org\",\"@graph\":[{\"@type\":\"WebPage\",\"@id\":\"https:\/\/lumohouses.com\/de\/gartenburo\/\",\"url\":\"https:\/\/lumohouses.com\/de\/gartenburo\/\",\"name\":\"Gartenb\u00fcro - Lumo Houses\",\"isPartOf\":{\"@id\":\"https:\/\/lumohouses.com\/de\/#website\"},\"datePublished\":\"2025-08-08T08:29:06+00:00\",\"dateModified\":\"2025-08-08T08:52:09+00:00\",\"breadcrumb\":{\"@id\":\"https:\/\/lumohouses.com\/de\/gartenburo\/#breadcrumb\"},\"inLanguage\":\"de\",\"potentialAction\":[{\"@type\":\"ReadAction\",\"target\":[\"https:\/\/lumohouses.com\/de\/gartenburo\/\"]}]},{\"@type\":\"BreadcrumbList\",\"@id\":\"https:\/\/lumohouses.com\/de\/gartenburo\/#breadcrumb\",\"itemListElement\":[{\"@type\":\"ListItem\",\"position\":1,\"name\":\"Home\",\"item\":\"https:\/\/lumohouses.com\/de\/\"},{\"@type\":\"ListItem\",\"position\":2,\"name\":\"Gartenb\u00fcro\"}]},{\"@type\":\"WebSite\",\"@id\":\"https:\/\/lumohouses.com\/de\/#website\",\"url\":\"https:\/\/lumohouses.com\/de\/\",\"name\":\"Lumo Houses\",\"description\":\"Finden Sie Ihr nachhaltiges Fertighaus.\",\"publisher\":{\"@id\":\"https:\/\/lumohouses.com\/de\/#organization\"},\"potentialAction\":[{\"@type\":\"SearchAction\",\"target\":{\"@type\":\"EntryPoint\",\"urlTemplate\":\"https:\/\/lumohouses.com\/de\/?s={search_term_string}\"},\"query-input\":{\"@type\":\"PropertyValueSpecification\",\"valueRequired\":true,\"valueName\":\"search_term_string\"}}],\"inLanguage\":\"de\"},{\"@type\":\"Organization\",\"@id\":\"https:\/\/lumohouses.com\/de\/#organization\",\"name\":\"Lumo Houses\",\"url\":\"https:\/\/lumohouses.com\/de\/\",\"logo\":{\"@type\":\"ImageObject\",\"inLanguage\":\"de\",\"@id\":\"https:\/\/lumohouses.com\/de\/#\/schema\/logo\/image\/\",\"url\":\"https:\/\/lumohouses.com\/wp-content\/uploads\/2022\/04\/logo-lumohouses.png\",\"contentUrl\":\"https:\/\/lumohouses.com\/wp-content\/uploads\/2022\/04\/logo-lumohouses.png\",\"width\":380,\"height\":58,\"caption\":\"Lumo Houses\"},\"image\":{\"@id\":\"https:\/\/lumohouses.com\/de\/#\/schema\/logo\/image\/\"},\"sameAs\":[\"https:\/\/www.facebook.com\/lumohouses\/\",\"https:\/\/x.com\/lumo_houses\"]}]}<\/script>\n<!-- \/ Yoast SEO plugin. -->","yoast_head_json":{"title":"Gartenb\u00fcro - Lumo Houses","robots":{"index":"index","follow":"follow","max-snippet":"max-snippet:-1","max-image-preview":"max-image-preview:large","max-video-preview":"max-video-preview:-1"},"canonical":"https:\/\/lumohouses.com\/de\/gartenburo\/","og_locale":"de_DE","og_type":"article","og_title":"Gartenb\u00fcro - Lumo Houses","og_description":"[vc_row row_height_percent=&#8220;0&#8243; overlay_alpha=&#8220;50&#8243; gutter_size=&#8220;3&#8243; column_width_percent=&#8220;100&#8243; shift_y=&#8220;0&#8243; z_index=&#8220;0&#8243; uncode_shortcode_id=&#8220;306976&#8243;][vc_column width=&#8220;1\/1&#8243;][vc_custom_heading heading_semantic=&#8220;h1&#8243; text_size=&#8220;h1&#8243; uncode_shortcode_id=&#8220;234513&#8243;]Gartenb\u00fcro[\/vc_custom_heading][vc_column_text uncode_shortcode_id=&#8220;176255&#8243;]Dies ist eine Auswahl an Gartenb\u00fcros aus unserer [&hellip;]","og_url":"https:\/\/lumohouses.com\/de\/gartenburo\/","og_site_name":"Lumo Houses","article_publisher":"https:\/\/www.facebook.com\/lumohouses\/","article_modified_time":"2025-08-08T08:52:09+00:00","twitter_card":"summary_large_image","twitter_site":"@lumo_houses","schema":{"@context":"https:\/\/schema.org","@graph":[{"@type":"WebPage","@id":"https:\/\/lumohouses.com\/de\/gartenburo\/","url":"https:\/\/lumohouses.com\/de\/gartenburo\/","name":"Gartenb\u00fcro - Lumo Houses","isPartOf":{"@id":"https:\/\/lumohouses.com\/de\/#website"},"datePublished":"2025-08-08T08:29:06+00:00","dateModified":"2025-08-08T08:52:09+00:00","breadcrumb":{"@id":"https:\/\/lumohouses.com\/de\/gartenburo\/#breadcrumb"},"inLanguage":"de","potentialAction":[{"@type":"ReadAction","target":["https:\/\/lumohouses.com\/de\/gartenburo\/"]}]},{"@type":"BreadcrumbList","@id":"https:\/\/lumohouses.com\/de\/gartenburo\/#breadcrumb","itemListElement":[{"@type":"ListItem","position":1,"name":"Home","item":"https:\/\/lumohouses.com\/de\/"},{"@type":"ListItem","position":2,"name":"Gartenb\u00fcro"}]},{"@type":"WebSite","@id":"https:\/\/lumohouses.com\/de\/#website","url":"https:\/\/lumohouses.com\/de\/","name":"Lumo Houses","description":"Finden Sie Ihr nachhaltiges Fertighaus.","publisher":{"@id":"https:\/\/lumohouses.com\/de\/#organization"},"potentialAction":[{"@type":"SearchAction","target":{"@type":"EntryPoint","urlTemplate":"https:\/\/lumohouses.com\/de\/?s={search_term_string}"},"query-input":{"@type":"PropertyValueSpecification","valueRequired":true,"valueName":"search_term_string"}}],"inLanguage":"de"},{"@type":"Organization","@id":"https:\/\/lumohouses.com\/de\/#organization","name":"Lumo Houses","url":"https:\/\/lumohouses.com\/de\/","logo":{"@type":"ImageObject","inLanguage":"de","@id":"https:\/\/lumohouses.com\/de\/#\/schema\/logo\/image\/","url":"https:\/\/lumohouses.com\/wp-content\/uploads\/2022\/04\/logo-lumohouses.png","contentUrl":"https:\/\/lumohouses.com\/wp-content\/uploads\/2022\/04\/logo-lumohouses.png","width":380,"height":58,"caption":"Lumo Houses"},"image":{"@id":"https:\/\/lumohouses.com\/de\/#\/schema\/logo\/image\/"},"sameAs":["https:\/\/www.facebook.com\/lumohouses\/","https:\/\/x.com\/lumo_houses"]}]}},"_links":{"self":[{"href":"https:\/\/lumohouses.com\/de\/wp-json\/wp\/v2\/pages\/6273","targetHints":{"allow":["GET"]}}],"collection":[{"href":"https:\/\/lumohouses.com\/de\/wp-json\/wp\/v2\/pages"}],"about":[{"href":"https:\/\/lumohouses.com\/de\/wp-json\/wp\/v2\/types\/page"}],"author":[{"embeddable":true,"href":"https:\/\/lumohouses.com\/de\/wp-json\/wp\/v2\/users\/1"}],"replies":[{"embeddable":true,"href":"https:\/\/lumohouses.com\/de\/wp-json\/wp\/v2\/comments?post=6273"}],"version-history":[{"count":0,"href":"https:\/\/lumohouses.com\/de\/wp-json\/wp\/v2\/pages\/6273\/revisions"}],"wp:attachment":[{"href":"https:\/\/lumohouses.com\/de\/wp-json\/wp\/v2\/media?parent=6273"}],"curies":[{"name":"wp","href":"https:\/\/api.w.org\/{rel}","templated":true}]}}