{"id":6348,"date":"2025-08-12T15:50:46","date_gmt":"2025-08-12T15:50:46","guid":{"rendered":"https:\/\/lumohouses.com\/machbarkeitsanalyse\/"},"modified":"2025-09-29T13:44:29","modified_gmt":"2025-09-29T13:44:29","slug":"machbarkeitsanalyse","status":"publish","type":"page","link":"https:\/\/lumohouses.com\/de\/machbarkeitsanalyse\/","title":{"rendered":"Machbarkeitsanalyse"},"content":{"rendered":"<div class=\"wpb-content-wrapper\"><p>[vc_section][vc_row unlock_row_content=&#8220;yes&#8220; row_height_percent=&#8220;0&#8243; override_padding=&#8220;yes&#8220; h_padding=&#8220;0&#8243; top_padding=&#8220;7&#8243; bottom_padding=&#8220;7&#8243; back_image=&#8220;6324&#8243; back_position=&#8220;center center&#8220; overlay_alpha=&#8220;50&#8243; gutter_size=&#8220;3&#8243; column_width_percent=&#8220;100&#8243; shift_y=&#8220;0&#8243; z_index=&#8220;0&#8243; content_parallax=&#8220;0&#8243; uncode_shortcode_id=&#8220;107443&#8243;][vc_column column_width_percent=&#8220;100&#8243; align_horizontal=&#8220;align_center&#8220; gutter_size=&#8220;3&#8243; overlay_alpha=&#8220;50&#8243; shift_x=&#8220;0&#8243; shift_y=&#8220;0&#8243; shift_y_down=&#8220;0&#8243; z_index=&#8220;0&#8243; medium_width=&#8220;0&#8243; mobile_width=&#8220;0&#8243; width=&#8220;1\/1&#8243; uncode_shortcode_id=&#8220;175398&#8243;][vc_custom_heading heading_semantic=&#8220;h1&#8243; text_size=&#8220;h1&#8243; uncode_shortcode_id=&#8220;177212&#8243;]Machbarkeitsanalyse<br \/>\n(Grundst\u00fcck &amp; Budget)[\/vc_custom_heading][vc_column_text uncode_shortcode_id=&#8220;165272&#8243;]<\/p>\n<p style=\"text-align: center;\">Bevor Sie bauen: Der 99-Euro-Schritt, der Ihnen Tausende sparen k\u00f6nnte.<\/p>\n<p>[\/vc_column_text][vc_button border_width=&#8220;0&#8243; uncode_shortcode_id=&#8220;317431&#8243; link=&#8220;url:%23pricingtable|&#8220;]Meine Machbarkeitspr\u00fcfung starten[\/vc_button][\/vc_column][\/vc_row][vc_row row_height_percent=&#8220;0&#8243; override_padding=&#8220;yes&#8220; h_padding=&#8220;2&#8243; top_padding=&#8220;4&#8243; bottom_padding=&#8220;4&#8243; overlay_alpha=&#8220;50&#8243; gutter_size=&#8220;3&#8243; column_width_percent=&#8220;100&#8243; shift_y=&#8220;0&#8243; z_index=&#8220;0&#8243; content_parallax=&#8220;0&#8243; uncode_shortcode_id=&#8220;204962&#8243;][vc_column width=&#8220;1\/1&#8243;][vc_custom_heading uncode_shortcode_id=&#8220;180491&#8243;]So funktioniert es[\/vc_custom_heading][vc_column_text uncode_shortcode_id=&#8220;121516&#8243;]Eine schnelle und fachkundige Methode, um zu pr\u00fcfen, ob Ihr Projekt realistisch ist \u2013 basierend auf Ihrem Grundst\u00fcck, Ihrem Budget und Ihrem Standort.<\/p>\n<ul>\n<li>Zeit sparen<\/li>\n<li>Vermeiden Sie kostspielige Fehler<\/li>\n<li>Wissen, was m\u00f6glich ist<\/li>\n<\/ul>\n<p>[\/vc_column_text][\/vc_column][\/vc_row][vc_row row_height_percent=&#8220;0&#8243; overlay_alpha=&#8220;50&#8243; equal_height=&#8220;yes&#8220; gutter_size=&#8220;3&#8243; column_width_percent=&#8220;100&#8243; shift_y=&#8220;0&#8243; z_index=&#8220;0&#8243; content_parallax=&#8220;0&#8243; uncode_shortcode_id=&#8220;488344&#8243;][vc_column column_width_percent=&#8220;100&#8243; align_horizontal=&#8220;align_center&#8220; gutter_size=&#8220;3&#8243; back_color=&#8220;color-xsdn&#8220; overlay_alpha=&#8220;50&#8243; shift_x=&#8220;0&#8243; shift_y=&#8220;0&#8243; shift_y_down=&#8220;0&#8243; z_index=&#8220;0&#8243; medium_width=&#8220;0&#8243; mobile_width=&#8220;0&#8243; width=&#8220;1\/3&#8243; uncode_shortcode_id=&#8220;988750&#8243; back_color_type=&#8220;uncode-palette&#8220;][vc_icon icon_image=&#8220;6329&#8243; icon_color=&#8220;accent&#8220; background_style=&#8220;fa-rounded&#8220; media_size=&#8220;50&#8243; uncode_shortcode_id=&#8220;928199&#8243; icon_color_type=&#8220;uncode-palette&#8220; title=&#8220;F\u00fcllen Sie das Formular aus.&#8220;]Nach Ihrem Kauf senden wir Ihnen ein Formular zu, das Sie mit Ihren Projektdaten ausf\u00fcllen k\u00f6nnen.[\/vc_icon][\/vc_column][vc_column column_width_percent=&#8220;100&#8243; align_horizontal=&#8220;align_center&#8220; gutter_size=&#8220;3&#8243; back_color=&#8220;color-xsdn&#8220; overlay_alpha=&#8220;50&#8243; shift_x=&#8220;0&#8243; shift_y=&#8220;0&#8243; shift_y_down=&#8220;0&#8243; z_index=&#8220;0&#8243; medium_width=&#8220;0&#8243; mobile_width=&#8220;0&#8243; width=&#8220;1\/3&#8243; uncode_shortcode_id=&#8220;212658&#8243; back_color_type=&#8220;uncode-palette&#8220;][vc_icon icon_image=&#8220;6332&#8243; icon_color=&#8220;accent&#8220; background_style=&#8220;fa-rounded&#8220; media_size=&#8220;50&#8243; uncode_shortcode_id=&#8220;815174&#8243; icon_color_type=&#8220;uncode-palette&#8220; title=&#8220;Wir \u00fcberpr\u00fcfen Ihre Daten.&#8220;]Und vergleichen Sie es mit den Hunderten von Projekten, die wir bisher bewertet haben.[\/vc_icon][\/vc_column][vc_column column_width_percent=&#8220;100&#8243; align_horizontal=&#8220;align_center&#8220; gutter_size=&#8220;3&#8243; back_color=&#8220;color-xsdn&#8220; overlay_alpha=&#8220;50&#8243; shift_x=&#8220;0&#8243; shift_y=&#8220;0&#8243; shift_y_down=&#8220;0&#8243; z_index=&#8220;0&#8243; medium_width=&#8220;0&#8243; mobile_width=&#8220;0&#8243; width=&#8220;1\/3&#8243; uncode_shortcode_id=&#8220;753624&#8243; back_color_type=&#8220;uncode-palette&#8220;][vc_icon icon_image=&#8220;6335&#8243; icon_color=&#8220;accent&#8220; background_style=&#8220;fa-rounded&#8220; media_size=&#8220;50&#8243; uncode_shortcode_id=&#8220;154902&#8243; icon_color_type=&#8220;uncode-palette&#8220; title=&#8220;Erhalten Sie Ihren individuellen Bericht&#8220;]Es werden umfassende Daten bereitgestellt.[\/vc_icon][\/vc_column][\/vc_row][vc_row row_height_percent=&#8220;0&#8243; override_padding=&#8220;yes&#8220; h_padding=&#8220;2&#8243; top_padding=&#8220;2&#8243; bottom_padding=&#8220;6&#8243; overlay_alpha=&#8220;50&#8243; gutter_size=&#8220;3&#8243; column_width_percent=&#8220;100&#8243; shift_y=&#8220;0&#8243; z_index=&#8220;0&#8243; content_parallax=&#8220;0&#8243; uncode_shortcode_id=&#8220;208909&#8243;][vc_column width=&#8220;1\/2&#8243;][vc_custom_heading uncode_shortcode_id=&#8220;311232&#8243;]Was ist enthalten?[\/vc_custom_heading][vc_column_text uncode_shortcode_id=&#8220;119277&#8243;]Was k\u00f6nnen Sie von uns erwarten?<\/p>\n<p>\u2705 Zusammenfassung der Projektdurchf\u00fchrbarkeit<br \/>\n\u2705 Gesch\u00e4tzte Kosten pro m\u00b2<br \/>\n\u2705 Bebaubare Fl\u00e4che<br \/>\n\u2705 Vorgeschlagene Haustypen<br \/>\n\u2705 Warnhinweise und Risiken<br \/>\n\u2705 Empfohlene n\u00e4chste Schritte[\/vc_column_text][\/vc_column][vc_column width=&#8220;1\/2&#8243;][vc_custom_heading uncode_shortcode_id=&#8220;311232&#8243;]Was ist enthalten?[\/vc_custom_heading][vc_column_text uncode_shortcode_id=&#8220;111054&#8243;]Ist das etwas f\u00fcr Sie?<\/p>\n<p>Sie besitzen (oder erw\u00e4gen den Kauf) eines Grundst\u00fccks.<br \/>\nSie m\u00f6chten Klarheit, bevor Sie sich an Bauunternehmen wenden.<br \/>\nSie sind sich nicht sicher, was mit Ihrem Budget realistisch ist.<br \/>\nSie w\u00fcnschen sich Beratung, keine Verkaufsgespr\u00e4che.[\/vc_column_text][\/vc_column][\/vc_row][\/vc_section][vc_row row_height_percent=&#8220;0&#8243; override_padding=&#8220;yes&#8220; h_padding=&#8220;2&#8243; top_padding=&#8220;7&#8243; bottom_padding=&#8220;7&#8243; back_color=&#8220;color-xsdn&#8220; overlay_alpha=&#8220;50&#8243; gutter_size=&#8220;3&#8243; column_width_percent=&#8220;100&#8243; shift_y=&#8220;0&#8243; z_index=&#8220;0&#8243; content_parallax=&#8220;0&#8243; uncode_shortcode_id=&#8220;121000&#8243; back_color_type=&#8220;uncode-palette&#8220;][vc_column column_width_percent=&#8220;100&#8243; align_horizontal=&#8220;align_center&#8220; gutter_size=&#8220;3&#8243; overlay_alpha=&#8220;50&#8243; shift_x=&#8220;0&#8243; shift_y=&#8220;0&#8243; shift_y_down=&#8220;0&#8243; z_index=&#8220;0&#8243; medium_width=&#8220;0&#8243; mobile_width=&#8220;0&#8243; width=&#8220;1\/1&#8243; uncode_shortcode_id=&#8220;133936&#8243;][vc_custom_heading text_size=&#8220;custom&#8220; text_weight=&#8220;100&#8243; uncode_shortcode_id=&#8220;153569&#8243; text_color_type=&#8220;uncode-solid&#8220; text_color_solid=&#8220;#b42268&#8243; heading_custom_size=&#8220;50px&#8220;]\u201eEs ist sehr hilfreich zu wissen, was realistisch ist, bevor man Zeit damit verschwendet, Hersteller zu kontaktieren.\u201c[\/vc_custom_heading][vc_custom_heading heading_semantic=&#8220;h3&#8243; text_size=&#8220;h3&#8243; uncode_shortcode_id=&#8220;455081&#8243;]Sarah, Frankreich[\/vc_custom_heading][\/vc_column][\/vc_row][vc_section][vc_row row_height_percent=&#8220;0&#8243; override_padding=&#8220;yes&#8220; h_padding=&#8220;5&#8243; top_padding=&#8220;5&#8243; bottom_padding=&#8220;5&#8243; overlay_alpha=&#8220;50&#8243; gutter_size=&#8220;3&#8243; column_width_percent=&#8220;100&#8243; shift_y=&#8220;0&#8243; z_index=&#8220;0&#8243; content_parallax=&#8220;0&#8243; uncode_shortcode_id=&#8220;312625&#8243; row_name=&#8220;pricingtable&#8220;][vc_column width=&#8220;1\/4&#8243;][\/vc_column][vc_column column_width_percent=&#8220;100&#8243; align_horizontal=&#8220;align_center&#8220; gutter_size=&#8220;3&#8243; overlay_alpha=&#8220;50&#8243; shift_x=&#8220;0&#8243; shift_y=&#8220;0&#8243; shift_y_down=&#8220;0&#8243; z_index=&#8220;0&#8243; medium_width=&#8220;0&#8243; mobile_width=&#8220;0&#8243; width=&#8220;1\/2&#8243; uncode_shortcode_id=&#8220;756441&#8243;][vc_custom_heading uncode_shortcode_id=&#8220;210307&#8243;]Holen Sie sich Ihren Bericht[\/vc_custom_heading][vc_column_text uncode_shortcode_id=&#8220;198411&#8243;]Was auch immer Sie bauen m\u00f6chten, wir haben die passende L\u00f6sung f\u00fcr Sie.[\/vc_column_text][vc_row_inner row_inner_height_percent=&#8220;0&#8243; overlay_alpha=&#8220;50&#8243; gutter_size=&#8220;3&#8243; shift_y=&#8220;0&#8243; z_index=&#8220;0&#8243; uncode_shortcode_id=&#8220;221399&#8243; css=&#8220;.vc_custom_1755071429237{padding-right: 40px !important;padding-left: 40px !important;}&#8220;][vc_column_inner column_width_percent=&#8220;100&#8243; gutter_size=&#8220;3&#8243; back_color=&#8220;color-xsdn&#8220; overlay_alpha=&#8220;10&#8243; overlay_animated=&#8220;yes&#8220; overlay_animated_1_color=&#8220;accent&#8220; overlay_animated_size=&#8220;0.7&#8243; radius=&#8220;lg&#8220; shadow=&#8220;xs&#8220; shift_x=&#8220;0&#8243; shift_y=&#8220;0&#8243; shift_y_down=&#8220;0&#8243; z_index=&#8220;0&#8243; medium_width=&#8220;0&#8243; mobile_width=&#8220;0&#8243; width=&#8220;1\/1&#8243; uncode_shortcode_id=&#8220;142275&#8243; back_color_type=&#8220;uncode-palette&#8220; css=&#8220;.vc_custom_1755071475251{padding-top: 20px !important;padding-right: 20px !important;padding-bottom: 20px !important;padding-left: 20px !important;}&#8220; overlay_animated_1_color_type=&#8220;uncode-palette&#8220;][vc_column_text uncode_shortcode_id=&#8220;830101&#8243;]<strong>DIGITAL<\/strong><\/p>\n<h3>Standardbericht<\/h3>\n<p>Ein detailliertes PDF<\/p>\n<p>&nbsp;<\/p>\n<p><span style=\"color: #00c299;\">EUR 99<\/span> <del>EUR 159<br \/>\n<\/del><span style=\"color: #b42268;\">Sonderpreis<\/span>[\/vc_column_text][vc_button border_width=&#8220;0&#8243; link=&#8220;url:https%3A%2F%2Fbuy.stripe.com%2FcNidRa0t9aDj3EW93bc3m01%3Flocale%3Dde|&#8220; uncode_shortcode_id=&#8220;209072&#8243;]Bestellen Sie meinen Bericht[\/vc_button][\/vc_column_inner][\/vc_row_inner][vc_column_text text_lead=&#8220;small&#8220; uncode_shortcode_id=&#8220;113034&#8243;]<\/p>\n<p style=\"text-align: center;\">Lieferung innerhalb von 72 Stunden | Zufriedenheit garantiert<\/p>\n<p>[\/vc_column_text][\/vc_column][vc_column width=&#8220;1\/4&#8243;][\/vc_column][\/vc_row][vc_row][vc_column column_width_percent=&#8220;100&#8243; align_horizontal=&#8220;align_center&#8220; gutter_size=&#8220;3&#8243; overlay_alpha=&#8220;50&#8243; shift_x=&#8220;0&#8243; shift_y=&#8220;0&#8243; shift_y_down=&#8220;0&#8243; z_index=&#8220;0&#8243; medium_width=&#8220;0&#8243; mobile_width=&#8220;0&#8243; width=&#8220;1\/6&#8243; uncode_shortcode_id=&#8220;150911&#8243;][\/vc_column][vc_column column_width_percent=&#8220;100&#8243; align_horizontal=&#8220;align_center&#8220; gutter_size=&#8220;3&#8243; overlay_alpha=&#8220;50&#8243; shift_x=&#8220;0&#8243; shift_y=&#8220;0&#8243; shift_y_down=&#8220;0&#8243; z_index=&#8220;0&#8243; medium_width=&#8220;0&#8243; mobile_width=&#8220;0&#8243; width=&#8220;4\/6&#8243; uncode_shortcode_id=&#8220;190509&#8243;][vc_custom_heading uncode_shortcode_id=&#8220;192827&#8243;]H\u00e4ufig gestellte Fragen[\/vc_custom_heading][vc_accordion typography=&#8220;yes&#8220; label_border=&#8220;yes&#8220; content_border=&#8220;yes&#8220; gutter_simple=&#8220;0&#8243; active_bg_color=&#8220;color-xsdn&#8220; active_txt_color=&#8220;color-jevc&#8220; radius=&#8220;std&#8220; shadow=&#8220;xs&#8220; uncode_shortcode_id=&#8220;863541&#8243; active_bg_color_type=&#8220;uncode-palette&#8220; active_txt_color_type=&#8220;uncode-palette&#8220; active_tab=&#8220;0&#8243;][vc_accordion_tab gutter_size=&#8220;2&#8243; column_padding=&#8220;2&#8243; title=&#8220;Wie detailliert ist der Bericht?&#8220; tab_id=&#8220;1755011652-1-50&#8243;][vc_column_text uncode_shortcode_id=&#8220;192222&#8243;]Der Bericht umfasst 1\u20132 Seiten und enth\u00e4lt eine Zusammenfassung Ihrer Situation, die gesch\u00e4tzte bebaubare Fl\u00e4che, eine Aufschl\u00fcsselung des Budgets, die wichtigsten Risiken und empfohlene n\u00e4chste Schritte.[\/vc_column_text][\/vc_accordion_tab][vc_accordion_tab gutter_size=&#8220;2&#8243; column_padding=&#8220;2&#8243; title=&#8220;Was ist, wenn ich noch kein Grundst\u00fcck habe?&#8220; tab_id=&#8220;1755011652-2-97&#8243;][vc_column_text uncode_shortcode_id=&#8220;184793&#8243;]Kein Problem. Wir k\u00f6nnen Ihnen dennoch eine realistische Vorstellung von Kosten, Zeitpl\u00e4nen und Vorschriften auf der Grundlage Ihres bevorzugten Standorts vermitteln.[\/vc_column_text][\/vc_accordion_tab][vc_accordion_tab gutter_size=&#8220;2&#8243; column_padding=&#8220;2&#8243; title=&#8220;Werde ich von Herstellern kontaktiert werden?&#8220; tab_id=&#8220;1755012540115-2-9&#8243;][vc_column_text uncode_shortcode_id=&#8220;102728&#8243;]Nein. Dies ist eine unabh\u00e4ngige Analyse, die Ihnen helfen soll, die Durchf\u00fchrbarkeit Ihres Projekts zu beurteilen, bevor Sie sich an Lieferanten wenden.[\/vc_column_text][\/vc_accordion_tab][vc_accordion_tab gutter_size=&#8220;2&#8243; column_padding=&#8220;2&#8243; title=&#8220;Wie lange dauert es, bis ich den Bericht erhalte?&#8220; tab_id=&#8220;1755069748782-3-5&#8243;][vc_column_text uncode_shortcode_id=&#8220;101109&#8243;]<\/p>\n<p class=\"p1\">Sie erhalten Ihren personalisierten PDF-Bericht innerhalb von 72 Stunden (oft sogar schneller).<\/p>\n<p>[\/vc_column_text][\/vc_accordion_tab][\/vc_accordion][\/vc_column][vc_column width=&#8220;1\/6&#8243;][\/vc_column][\/vc_row][\/vc_section][vc_row row_height_percent=&#8220;0&#8243; override_padding=&#8220;yes&#8220; h_padding=&#8220;2&#8243; top_padding=&#8220;4&#8243; bottom_padding=&#8220;4&#8243; overlay_alpha=&#8220;50&#8243; gutter_size=&#8220;3&#8243; column_width_percent=&#8220;100&#8243; shift_y=&#8220;0&#8243; z_index=&#8220;0&#8243; content_parallax=&#8220;0&#8243; uncode_shortcode_id=&#8220;436960&#8243;][vc_column column_width_percent=&#8220;100&#8243; align_horizontal=&#8220;align_center&#8220; gutter_size=&#8220;3&#8243; overlay_alpha=&#8220;50&#8243; shift_x=&#8220;0&#8243; shift_y=&#8220;0&#8243; shift_y_down=&#8220;0&#8243; z_index=&#8220;0&#8243; medium_width=&#8220;0&#8243; mobile_width=&#8220;0&#8243; width=&#8220;1\/4&#8243; uncode_shortcode_id=&#8220;462342&#8243;][\/vc_column][vc_column column_width_percent=&#8220;100&#8243; align_horizontal=&#8220;align_center&#8220; gutter_size=&#8220;3&#8243; overlay_alpha=&#8220;50&#8243; shift_x=&#8220;0&#8243; shift_y=&#8220;0&#8243; shift_y_down=&#8220;0&#8243; z_index=&#8220;0&#8243; medium_width=&#8220;0&#8243; mobile_width=&#8220;0&#8243; width=&#8220;1\/2&#8243; uncode_shortcode_id=&#8220;214951&#8243;][vc_custom_heading uncode_shortcode_id=&#8220;816245&#8243;]M\u00f6chten Sie ernsthaft Zeit, Geld und Stress sparen?[\/vc_custom_heading][vc_button border_width=&#8220;0&#8243; link=&#8220;url:https%3A%2F%2Fbuy.stripe.com%2FcNidRa0t9aDj3EW93bc3m01%3Flocale%3Dde|&#8220; uncode_shortcode_id=&#8220;109799&#8243;]Meinen Machbarkeitsbericht erhalten[\/vc_button][\/vc_column][vc_column width=&#8220;1\/4&#8243;][\/vc_column][\/vc_row]<\/p>\n<\/div>","protected":false},"excerpt":{"rendered":"<p>[vc_section][vc_row unlock_row_content=&#8220;yes&#8220; row_height_percent=&#8220;0&#8243; override_padding=&#8220;yes&#8220; h_padding=&#8220;0&#8243; top_padding=&#8220;7&#8243; bottom_padding=&#8220;7&#8243; back_image=&#8220;6324&#8243; back_position=&#8220;center center&#8220; overlay_alpha=&#8220;50&#8243; gutter_size=&#8220;3&#8243; column_width_percent=&#8220;100&#8243; shift_y=&#8220;0&#8243; z_index=&#8220;0&#8243; content_parallax=&#8220;0&#8243; uncode_shortcode_id=&#8220;107443&#8243;][vc_column column_width_percent=&#8220;100&#8243; align_horizontal=&#8220;align_center&#8220; gutter_size=&#8220;3&#8243; [&hellip;]<\/p>\n","protected":false},"author":1,"featured_media":0,"parent":0,"menu_order":0,"comment_status":"closed","ping_status":"closed","template":"","meta":{"_acf_changed":false,"footnotes":""},"class_list":["post-6348","page","type-page","status-publish","hentry"],"acf":[],"yoast_head":"<!-- This site is optimized with the Yoast SEO plugin v25.7 - https:\/\/yoast.com\/wordpress\/plugins\/seo\/ -->\n<title>Machbarkeitsanalyse - Lumo Houses<\/title>\n<meta name=\"robots\" content=\"noindex, nofollow\" \/>\n<meta property=\"og:locale\" content=\"de_DE\" \/>\n<meta property=\"og:type\" content=\"article\" \/>\n<meta property=\"og:title\" content=\"Machbarkeitsanalyse - Lumo Houses\" \/>\n<meta property=\"og:description\" content=\"[vc_section][vc_row unlock_row_content=&#8220;yes&#8220; row_height_percent=&#8220;0&#8243; override_padding=&#8220;yes&#8220; h_padding=&#8220;0&#8243; top_padding=&#8220;7&#8243; bottom_padding=&#8220;7&#8243; back_image=&#8220;6324&#8243; back_position=&#8220;center center&#8220; overlay_alpha=&#8220;50&#8243; gutter_size=&#8220;3&#8243; column_width_percent=&#8220;100&#8243; shift_y=&#8220;0&#8243; z_index=&#8220;0&#8243; content_parallax=&#8220;0&#8243; uncode_shortcode_id=&#8220;107443&#8243;][vc_column column_width_percent=&#8220;100&#8243; align_horizontal=&#8220;align_center&#8220; gutter_size=&#8220;3&#8243; [&hellip;]\" \/>\n<meta property=\"og:url\" content=\"https:\/\/lumohouses.com\/de\/machbarkeitsanalyse\/\" \/>\n<meta property=\"og:site_name\" content=\"Lumo Houses\" \/>\n<meta property=\"article:publisher\" content=\"https:\/\/www.facebook.com\/lumohouses\/\" \/>\n<meta property=\"article:modified_time\" content=\"2025-09-29T13:44:29+00:00\" \/>\n<meta name=\"twitter:card\" content=\"summary_large_image\" \/>\n<meta name=\"twitter:site\" content=\"@lumo_houses\" \/>\n<script type=\"application\/ld+json\" class=\"yoast-schema-graph\">{\"@context\":\"https:\/\/schema.org\",\"@graph\":[{\"@type\":\"WebPage\",\"@id\":\"https:\/\/lumohouses.com\/de\/machbarkeitsanalyse\/\",\"url\":\"https:\/\/lumohouses.com\/de\/machbarkeitsanalyse\/\",\"name\":\"Machbarkeitsanalyse - Lumo Houses\",\"isPartOf\":{\"@id\":\"https:\/\/lumohouses.com\/de\/#website\"},\"datePublished\":\"2025-08-12T15:50:46+00:00\",\"dateModified\":\"2025-09-29T13:44:29+00:00\",\"breadcrumb\":{\"@id\":\"https:\/\/lumohouses.com\/de\/machbarkeitsanalyse\/#breadcrumb\"},\"inLanguage\":\"de\",\"potentialAction\":[{\"@type\":\"ReadAction\",\"target\":[\"https:\/\/lumohouses.com\/de\/machbarkeitsanalyse\/\"]}]},{\"@type\":\"BreadcrumbList\",\"@id\":\"https:\/\/lumohouses.com\/de\/machbarkeitsanalyse\/#breadcrumb\",\"itemListElement\":[{\"@type\":\"ListItem\",\"position\":1,\"name\":\"Home\",\"item\":\"https:\/\/lumohouses.com\/de\/\"},{\"@type\":\"ListItem\",\"position\":2,\"name\":\"Machbarkeitsanalyse\"}]},{\"@type\":\"WebSite\",\"@id\":\"https:\/\/lumohouses.com\/de\/#website\",\"url\":\"https:\/\/lumohouses.com\/de\/\",\"name\":\"Lumo Houses\",\"description\":\"Finden Sie Ihr nachhaltiges Fertighaus.\",\"publisher\":{\"@id\":\"https:\/\/lumohouses.com\/de\/#organization\"},\"potentialAction\":[{\"@type\":\"SearchAction\",\"target\":{\"@type\":\"EntryPoint\",\"urlTemplate\":\"https:\/\/lumohouses.com\/de\/?s={search_term_string}\"},\"query-input\":{\"@type\":\"PropertyValueSpecification\",\"valueRequired\":true,\"valueName\":\"search_term_string\"}}],\"inLanguage\":\"de\"},{\"@type\":\"Organization\",\"@id\":\"https:\/\/lumohouses.com\/de\/#organization\",\"name\":\"Lumo Houses\",\"url\":\"https:\/\/lumohouses.com\/de\/\",\"logo\":{\"@type\":\"ImageObject\",\"inLanguage\":\"de\",\"@id\":\"https:\/\/lumohouses.com\/de\/#\/schema\/logo\/image\/\",\"url\":\"https:\/\/lumohouses.com\/wp-content\/uploads\/2022\/04\/logo-lumohouses.png\",\"contentUrl\":\"https:\/\/lumohouses.com\/wp-content\/uploads\/2022\/04\/logo-lumohouses.png\",\"width\":380,\"height\":58,\"caption\":\"Lumo Houses\"},\"image\":{\"@id\":\"https:\/\/lumohouses.com\/de\/#\/schema\/logo\/image\/\"},\"sameAs\":[\"https:\/\/www.facebook.com\/lumohouses\/\",\"https:\/\/x.com\/lumo_houses\"]}]}<\/script>\n<!-- \/ Yoast SEO plugin. -->","yoast_head_json":{"title":"Machbarkeitsanalyse - Lumo Houses","robots":{"index":"noindex","follow":"nofollow"},"og_locale":"de_DE","og_type":"article","og_title":"Machbarkeitsanalyse - Lumo Houses","og_description":"[vc_section][vc_row unlock_row_content=&#8220;yes&#8220; row_height_percent=&#8220;0&#8243; override_padding=&#8220;yes&#8220; h_padding=&#8220;0&#8243; top_padding=&#8220;7&#8243; bottom_padding=&#8220;7&#8243; back_image=&#8220;6324&#8243; back_position=&#8220;center center&#8220; overlay_alpha=&#8220;50&#8243; gutter_size=&#8220;3&#8243; column_width_percent=&#8220;100&#8243; shift_y=&#8220;0&#8243; z_index=&#8220;0&#8243; content_parallax=&#8220;0&#8243; uncode_shortcode_id=&#8220;107443&#8243;][vc_column column_width_percent=&#8220;100&#8243; align_horizontal=&#8220;align_center&#8220; gutter_size=&#8220;3&#8243; [&hellip;]","og_url":"https:\/\/lumohouses.com\/de\/machbarkeitsanalyse\/","og_site_name":"Lumo Houses","article_publisher":"https:\/\/www.facebook.com\/lumohouses\/","article_modified_time":"2025-09-29T13:44:29+00:00","twitter_card":"summary_large_image","twitter_site":"@lumo_houses","schema":{"@context":"https:\/\/schema.org","@graph":[{"@type":"WebPage","@id":"https:\/\/lumohouses.com\/de\/machbarkeitsanalyse\/","url":"https:\/\/lumohouses.com\/de\/machbarkeitsanalyse\/","name":"Machbarkeitsanalyse - Lumo Houses","isPartOf":{"@id":"https:\/\/lumohouses.com\/de\/#website"},"datePublished":"2025-08-12T15:50:46+00:00","dateModified":"2025-09-29T13:44:29+00:00","breadcrumb":{"@id":"https:\/\/lumohouses.com\/de\/machbarkeitsanalyse\/#breadcrumb"},"inLanguage":"de","potentialAction":[{"@type":"ReadAction","target":["https:\/\/lumohouses.com\/de\/machbarkeitsanalyse\/"]}]},{"@type":"BreadcrumbList","@id":"https:\/\/lumohouses.com\/de\/machbarkeitsanalyse\/#breadcrumb","itemListElement":[{"@type":"ListItem","position":1,"name":"Home","item":"https:\/\/lumohouses.com\/de\/"},{"@type":"ListItem","position":2,"name":"Machbarkeitsanalyse"}]},{"@type":"WebSite","@id":"https:\/\/lumohouses.com\/de\/#website","url":"https:\/\/lumohouses.com\/de\/","name":"Lumo Houses","description":"Finden Sie Ihr nachhaltiges Fertighaus.","publisher":{"@id":"https:\/\/lumohouses.com\/de\/#organization"},"potentialAction":[{"@type":"SearchAction","target":{"@type":"EntryPoint","urlTemplate":"https:\/\/lumohouses.com\/de\/?s={search_term_string}"},"query-input":{"@type":"PropertyValueSpecification","valueRequired":true,"valueName":"search_term_string"}}],"inLanguage":"de"},{"@type":"Organization","@id":"https:\/\/lumohouses.com\/de\/#organization","name":"Lumo Houses","url":"https:\/\/lumohouses.com\/de\/","logo":{"@type":"ImageObject","inLanguage":"de","@id":"https:\/\/lumohouses.com\/de\/#\/schema\/logo\/image\/","url":"https:\/\/lumohouses.com\/wp-content\/uploads\/2022\/04\/logo-lumohouses.png","contentUrl":"https:\/\/lumohouses.com\/wp-content\/uploads\/2022\/04\/logo-lumohouses.png","width":380,"height":58,"caption":"Lumo Houses"},"image":{"@id":"https:\/\/lumohouses.com\/de\/#\/schema\/logo\/image\/"},"sameAs":["https:\/\/www.facebook.com\/lumohouses\/","https:\/\/x.com\/lumo_houses"]}]}},"_links":{"self":[{"href":"https:\/\/lumohouses.com\/de\/wp-json\/wp\/v2\/pages\/6348","targetHints":{"allow":["GET"]}}],"collection":[{"href":"https:\/\/lumohouses.com\/de\/wp-json\/wp\/v2\/pages"}],"about":[{"href":"https:\/\/lumohouses.com\/de\/wp-json\/wp\/v2\/types\/page"}],"author":[{"embeddable":true,"href":"https:\/\/lumohouses.com\/de\/wp-json\/wp\/v2\/users\/1"}],"replies":[{"embeddable":true,"href":"https:\/\/lumohouses.com\/de\/wp-json\/wp\/v2\/comments?post=6348"}],"version-history":[{"count":11,"href":"https:\/\/lumohouses.com\/de\/wp-json\/wp\/v2\/pages\/6348\/revisions"}],"predecessor-version":[{"id":6666,"href":"https:\/\/lumohouses.com\/de\/wp-json\/wp\/v2\/pages\/6348\/revisions\/6666"}],"wp:attachment":[{"href":"https:\/\/lumohouses.com\/de\/wp-json\/wp\/v2\/media?parent=6348"}],"curies":[{"name":"wp","href":"https:\/\/api.w.org\/{rel}","templated":true}]}}