{"id":5525,"date":"2025-01-27T14:15:49","date_gmt":"2025-01-27T14:15:49","guid":{"rendered":"https:\/\/lumohouses.com\/product\/foret-enamel-mug-white\/"},"modified":"2025-02-07T16:45:30","modified_gmt":"2025-02-07T16:45:30","slug":"foret-enamel-mug-white","status":"publish","type":"product","link":"https:\/\/lumohouses.com\/de\/produkt\/foret-enamel-mug-white\/","title":{"rendered":"For\u00e9t Enamel Mug Weiss"},"content":{"rendered":"<p>Wenn Sie f\u00fcr Ihre n\u00e4chste Reise packen, ist es wichtig, leicht zu packen, um flink und beweglich zu bleiben. Der BEAN Emaillebecher ist robust und praktisch f\u00fcr die perfekte Tasse Kaffee zu Hause oder unterwegs.<\/p>\n<p>Verlangsamen Sie, gehen Sie offline und genie\u00dfen Sie die kleinen Dinge.<\/p>\n<p>Sie sind nicht f\u00fcr die Verwendung in der Mikrowelle geeignet.<\/p>\n<p>Enamel Mug<br \/>\n<span style=\"font-family: -apple-system, BlinkMacSystemFont, 'Segoe UI', Roboto, Oxygen-Sans, Ubuntu, Cantarell, 'Helvetica Neue', sans-serif;\">\u00d8: 8 cm \/ 300 ML<br \/>\n<\/span><span style=\"font-family: -apple-system, BlinkMacSystemFont, 'Segoe UI', Roboto, Oxygen-Sans, Ubuntu, Cantarell, 'Helvetica Neue', sans-serif;\">White Mug \/ <\/span><span style=\"font-family: -apple-system, BlinkMacSystemFont, 'Segoe UI', Roboto, Oxygen-Sans, Ubuntu, Cantarell, 'Helvetica Neue', sans-serif;\">Grey Rim \/ <\/span><span style=\"font-family: -apple-system, BlinkMacSystemFont, 'Segoe UI', Roboto, Oxygen-Sans, Ubuntu, Cantarell, 'Helvetica Neue', sans-serif;\">White Inner \/ <\/span><span style=\"font-family: -apple-system, BlinkMacSystemFont, 'Segoe UI', Roboto, Oxygen-Sans, Ubuntu, Cantarell, 'Helvetica Neue', sans-serif;\">Made in UK<\/span><\/p>\n","protected":false},"excerpt":{"rendered":"<p>Wenn Sie f\u00fcr Ihre n\u00e4chste Reise packen, ist es wichtig, leicht zu packen, um flink und beweglich zu bleiben.<\/p>\n","protected":false},"featured_media":5489,"template":"","meta":{"_acf_changed":false},"product_brand":[],"product_cat":[139],"product_tag":[],"class_list":{"0":"post-5525","1":"product","2":"type-product","3":"status-publish","4":"has-post-thumbnail","6":"product_cat-waren","8":"first","9":"instock","10":"shipping-taxable","11":"purchasable","12":"product-type-simple"},"acf":[],"yoast_head":"<!-- This site is optimized with the Yoast SEO plugin v25.7 - https:\/\/yoast.com\/wordpress\/plugins\/seo\/ -->\n<title>For\u00e9t Enamel Mug Weiss - Lumo Houses<\/title>\n<meta name=\"robots\" content=\"index, follow, max-snippet:-1, max-image-preview:large, max-video-preview:-1\" \/>\n<link rel=\"canonical\" href=\"https:\/\/lumohouses.com\/de\/produkt\/foret-enamel-mug-white\/\" \/>\n<meta property=\"og:locale\" content=\"de_DE\" \/>\n<meta property=\"og:type\" content=\"article\" \/>\n<meta property=\"og:title\" content=\"For\u00e9t Enamel Mug Weiss - Lumo Houses\" \/>\n<meta property=\"og:description\" content=\"Wenn Sie f\u00fcr Ihre n\u00e4chste Reise packen, ist es wichtig, leicht zu packen, um flink und beweglich zu bleiben.\" \/>\n<meta property=\"og:url\" content=\"https:\/\/lumohouses.com\/de\/produkt\/foret-enamel-mug-white\/\" \/>\n<meta property=\"og:site_name\" content=\"Lumo Houses\" \/>\n<meta property=\"article:publisher\" content=\"https:\/\/www.facebook.com\/lumohouses\/\" \/>\n<meta property=\"article:modified_time\" content=\"2025-02-07T16:45:30+00:00\" \/>\n<meta property=\"og:image\" content=\"https:\/\/lumohouses.com\/wp-content\/uploads\/2025\/01\/forest-mug-white-main-scaled.jpg\" \/>\n\t<meta property=\"og:image:width\" content=\"1969\" \/>\n\t<meta property=\"og:image:height\" content=\"2560\" \/>\n\t<meta property=\"og:image:type\" content=\"image\/jpeg\" \/>\n<meta name=\"twitter:card\" content=\"summary_large_image\" \/>\n<meta name=\"twitter:site\" content=\"@lumo_houses\" \/>\n<script type=\"application\/ld+json\" class=\"yoast-schema-graph\">{\"@context\":\"https:\/\/schema.org\",\"@graph\":[{\"@type\":\"WebPage\",\"@id\":\"https:\/\/lumohouses.com\/de\/produkt\/foret-enamel-mug-white\/\",\"url\":\"https:\/\/lumohouses.com\/de\/produkt\/foret-enamel-mug-white\/\",\"name\":\"For\u00e9t Enamel Mug Weiss - Lumo Houses\",\"isPartOf\":{\"@id\":\"https:\/\/lumohouses.com\/de\/#website\"},\"primaryImageOfPage\":{\"@id\":\"https:\/\/lumohouses.com\/de\/produkt\/foret-enamel-mug-white\/#primaryimage\"},\"image\":{\"@id\":\"https:\/\/lumohouses.com\/de\/produkt\/foret-enamel-mug-white\/#primaryimage\"},\"thumbnailUrl\":\"https:\/\/lumohouses.com\/wp-content\/uploads\/2025\/01\/forest-mug-white-main-scaled.jpg\",\"datePublished\":\"2025-01-27T14:15:49+00:00\",\"dateModified\":\"2025-02-07T16:45:30+00:00\",\"breadcrumb\":{\"@id\":\"https:\/\/lumohouses.com\/de\/produkt\/foret-enamel-mug-white\/#breadcrumb\"},\"inLanguage\":\"de\",\"potentialAction\":[{\"@type\":\"ReadAction\",\"target\":[\"https:\/\/lumohouses.com\/de\/produkt\/foret-enamel-mug-white\/\"]}]},{\"@type\":\"ImageObject\",\"inLanguage\":\"de\",\"@id\":\"https:\/\/lumohouses.com\/de\/produkt\/foret-enamel-mug-white\/#primaryimage\",\"url\":\"https:\/\/lumohouses.com\/wp-content\/uploads\/2025\/01\/forest-mug-white-main-scaled.jpg\",\"contentUrl\":\"https:\/\/lumohouses.com\/wp-content\/uploads\/2025\/01\/forest-mug-white-main-scaled.jpg\",\"width\":1969,\"height\":2560},{\"@type\":\"BreadcrumbList\",\"@id\":\"https:\/\/lumohouses.com\/de\/produkt\/foret-enamel-mug-white\/#breadcrumb\",\"itemListElement\":[{\"@type\":\"ListItem\",\"position\":1,\"name\":\"Home\",\"item\":\"https:\/\/lumohouses.com\/de\/\"},{\"@type\":\"ListItem\",\"position\":2,\"name\":\"Shop\",\"item\":\"https:\/\/lumohouses.com\/de\/shop\/\"},{\"@type\":\"ListItem\",\"position\":3,\"name\":\"For\u00e9t Enamel Mug Weiss\"}]},{\"@type\":\"WebSite\",\"@id\":\"https:\/\/lumohouses.com\/de\/#website\",\"url\":\"https:\/\/lumohouses.com\/de\/\",\"name\":\"Lumo Houses\",\"description\":\"Finden Sie Ihr nachhaltiges Fertighaus.\",\"publisher\":{\"@id\":\"https:\/\/lumohouses.com\/de\/#organization\"},\"potentialAction\":[{\"@type\":\"SearchAction\",\"target\":{\"@type\":\"EntryPoint\",\"urlTemplate\":\"https:\/\/lumohouses.com\/de\/?s={search_term_string}\"},\"query-input\":{\"@type\":\"PropertyValueSpecification\",\"valueRequired\":true,\"valueName\":\"search_term_string\"}}],\"inLanguage\":\"de\"},{\"@type\":\"Organization\",\"@id\":\"https:\/\/lumohouses.com\/de\/#organization\",\"name\":\"Lumo Houses\",\"url\":\"https:\/\/lumohouses.com\/de\/\",\"logo\":{\"@type\":\"ImageObject\",\"inLanguage\":\"de\",\"@id\":\"https:\/\/lumohouses.com\/de\/#\/schema\/logo\/image\/\",\"url\":\"https:\/\/lumohouses.com\/wp-content\/uploads\/2022\/04\/logo-lumohouses.png\",\"contentUrl\":\"https:\/\/lumohouses.com\/wp-content\/uploads\/2022\/04\/logo-lumohouses.png\",\"width\":380,\"height\":58,\"caption\":\"Lumo Houses\"},\"image\":{\"@id\":\"https:\/\/lumohouses.com\/de\/#\/schema\/logo\/image\/\"},\"sameAs\":[\"https:\/\/www.facebook.com\/lumohouses\/\",\"https:\/\/x.com\/lumo_houses\"]}]}<\/script>\n<!-- \/ Yoast SEO plugin. -->","yoast_head_json":{"title":"For\u00e9t Enamel Mug Weiss - Lumo Houses","robots":{"index":"index","follow":"follow","max-snippet":"max-snippet:-1","max-image-preview":"max-image-preview:large","max-video-preview":"max-video-preview:-1"},"canonical":"https:\/\/lumohouses.com\/de\/produkt\/foret-enamel-mug-white\/","og_locale":"de_DE","og_type":"article","og_title":"For\u00e9t Enamel Mug Weiss - Lumo Houses","og_description":"Wenn Sie f\u00fcr Ihre n\u00e4chste Reise packen, ist es wichtig, leicht zu packen, um flink und beweglich zu bleiben.","og_url":"https:\/\/lumohouses.com\/de\/produkt\/foret-enamel-mug-white\/","og_site_name":"Lumo Houses","article_publisher":"https:\/\/www.facebook.com\/lumohouses\/","article_modified_time":"2025-02-07T16:45:30+00:00","og_image":[{"width":1969,"height":2560,"url":"https:\/\/lumohouses.com\/wp-content\/uploads\/2025\/01\/forest-mug-white-main-scaled.jpg","type":"image\/jpeg"}],"twitter_card":"summary_large_image","twitter_site":"@lumo_houses","schema":{"@context":"https:\/\/schema.org","@graph":[{"@type":"WebPage","@id":"https:\/\/lumohouses.com\/de\/produkt\/foret-enamel-mug-white\/","url":"https:\/\/lumohouses.com\/de\/produkt\/foret-enamel-mug-white\/","name":"For\u00e9t Enamel Mug Weiss - Lumo Houses","isPartOf":{"@id":"https:\/\/lumohouses.com\/de\/#website"},"primaryImageOfPage":{"@id":"https:\/\/lumohouses.com\/de\/produkt\/foret-enamel-mug-white\/#primaryimage"},"image":{"@id":"https:\/\/lumohouses.com\/de\/produkt\/foret-enamel-mug-white\/#primaryimage"},"thumbnailUrl":"https:\/\/lumohouses.com\/wp-content\/uploads\/2025\/01\/forest-mug-white-main-scaled.jpg","datePublished":"2025-01-27T14:15:49+00:00","dateModified":"2025-02-07T16:45:30+00:00","breadcrumb":{"@id":"https:\/\/lumohouses.com\/de\/produkt\/foret-enamel-mug-white\/#breadcrumb"},"inLanguage":"de","potentialAction":[{"@type":"ReadAction","target":["https:\/\/lumohouses.com\/de\/produkt\/foret-enamel-mug-white\/"]}]},{"@type":"ImageObject","inLanguage":"de","@id":"https:\/\/lumohouses.com\/de\/produkt\/foret-enamel-mug-white\/#primaryimage","url":"https:\/\/lumohouses.com\/wp-content\/uploads\/2025\/01\/forest-mug-white-main-scaled.jpg","contentUrl":"https:\/\/lumohouses.com\/wp-content\/uploads\/2025\/01\/forest-mug-white-main-scaled.jpg","width":1969,"height":2560},{"@type":"BreadcrumbList","@id":"https:\/\/lumohouses.com\/de\/produkt\/foret-enamel-mug-white\/#breadcrumb","itemListElement":[{"@type":"ListItem","position":1,"name":"Home","item":"https:\/\/lumohouses.com\/de\/"},{"@type":"ListItem","position":2,"name":"Shop","item":"https:\/\/lumohouses.com\/de\/shop\/"},{"@type":"ListItem","position":3,"name":"For\u00e9t Enamel Mug Weiss"}]},{"@type":"WebSite","@id":"https:\/\/lumohouses.com\/de\/#website","url":"https:\/\/lumohouses.com\/de\/","name":"Lumo Houses","description":"Finden Sie Ihr nachhaltiges Fertighaus.","publisher":{"@id":"https:\/\/lumohouses.com\/de\/#organization"},"potentialAction":[{"@type":"SearchAction","target":{"@type":"EntryPoint","urlTemplate":"https:\/\/lumohouses.com\/de\/?s={search_term_string}"},"query-input":{"@type":"PropertyValueSpecification","valueRequired":true,"valueName":"search_term_string"}}],"inLanguage":"de"},{"@type":"Organization","@id":"https:\/\/lumohouses.com\/de\/#organization","name":"Lumo Houses","url":"https:\/\/lumohouses.com\/de\/","logo":{"@type":"ImageObject","inLanguage":"de","@id":"https:\/\/lumohouses.com\/de\/#\/schema\/logo\/image\/","url":"https:\/\/lumohouses.com\/wp-content\/uploads\/2022\/04\/logo-lumohouses.png","contentUrl":"https:\/\/lumohouses.com\/wp-content\/uploads\/2022\/04\/logo-lumohouses.png","width":380,"height":58,"caption":"Lumo Houses"},"image":{"@id":"https:\/\/lumohouses.com\/de\/#\/schema\/logo\/image\/"},"sameAs":["https:\/\/www.facebook.com\/lumohouses\/","https:\/\/x.com\/lumo_houses"]}]}},"_links":{"self":[{"href":"https:\/\/lumohouses.com\/de\/wp-json\/wp\/v2\/product\/5525","targetHints":{"allow":["GET"]}}],"collection":[{"href":"https:\/\/lumohouses.com\/de\/wp-json\/wp\/v2\/product"}],"about":[{"href":"https:\/\/lumohouses.com\/de\/wp-json\/wp\/v2\/types\/product"}],"wp:featuredmedia":[{"embeddable":true,"href":"https:\/\/lumohouses.com\/de\/wp-json\/wp\/v2\/media\/5489"}],"wp:attachment":[{"href":"https:\/\/lumohouses.com\/de\/wp-json\/wp\/v2\/media?parent=5525"}],"wp:term":[{"taxonomy":"product_brand","embeddable":true,"href":"https:\/\/lumohouses.com\/de\/wp-json\/wp\/v2\/product_brand?post=5525"},{"taxonomy":"product_cat","embeddable":true,"href":"https:\/\/lumohouses.com\/de\/wp-json\/wp\/v2\/product_cat?post=5525"},{"taxonomy":"product_tag","embeddable":true,"href":"https:\/\/lumohouses.com\/de\/wp-json\/wp\/v2\/product_tag?post=5525"}],"curies":[{"name":"wp","href":"https:\/\/api.w.org\/{rel}","templated":true}]}}