{"id":1243,"date":"2022-09-05T14:20:35","date_gmt":"2022-09-05T14:20:35","guid":{"rendered":"https:\/\/lumohouses.com\/tiny-houses-mini-maisons\/"},"modified":"2024-02-26T14:29:12","modified_gmt":"2024-02-26T14:29:12","slug":"tiny-houses","status":"publish","type":"page","link":"https:\/\/lumohouses.com\/fr\/consulter\/tiny-houses\/","title":{"rendered":"Tiny houses \/ Mini maisons"},"content":{"rendered":"<div class=\"wpb-content-wrapper\"><p>[vc_row row_height_percent=\u00a0\u00bb0&Prime; overlay_alpha=\u00a0\u00bb50&Prime; gutter_size=\u00a0\u00bb3&Prime; column_width_percent=\u00a0\u00bb100&Prime; shift_y=\u00a0\u00bb0&Prime; z_index=\u00a0\u00bb0&Prime; uncode_shortcode_id=\u00a0\u00bb306976&Prime;][vc_column width=\u00a0\u00bb1\/1&Prime;][vc_custom_heading heading_semantic=\u00a0\u00bbh1&Prime; text_size=\u00a0\u00bbh1&Prime; uncode_shortcode_id=\u00a0\u00bb516597&Prime;]Tiny houses (minis-maisons) \u00e0 vendre[\/vc_custom_heading][vc_column_text uncode_shortcode_id=\u00a0\u00bb105462&Prime;]Voici une s\u00e9lection des petites maisons (tiny house) que nous avons dans notre base de donn\u00e9es. Nous ajoutons constamment de nouveaux mod\u00e8les.[\/vc_column_text][\/vc_column][\/vc_row][vc_row row_height_percent=\u00a0\u00bb0&Prime; overlay_alpha=\u00a0\u00bb50&Prime; gutter_size=\u00a0\u00bb3&Prime; column_width_percent=\u00a0\u00bb100&Prime; shift_y=\u00a0\u00bb0&Prime; z_index=\u00a0\u00bb0&Prime; uncode_shortcode_id=\u00a0\u00bb175063&Prime; el_id=\u00a0\u00bbmodelLister\u00a0\u00bb][vc_column width=\u00a0\u00bb1\/1&Prime;][uncode_index el_id=\u00a0\u00bbindex-133718&Prime; isotope_mode=\u00a0\u00bbfitRows\u00a0\u00bb loop=\u00a0\u00bbsize:10|order_by:date|post_type:models|categories:30|taxonomy_count:10&Prime; screen_lg=\u00a0\u00bb1000&Prime; screen_md=\u00a0\u00bb600&Prime; screen_sm=\u00a0\u00bb480&Prime; gutter_size=\u00a0\u00bb3&Prime; models_items=\u00a0\u00bbmedia|featured|onpost|original,title,detail-173039-price-description\u00a0\u00bb infinite=\u00a0\u00bbyes\u00a0\u00bb infinite_button=\u00a0\u00bbyes\u00a0\u00bb images_size=\u00a0\u00bbone-one\u00a0\u00bb single_overlay_opacity=\u00a0\u00bb50&Prime; single_padding=\u00a0\u00bb2&Prime; single_title_family=\u00a0\u00bbfont-555555&Prime; single_title_dimension=\u00a0\u00bbh4&Prime; no_double_tap=\u00a0\u00bbyes\u00a0\u00bb uncode_shortcode_id=\u00a0\u00bb572219&Prime;][vc_column_text uncode_shortcode_id=\u00a0\u00bb171351&Prime;]Entrez dans un monde d&rsquo;\u00e9l\u00e9gance compacte gr\u00e2ce \u00e0 notre s\u00e9lection de petites maisons exceptionnelles.<\/p>\n<p>Con\u00e7ue avec pr\u00e9cision pour r\u00e9pondre aux exigences uniques de la vie minimaliste, cette collection incarne un m\u00e9lange harmonieux de style, de fonctionnalit\u00e9 et de qualit\u00e9 durable.<\/p>\n<p>Ces petites maisons offrent des espaces intelligemment con\u00e7us, ce qui en fait un choix id\u00e9al pour les personnes ou les petites familles qui souhaitent un m\u00e9lange de confort et de modernit\u00e9. L&rsquo;esth\u00e9tique moderne alli\u00e9e \u00e0 des am\u00e9nagements pratiques font de ces maisons un choix convoit\u00e9 par ceux qui aspirent \u00e0 un cadre de vie \u00e0 la fois simpliste et sophistiqu\u00e9.<\/p>\n<p>La nature compacte garantit une installation sans probl\u00e8me, offrant une solution de logement durable et n\u00e9cessitant peu d&rsquo;entretien, sans pour autant sacrifier le confort. Nos choix sont la promesse d&rsquo;une qualit\u00e9 sup\u00e9rieure, r\u00e9pondant au d\u00e9sir moderne d&rsquo;en faire moins et plus, avec une touche d&rsquo;\u00e9l\u00e9gance.[\/vc_column_text][\/vc_column][\/vc_row]<\/p>\n<\/div>","protected":false},"excerpt":{"rendered":"<p>[vc_row row_height_percent=\u00a0\u00bb0&Prime; overlay_alpha=\u00a0\u00bb50&Prime; gutter_size=\u00a0\u00bb3&Prime; column_width_percent=\u00a0\u00bb100&Prime; shift_y=\u00a0\u00bb0&Prime; z_index=\u00a0\u00bb0&Prime; uncode_shortcode_id=\u00a0\u00bb306976&Prime;][vc_column width=\u00a0\u00bb1\/1&Prime;][vc_custom_heading heading_semantic=\u00a0\u00bbh1&Prime; text_size=\u00a0\u00bbh1&Prime; uncode_shortcode_id=\u00a0\u00bb516597&Prime;]Tiny houses (minis-maisons) \u00e0 vendre[\/vc_custom_heading][vc_column_text uncode_shortcode_id=\u00a0\u00bb105462&Prime;]Voici une s\u00e9lection des [&hellip;]<\/p>\n","protected":false},"author":1,"featured_media":0,"parent":1410,"menu_order":0,"comment_status":"closed","ping_status":"closed","template":"","meta":{"_acf_changed":false,"footnotes":""},"class_list":["post-1243","page","type-page","status-publish","hentry"],"acf":[],"yoast_head":"<!-- This site is optimized with the Yoast SEO plugin v25.7 - https:\/\/yoast.com\/wordpress\/plugins\/seo\/ -->\n<title>Tiny houses \/ Mini maisons - Lumo Houses<\/title>\n<meta name=\"robots\" content=\"index, follow, max-snippet:-1, max-image-preview:large, max-video-preview:-1\" \/>\n<link rel=\"canonical\" href=\"https:\/\/lumohouses.com\/fr\/consulter\/tiny-houses\/\" \/>\n<meta property=\"og:locale\" content=\"fr_FR\" \/>\n<meta property=\"og:type\" content=\"article\" \/>\n<meta property=\"og:title\" content=\"Tiny houses \/ Mini maisons - Lumo Houses\" \/>\n<meta property=\"og:description\" content=\"[vc_row row_height_percent=\u00a0\u00bb0&Prime; overlay_alpha=\u00a0\u00bb50&Prime; gutter_size=\u00a0\u00bb3&Prime; column_width_percent=\u00a0\u00bb100&Prime; shift_y=\u00a0\u00bb0&Prime; z_index=\u00a0\u00bb0&Prime; uncode_shortcode_id=\u00a0\u00bb306976&Prime;][vc_column width=\u00a0\u00bb1\/1&Prime;][vc_custom_heading heading_semantic=\u00a0\u00bbh1&Prime; text_size=\u00a0\u00bbh1&Prime; uncode_shortcode_id=\u00a0\u00bb516597&Prime;]Tiny houses (minis-maisons) \u00e0 vendre[\/vc_custom_heading][vc_column_text uncode_shortcode_id=\u00a0\u00bb105462&Prime;]Voici une s\u00e9lection des [&hellip;]\" \/>\n<meta property=\"og:url\" content=\"https:\/\/lumohouses.com\/fr\/consulter\/tiny-houses\/\" \/>\n<meta property=\"og:site_name\" content=\"Lumo Houses\" \/>\n<meta property=\"article:publisher\" content=\"https:\/\/www.facebook.com\/lumohouses\/\" \/>\n<meta property=\"article:modified_time\" content=\"2024-02-26T14:29:12+00:00\" \/>\n<meta name=\"twitter:card\" content=\"summary_large_image\" \/>\n<meta name=\"twitter:site\" content=\"@lumo_houses\" \/>\n<script type=\"application\/ld+json\" class=\"yoast-schema-graph\">{\"@context\":\"https:\/\/schema.org\",\"@graph\":[{\"@type\":\"WebPage\",\"@id\":\"https:\/\/lumohouses.com\/fr\/consulter\/tiny-houses\/\",\"url\":\"https:\/\/lumohouses.com\/fr\/consulter\/tiny-houses\/\",\"name\":\"Tiny houses \/ Mini maisons - Lumo Houses\",\"isPartOf\":{\"@id\":\"https:\/\/lumohouses.com\/fr\/#website\"},\"datePublished\":\"2022-09-05T14:20:35+00:00\",\"dateModified\":\"2024-02-26T14:29:12+00:00\",\"breadcrumb\":{\"@id\":\"https:\/\/lumohouses.com\/fr\/consulter\/tiny-houses\/#breadcrumb\"},\"inLanguage\":\"fr-FR\",\"potentialAction\":[{\"@type\":\"ReadAction\",\"target\":[\"https:\/\/lumohouses.com\/fr\/consulter\/tiny-houses\/\"]}]},{\"@type\":\"BreadcrumbList\",\"@id\":\"https:\/\/lumohouses.com\/fr\/consulter\/tiny-houses\/#breadcrumb\",\"itemListElement\":[{\"@type\":\"ListItem\",\"position\":1,\"name\":\"Home\",\"item\":\"https:\/\/lumohouses.com\/fr\/\"},{\"@type\":\"ListItem\",\"position\":2,\"name\":\"Consulter\",\"item\":\"https:\/\/lumohouses.com\/fr\/consulter\/\"},{\"@type\":\"ListItem\",\"position\":3,\"name\":\"Tiny houses \/ Mini maisons\"}]},{\"@type\":\"WebSite\",\"@id\":\"https:\/\/lumohouses.com\/fr\/#website\",\"url\":\"https:\/\/lumohouses.com\/fr\/\",\"name\":\"Lumo Houses\",\"description\":\"Trouvez votre maison pr\u00e9fabriqu\u00e9e durable.\",\"publisher\":{\"@id\":\"https:\/\/lumohouses.com\/fr\/#organization\"},\"potentialAction\":[{\"@type\":\"SearchAction\",\"target\":{\"@type\":\"EntryPoint\",\"urlTemplate\":\"https:\/\/lumohouses.com\/fr\/?s={search_term_string}\"},\"query-input\":{\"@type\":\"PropertyValueSpecification\",\"valueRequired\":true,\"valueName\":\"search_term_string\"}}],\"inLanguage\":\"fr-FR\"},{\"@type\":\"Organization\",\"@id\":\"https:\/\/lumohouses.com\/fr\/#organization\",\"name\":\"Lumo Houses\",\"url\":\"https:\/\/lumohouses.com\/fr\/\",\"logo\":{\"@type\":\"ImageObject\",\"inLanguage\":\"fr-FR\",\"@id\":\"https:\/\/lumohouses.com\/fr\/#\/schema\/logo\/image\/\",\"url\":\"https:\/\/lumohouses.com\/wp-content\/uploads\/2022\/04\/logo-lumohouses.png\",\"contentUrl\":\"https:\/\/lumohouses.com\/wp-content\/uploads\/2022\/04\/logo-lumohouses.png\",\"width\":380,\"height\":58,\"caption\":\"Lumo Houses\"},\"image\":{\"@id\":\"https:\/\/lumohouses.com\/fr\/#\/schema\/logo\/image\/\"},\"sameAs\":[\"https:\/\/www.facebook.com\/lumohouses\/\",\"https:\/\/x.com\/lumo_houses\"]}]}<\/script>\n<!-- \/ Yoast SEO plugin. -->","yoast_head_json":{"title":"Tiny houses \/ Mini maisons - Lumo Houses","robots":{"index":"index","follow":"follow","max-snippet":"max-snippet:-1","max-image-preview":"max-image-preview:large","max-video-preview":"max-video-preview:-1"},"canonical":"https:\/\/lumohouses.com\/fr\/consulter\/tiny-houses\/","og_locale":"fr_FR","og_type":"article","og_title":"Tiny houses \/ Mini maisons - Lumo Houses","og_description":"[vc_row row_height_percent=\u00a0\u00bb0&Prime; overlay_alpha=\u00a0\u00bb50&Prime; gutter_size=\u00a0\u00bb3&Prime; column_width_percent=\u00a0\u00bb100&Prime; shift_y=\u00a0\u00bb0&Prime; z_index=\u00a0\u00bb0&Prime; uncode_shortcode_id=\u00a0\u00bb306976&Prime;][vc_column width=\u00a0\u00bb1\/1&Prime;][vc_custom_heading heading_semantic=\u00a0\u00bbh1&Prime; text_size=\u00a0\u00bbh1&Prime; uncode_shortcode_id=\u00a0\u00bb516597&Prime;]Tiny houses (minis-maisons) \u00e0 vendre[\/vc_custom_heading][vc_column_text uncode_shortcode_id=\u00a0\u00bb105462&Prime;]Voici une s\u00e9lection des [&hellip;]","og_url":"https:\/\/lumohouses.com\/fr\/consulter\/tiny-houses\/","og_site_name":"Lumo Houses","article_publisher":"https:\/\/www.facebook.com\/lumohouses\/","article_modified_time":"2024-02-26T14:29:12+00:00","twitter_card":"summary_large_image","twitter_site":"@lumo_houses","schema":{"@context":"https:\/\/schema.org","@graph":[{"@type":"WebPage","@id":"https:\/\/lumohouses.com\/fr\/consulter\/tiny-houses\/","url":"https:\/\/lumohouses.com\/fr\/consulter\/tiny-houses\/","name":"Tiny houses \/ Mini maisons - Lumo Houses","isPartOf":{"@id":"https:\/\/lumohouses.com\/fr\/#website"},"datePublished":"2022-09-05T14:20:35+00:00","dateModified":"2024-02-26T14:29:12+00:00","breadcrumb":{"@id":"https:\/\/lumohouses.com\/fr\/consulter\/tiny-houses\/#breadcrumb"},"inLanguage":"fr-FR","potentialAction":[{"@type":"ReadAction","target":["https:\/\/lumohouses.com\/fr\/consulter\/tiny-houses\/"]}]},{"@type":"BreadcrumbList","@id":"https:\/\/lumohouses.com\/fr\/consulter\/tiny-houses\/#breadcrumb","itemListElement":[{"@type":"ListItem","position":1,"name":"Home","item":"https:\/\/lumohouses.com\/fr\/"},{"@type":"ListItem","position":2,"name":"Consulter","item":"https:\/\/lumohouses.com\/fr\/consulter\/"},{"@type":"ListItem","position":3,"name":"Tiny houses \/ Mini maisons"}]},{"@type":"WebSite","@id":"https:\/\/lumohouses.com\/fr\/#website","url":"https:\/\/lumohouses.com\/fr\/","name":"Lumo Houses","description":"Trouvez votre maison pr\u00e9fabriqu\u00e9e durable.","publisher":{"@id":"https:\/\/lumohouses.com\/fr\/#organization"},"potentialAction":[{"@type":"SearchAction","target":{"@type":"EntryPoint","urlTemplate":"https:\/\/lumohouses.com\/fr\/?s={search_term_string}"},"query-input":{"@type":"PropertyValueSpecification","valueRequired":true,"valueName":"search_term_string"}}],"inLanguage":"fr-FR"},{"@type":"Organization","@id":"https:\/\/lumohouses.com\/fr\/#organization","name":"Lumo Houses","url":"https:\/\/lumohouses.com\/fr\/","logo":{"@type":"ImageObject","inLanguage":"fr-FR","@id":"https:\/\/lumohouses.com\/fr\/#\/schema\/logo\/image\/","url":"https:\/\/lumohouses.com\/wp-content\/uploads\/2022\/04\/logo-lumohouses.png","contentUrl":"https:\/\/lumohouses.com\/wp-content\/uploads\/2022\/04\/logo-lumohouses.png","width":380,"height":58,"caption":"Lumo Houses"},"image":{"@id":"https:\/\/lumohouses.com\/fr\/#\/schema\/logo\/image\/"},"sameAs":["https:\/\/www.facebook.com\/lumohouses\/","https:\/\/x.com\/lumo_houses"]}]}},"_links":{"self":[{"href":"https:\/\/lumohouses.com\/fr\/wp-json\/wp\/v2\/pages\/1243","targetHints":{"allow":["GET"]}}],"collection":[{"href":"https:\/\/lumohouses.com\/fr\/wp-json\/wp\/v2\/pages"}],"about":[{"href":"https:\/\/lumohouses.com\/fr\/wp-json\/wp\/v2\/types\/page"}],"author":[{"embeddable":true,"href":"https:\/\/lumohouses.com\/fr\/wp-json\/wp\/v2\/users\/1"}],"replies":[{"embeddable":true,"href":"https:\/\/lumohouses.com\/fr\/wp-json\/wp\/v2\/comments?post=1243"}],"version-history":[{"count":0,"href":"https:\/\/lumohouses.com\/fr\/wp-json\/wp\/v2\/pages\/1243\/revisions"}],"up":[{"embeddable":true,"href":"https:\/\/lumohouses.com\/fr\/wp-json\/wp\/v2\/pages\/1410"}],"wp:attachment":[{"href":"https:\/\/lumohouses.com\/fr\/wp-json\/wp\/v2\/media?parent=1243"}],"curies":[{"name":"wp","href":"https:\/\/api.w.org\/{rel}","templated":true}]}}