{"id":144,"date":"2022-03-30T12:16:44","date_gmt":"2022-03-30T12:16:44","guid":{"rendered":"https:\/\/lumohouses.com\/page-daccueil\/"},"modified":"2025-01-10T14:26:30","modified_gmt":"2025-01-10T14:26:30","slug":"page-daccueil","status":"publish","type":"page","link":"https:\/\/lumohouses.com\/fr\/","title":{"rendered":"Page d&rsquo;accueil"},"content":{"rendered":"<div class=\"wpb-content-wrapper\"><p>[vc_row row_height_percent=\u00a0\u00bb60&Prime; override_padding=\u00a0\u00bbyes\u00a0\u00bb h_padding=\u00a0\u00bb7&Prime; top_padding=\u00a0\u00bb7&Prime; bottom_padding=\u00a0\u00bb7&Prime; overlay_alpha=\u00a0\u00bb50&Prime; equal_height=\u00a0\u00bbyes\u00a0\u00bb gutter_size=\u00a0\u00bb3&Prime; column_width_percent=\u00a0\u00bb100&Prime; shift_y=\u00a0\u00bb0&Prime; z_index=\u00a0\u00bb0&Prime; uncode_shortcode_id=\u00a0\u00bb380845&Prime;][vc_column width=\u00a0\u00bb1\/1&Prime;][vc_custom_heading heading_semantic=\u00a0\u00bbh1&Prime; text_size=\u00a0\u00bbh1&Prime; uncode_shortcode_id=\u00a0\u00bb190556&Prime;]Trouvez votre maison pr\u00e9fabriqu\u00e9e <span style=\"color: #00c299;\">durable<\/span>.[\/vc_custom_heading][vc_column_text uncode_shortcode_id=\u00a0\u00bb600463&Prime;]Des centaines de mod\u00e8les de maisons pr\u00e9fabriqu\u00e9es provenant de fournisseurs en Europe. Avec leurs critiques et leurs sp\u00e9cifications[\/vc_column_text][\/vc_column][\/vc_row][vc_row][vc_column width=\u00a0\u00bb1\/1&Prime;][vc_separator sep_color=\u00a0\u00bbcolor-jevc\u00a0\u00bb icon_position=\u00a0\u00bbleft\u00a0\u00bb uncode_shortcode_id=\u00a0\u00bb997031&Prime; sep_color_type=\u00a0\u00bbuncode-palette\u00a0\u00bb el_width=\u00a0\u00bb100px\u00a0\u00bb el_height=\u00a0\u00bb2&Prime;][vc_custom_heading uncode_shortcode_id=\u00a0\u00bb116447&Prime;]Recherche de maison[\/vc_custom_heading][vc_gallery el_id=\u00a0\u00bbgallery-207530&Prime; isotope_mode=\u00a0\u00bbcellsByRow\u00a0\u00bb medias=\u00a0\u00bb112,114,15,116&Prime; gutter_size=\u00a0\u00bb3&Prime; media_items=\u00a0\u00bbmedia|custom_link|original,title,sep-one|full\u00a0\u00bb screen_lg=\u00a0\u00bb1000&Prime; screen_md=\u00a0\u00bb600&Prime; screen_sm=\u00a0\u00bb480&Prime; single_text=\u00a0\u00bbunder\u00a0\u00bb single_width=\u00a0\u00bb6&Prime; images_size=\u00a0\u00bbone-one\u00a0\u00bb single_overlay_opacity=\u00a0\u00bb50&Prime; single_text_visible=\u00a0\u00bbyes\u00a0\u00bb single_padding=\u00a0\u00bb2&Prime; single_title_dimension=\u00a0\u00bbh3&Prime; no_double_tap=\u00a0\u00bbyes\u00a0\u00bb uncode_shortcode_id=\u00a0\u00bb169736&Prime; items=\u00a0\u00bbeyIxNV9pIjp7InNpbmdsZV9saW5rIjoidXJsOmh0dHBzJTNBJTJGJTJGbHVtb2hvdXNlcy5jb20lMkZmciUyRmNvbnN1bHRlciUyRm1haXNvbnMtZmFicmlxdWVlcy1zb3VzLTUway1ldXIlMkZ8dGl0bGU6V2FpdGluZyUyMGxpc3QiLCJzaW5nbGVfYm9yZGVyIjoibm8ifSwiMTEyX2kiOnsic2luZ2xlX2xpbmsiOiJ1cmw6aHR0cHMlM0ElMkYlMkZsdW1vaG91c2VzLmNvbSUyRmZyJTJGY29uc3VsdGVyJTJGY2hvaXgtZGUtbGEtcmVkYWN0aW9uJTJGfHRpdGxlOldhaXRpbmclMjBsaXN0In0sIjExNF9pIjp7InNpbmdsZV9saW5rIjoidXJsOmh0dHBzJTNBJTJGJTJGbHVtb2hvdXNlcy5jb20lMkZmciUyRmNvbnN1bHRlciUyRnRpbnktaG91c2VzJTJGfHRpdGxlOldhaXRpbmclMjBsaXN0In0sIjExNl9pIjp7InNpbmdsZV9saW5rIjoidXJsOmh0dHBzJTNBJTJGJTJGbHVtb2hvdXNlcy5jb20lMkZmciUyRmNvbnN1bHRlciUyRm1haXNvbnMtbW9kdWxhaXJlcyUyRnx0aXRsZTptb2R1bGFyJTIwaG91c2VzIn19&Prime;][\/vc_column][\/vc_row][vc_row][vc_column width=\u00a0\u00bb1\/1&Prime;][vc_custom_heading uncode_shortcode_id=\u00a0\u00bb472651&Prime;]Mod\u00e8les mis en avant[\/vc_custom_heading][uncode_index el_id=\u00a0\u00bbindex-971737&Prime; isotope_mode=\u00a0\u00bbfitRows\u00a0\u00bb loop=\u00a0\u00bbsize:3|order_by:title|order:ASC|post_type:models|categories:82|taxonomy_count:10&Prime; screen_lg=\u00a0\u00bb1000&Prime; screen_md=\u00a0\u00bb600&Prime; screen_sm=\u00a0\u00bb480&Prime; gutter_size=\u00a0\u00bb3&Prime; models_items=\u00a0\u00bbmedia|featured|onpost|original,title,detail-173039-price-description\u00a0\u00bb images_size=\u00a0\u00bbone-one\u00a0\u00bb single_overlay_opacity=\u00a0\u00bb50&Prime; single_padding=\u00a0\u00bb2&Prime; single_title_family=\u00a0\u00bbfont-555555&Prime; single_title_dimension=\u00a0\u00bbh4&Prime; single_text_lead=\u00a0\u00bbsmall\u00a0\u00bb no_double_tap=\u00a0\u00bbyes\u00a0\u00bb uncode_shortcode_id=\u00a0\u00bb160738&Prime;][\/vc_column][\/vc_row][vc_row row_height_percent=\u00a0\u00bb0&Prime; back_color=\u00a0\u00bbcolor-xsdn\u00a0\u00bb overlay_alpha=\u00a0\u00bb50&Prime; gutter_size=\u00a0\u00bb3&Prime; column_width_percent=\u00a0\u00bb100&Prime; shift_y=\u00a0\u00bb0&Prime; z_index=\u00a0\u00bb0&Prime; uncode_shortcode_id=\u00a0\u00bb190195&Prime; back_color_type=\u00a0\u00bbuncode-palette\u00a0\u00bb css=\u00a0\u00bb.vc_custom_1697123990030{padding-top: 100px !important;padding-bottom: 100px !important;}\u00a0\u00bb][vc_column width=\u00a0\u00bb1\/1&Prime;][vc_custom_heading uncode_shortcode_id=\u00a0\u00bb196950&Prime;]Recherche par taille[\/vc_custom_heading][vc_gallery el_id=\u00a0\u00bbgallery-207530&Prime; isotope_mode=\u00a0\u00bbcellsByRow\u00a0\u00bb medias=\u00a0\u00bb3243,3241,3239&Prime; gutter_size=\u00a0\u00bb3&Prime; media_items=\u00a0\u00bbmedia|custom_link|original,title\u00a0\u00bb screen_lg=\u00a0\u00bb1000&Prime; screen_md=\u00a0\u00bb600&Prime; screen_sm=\u00a0\u00bb480&Prime; images_size=\u00a0\u00bbone-one\u00a0\u00bb single_overlay_opacity=\u00a0\u00bb50&Prime; single_text_visible=\u00a0\u00bbyes\u00a0\u00bb single_h_align=\u00a0\u00bbcenter\u00a0\u00bb single_padding=\u00a0\u00bb2&Prime; single_title_dimension=\u00a0\u00bbh3&Prime; no_double_tap=\u00a0\u00bbyes\u00a0\u00bb uncode_shortcode_id=\u00a0\u00bb124944&Prime; items=\u00a0\u00bbeyIxNV9pIjp7InNpbmdsZV9saW5rIjoidXJsOmh0dHBzOi8vbHVtb2hvdXNlcy5jb20vZnIvY29uc3VsdGVyL21haXNvbnMtZmFicmlxdWVlcy1zb3VzLTUway1ldXIvfHRpdGxlOldhaXRpbmcgbGlzdCIsInNpbmdsZV9ib3JkZXIiOiJubyJ9LCIxMTJfaSI6eyJzaW5nbGVfbGluayI6InVybDpodHRwczovL2x1bW9ob3VzZXMuY29tL2Jyb3dzZS9lZGl0b3JzLXBpY2svfHRpdGxlOldhaXRpbmcgbGlzdCJ9LCIxMTRfaSI6eyJzaW5nbGVfbGluayI6InVybDpodHRwczovL2x1bW9ob3VzZXMuY29tL2Jyb3dzZS8xLWJlZHJvb20tbW9kdWxhci1ob21lcy98dGl0bGU6V2FpdGluZyBsaXN0Iiwic2luZ2xlX3RleHQiOiJvdmVybGF5In0sIjExNl9pIjp7InNpbmdsZV9saW5rIjoidXJsOmh0dHBzOi8vbHVtb2hvdXNlcy5jb20vYnJvd3NlL21vZHVsYXItaG91c2VzL3x0aXRsZTptb2R1bGFyIGhvdXNlcyJ9LCIzMjM5X2kiOnsic2luZ2xlX2xpbmsiOiJ1cmw6aHR0cHMlM0ElMkYlMkZsdW1vaG91c2VzLmNvbSUyRmZyJTJGY29uc3VsdGVyJTJGbWFpc29ucy1tb2R1bGFpcmVzLTMtY2hhbWJyZXMlMkZ8dGl0bGU6MyUyMGJlZHJvb21zJTIwbW9kdWxhciUyMGhvbWVzIn0sIjMyNDFfaSI6eyJzaW5nbGVfbGluayI6InVybDpodHRwcyUzQSUyRiUyRmx1bW9ob3VzZXMuY29tJTJGZnIlMkZjb25zdWx0ZXIlMkZtYWlzb25zLW1vZHVsYWlyZXMtMi1jaGFtYnJlcyUyRnx0aXRsZToyJTIwYmVkcm9vbXMlMjBtb2R1bGFyJTIwaG9tZXMifSwiMzI0M19pIjp7InNpbmdsZV9saW5rIjoidXJsOmh0dHBzJTNBJTJGJTJGbHVtb2hvdXNlcy5jb20lMkZmciUyRmNvbnN1bHRlciUyRm1haXNvbnMtbW9kdWxhaXJlcy0xLWNoYW1icmUlMkZ8dGl0bGU6MSUyMGJlZHJvb20lMjBtb2R1bGFyJTIwaG9tZXMifX0=\u00a0\u00bb][\/vc_column][\/vc_row][vc_row row_height_percent=\u00a0\u00bb0&Prime; overlay_alpha=\u00a0\u00bb50&Prime; gutter_size=\u00a0\u00bb3&Prime; column_width_percent=\u00a0\u00bb100&Prime; shift_y=\u00a0\u00bb0&Prime; z_index=\u00a0\u00bb0&Prime; uncode_shortcode_id=\u00a0\u00bb134443&Prime; css=\u00a0\u00bb.vc_custom_1697125538583{padding-top: 100px !important;padding-bottom: 100px !important;}\u00a0\u00bb][vc_column width=\u00a0\u00bb1\/1&Prime;][vc_custom_heading uncode_shortcode_id=\u00a0\u00bb755256&Prime;]En savoir plus sur les maisons pr\u00e9fabriqu\u00e9es[\/vc_custom_heading][vc_column_text uncode_shortcode_id=\u00a0\u00bb965550&Prime;]<\/p>\n<p class=\"p1\">D\u00e9couvrez le monde des pr\u00e9fabriqu\u00e9s et des tiny houses gr\u00e2ce \u00e0 nos articles les plus utiles<\/p>\n<p>[\/vc_column_text][uncode_index el_id=\u00a0\u00bbindex-130830&Prime; loop=\u00a0\u00bbsize:4|order_by:date|post_type:post|categories:82|taxonomy_count:10&Prime; screen_lg=\u00a0\u00bb1000&Prime; screen_md=\u00a0\u00bb600&Prime; screen_sm=\u00a0\u00bb480&Prime; gutter_size=\u00a0\u00bb3&Prime; post_items=\u00a0\u00bbtitle,link|default|default_size|scale_mobile\u00a0\u00bb single_text=\u00a0\u00bboverlay\u00a0\u00bb single_width=\u00a0\u00bb3&Prime; images_size=\u00a0\u00bbone-one\u00a0\u00bb single_style=\u00a0\u00bbdark\u00a0\u00bb single_back_color=\u00a0\u00bbcolor-xsdn\u00a0\u00bb single_overlay_color=\u00a0\u00bbcolor-lxmt\u00a0\u00bb single_overlay_opacity=\u00a0\u00bb50&Prime; single_text_visible=\u00a0\u00bbyes\u00a0\u00bb single_padding=\u00a0\u00bb2&Prime; single_title_dimension=\u00a0\u00bbh4&Prime; no_double_tap=\u00a0\u00bbyes\u00a0\u00bb uncode_shortcode_id=\u00a0\u00bb143142&Prime;][\/vc_column][\/vc_row][vc_row][vc_column width=\u00a0\u00bb1\/4&Prime;][\/vc_column][vc_column column_width_percent=\u00a0\u00bb100&Prime; gutter_size=\u00a0\u00bb3&Prime; back_color=\u00a0\u00bbaccent\u00a0\u00bb overlay_alpha=\u00a0\u00bb50&Prime; shift_x=\u00a0\u00bb0&Prime; shift_y=\u00a0\u00bb0&Prime; shift_y_down=\u00a0\u00bb0&Prime; z_index=\u00a0\u00bb0&Prime; medium_width=\u00a0\u00bb0&Prime; mobile_width=\u00a0\u00bb0&Prime; width=\u00a0\u00bb1\/2&Prime; uncode_shortcode_id=\u00a0\u00bb148076&Prime; back_color_type=\u00a0\u00bbuncode-palette\u00a0\u00bb][vc_custom_heading uncode_shortcode_id=\u00a0\u00bb240921&Prime;]Lumo ?[\/vc_custom_heading][vc_column_text uncode_shortcode_id=\u00a0\u00bb341494&Prime;]Les petites maisons sont souvent beaucoup plus durables qu&rsquo;une grande maison en b\u00e9ton. Souvent construites en bois, un mat\u00e9riau renouvelable et un puits de carbone. L&#8217;empreinte carbone r\u00e9duite peut \u00eatre un gros cadeau pour notre plan\u00e8te.<\/p>\n<p>La promotion du logement durable est <a href=\"https:\/\/lumohouses.com\/fr\/a-propos-de\/\">la mission de Lumo<\/a>.[\/vc_column_text][\/vc_column][vc_column width=\u00a0\u00bb1\/4&Prime;][\/vc_column][\/vc_row]<\/p>\n<\/div>","protected":false},"excerpt":{"rendered":"<p>[vc_row row_height_percent=\u00a0\u00bb60&Prime; override_padding=\u00a0\u00bbyes\u00a0\u00bb h_padding=\u00a0\u00bb7&Prime; top_padding=\u00a0\u00bb7&Prime; bottom_padding=\u00a0\u00bb7&Prime; overlay_alpha=\u00a0\u00bb50&Prime; equal_height=\u00a0\u00bbyes\u00a0\u00bb gutter_size=\u00a0\u00bb3&Prime; column_width_percent=\u00a0\u00bb100&Prime; shift_y=\u00a0\u00bb0&Prime; z_index=\u00a0\u00bb0&Prime; uncode_shortcode_id=\u00a0\u00bb380845&Prime;][vc_column width=\u00a0\u00bb1\/1&Prime;][vc_custom_heading heading_semantic=\u00a0\u00bbh1&Prime; text_size=\u00a0\u00bbh1&Prime; uncode_shortcode_id=\u00a0\u00bb190556&Prime;]Trouvez votre maison pr\u00e9fabriqu\u00e9e [&hellip;]<\/p>\n","protected":false},"author":1,"featured_media":0,"parent":0,"menu_order":1,"comment_status":"closed","ping_status":"closed","template":"","meta":{"_acf_changed":false,"footnotes":""},"class_list":["post-144","page","type-page","status-publish","hentry"],"acf":[],"yoast_head":"<!-- This site is optimized with the Yoast SEO plugin v25.7 - https:\/\/yoast.com\/wordpress\/plugins\/seo\/ -->\n<title>Trouvez votre maison pr\u00e9fabriqu\u00e9e durable - Lumo<\/title>\n<meta name=\"description\" content=\"Des centaines de mod\u00e8les de maisons pr\u00e9fabriqu\u00e9es provenant de fournisseurs en Europe. Avec leurs avis et sp\u00e9cifications disponibles.\" \/>\n<meta name=\"robots\" content=\"index, follow, max-snippet:-1, max-image-preview:large, max-video-preview:-1\" \/>\n<link rel=\"canonical\" href=\"https:\/\/lumohouses.com\/fr\/\" \/>\n<meta property=\"og:locale\" content=\"fr_FR\" \/>\n<meta property=\"og:type\" content=\"article\" \/>\n<meta property=\"og:title\" content=\"Trouvez votre maison pr\u00e9fabriqu\u00e9e durable - Lumo\" \/>\n<meta property=\"og:description\" content=\"Des centaines de mod\u00e8les de maisons pr\u00e9fabriqu\u00e9es provenant de fournisseurs en Europe. Avec leurs avis et sp\u00e9cifications disponibles.\" \/>\n<meta property=\"og:url\" content=\"https:\/\/lumohouses.com\/fr\/\" \/>\n<meta property=\"og:site_name\" content=\"Lumo Houses\" \/>\n<meta property=\"article:publisher\" content=\"https:\/\/www.facebook.com\/lumohouses\/\" \/>\n<meta property=\"article:modified_time\" content=\"2025-01-10T14:26:30+00:00\" \/>\n<meta name=\"twitter:card\" content=\"summary_large_image\" \/>\n<meta name=\"twitter:site\" content=\"@lumo_houses\" \/>\n<script type=\"application\/ld+json\" class=\"yoast-schema-graph\">{\"@context\":\"https:\/\/schema.org\",\"@graph\":[{\"@type\":\"WebPage\",\"@id\":\"https:\/\/lumohouses.com\/fr\/\",\"url\":\"https:\/\/lumohouses.com\/fr\/\",\"name\":\"Trouvez votre maison pr\u00e9fabriqu\u00e9e durable - Lumo\",\"isPartOf\":{\"@id\":\"https:\/\/lumohouses.com\/fr\/#website\"},\"datePublished\":\"2022-03-30T12:16:44+00:00\",\"dateModified\":\"2025-01-10T14:26:30+00:00\",\"description\":\"Des centaines de mod\u00e8les de maisons pr\u00e9fabriqu\u00e9es provenant de fournisseurs en Europe. Avec leurs avis et sp\u00e9cifications disponibles.\",\"breadcrumb\":{\"@id\":\"https:\/\/lumohouses.com\/fr\/#breadcrumb\"},\"inLanguage\":\"fr-FR\",\"potentialAction\":[{\"@type\":\"ReadAction\",\"target\":[\"https:\/\/lumohouses.com\/fr\/\"]}]},{\"@type\":\"BreadcrumbList\",\"@id\":\"https:\/\/lumohouses.com\/fr\/#breadcrumb\",\"itemListElement\":[{\"@type\":\"ListItem\",\"position\":1,\"name\":\"Home\",\"item\":\"https:\/\/lumohouses.com\/fr\/\"},{\"@type\":\"ListItem\",\"position\":2,\"name\":\"Page d&#8217;accueil\"}]},{\"@type\":\"WebSite\",\"@id\":\"https:\/\/lumohouses.com\/fr\/#website\",\"url\":\"https:\/\/lumohouses.com\/fr\/\",\"name\":\"Lumo Houses\",\"description\":\"Trouvez votre maison pr\u00e9fabriqu\u00e9e durable.\",\"publisher\":{\"@id\":\"https:\/\/lumohouses.com\/fr\/#organization\"},\"potentialAction\":[{\"@type\":\"SearchAction\",\"target\":{\"@type\":\"EntryPoint\",\"urlTemplate\":\"https:\/\/lumohouses.com\/fr\/?s={search_term_string}\"},\"query-input\":{\"@type\":\"PropertyValueSpecification\",\"valueRequired\":true,\"valueName\":\"search_term_string\"}}],\"inLanguage\":\"fr-FR\"},{\"@type\":\"Organization\",\"@id\":\"https:\/\/lumohouses.com\/fr\/#organization\",\"name\":\"Lumo Houses\",\"url\":\"https:\/\/lumohouses.com\/fr\/\",\"logo\":{\"@type\":\"ImageObject\",\"inLanguage\":\"fr-FR\",\"@id\":\"https:\/\/lumohouses.com\/fr\/#\/schema\/logo\/image\/\",\"url\":\"https:\/\/lumohouses.com\/wp-content\/uploads\/2022\/04\/logo-lumohouses.png\",\"contentUrl\":\"https:\/\/lumohouses.com\/wp-content\/uploads\/2022\/04\/logo-lumohouses.png\",\"width\":380,\"height\":58,\"caption\":\"Lumo Houses\"},\"image\":{\"@id\":\"https:\/\/lumohouses.com\/fr\/#\/schema\/logo\/image\/\"},\"sameAs\":[\"https:\/\/www.facebook.com\/lumohouses\/\",\"https:\/\/x.com\/lumo_houses\"]}]}<\/script>\n<!-- \/ Yoast SEO plugin. -->","yoast_head_json":{"title":"Trouvez votre maison pr\u00e9fabriqu\u00e9e durable - Lumo","description":"Des centaines de mod\u00e8les de maisons pr\u00e9fabriqu\u00e9es provenant de fournisseurs en Europe. Avec leurs avis et sp\u00e9cifications disponibles.","robots":{"index":"index","follow":"follow","max-snippet":"max-snippet:-1","max-image-preview":"max-image-preview:large","max-video-preview":"max-video-preview:-1"},"canonical":"https:\/\/lumohouses.com\/fr\/","og_locale":"fr_FR","og_type":"article","og_title":"Trouvez votre maison pr\u00e9fabriqu\u00e9e durable - Lumo","og_description":"Des centaines de mod\u00e8les de maisons pr\u00e9fabriqu\u00e9es provenant de fournisseurs en Europe. Avec leurs avis et sp\u00e9cifications disponibles.","og_url":"https:\/\/lumohouses.com\/fr\/","og_site_name":"Lumo Houses","article_publisher":"https:\/\/www.facebook.com\/lumohouses\/","article_modified_time":"2025-01-10T14:26:30+00:00","twitter_card":"summary_large_image","twitter_site":"@lumo_houses","schema":{"@context":"https:\/\/schema.org","@graph":[{"@type":"WebPage","@id":"https:\/\/lumohouses.com\/fr\/","url":"https:\/\/lumohouses.com\/fr\/","name":"Trouvez votre maison pr\u00e9fabriqu\u00e9e durable - Lumo","isPartOf":{"@id":"https:\/\/lumohouses.com\/fr\/#website"},"datePublished":"2022-03-30T12:16:44+00:00","dateModified":"2025-01-10T14:26:30+00:00","description":"Des centaines de mod\u00e8les de maisons pr\u00e9fabriqu\u00e9es provenant de fournisseurs en Europe. Avec leurs avis et sp\u00e9cifications disponibles.","breadcrumb":{"@id":"https:\/\/lumohouses.com\/fr\/#breadcrumb"},"inLanguage":"fr-FR","potentialAction":[{"@type":"ReadAction","target":["https:\/\/lumohouses.com\/fr\/"]}]},{"@type":"BreadcrumbList","@id":"https:\/\/lumohouses.com\/fr\/#breadcrumb","itemListElement":[{"@type":"ListItem","position":1,"name":"Home","item":"https:\/\/lumohouses.com\/fr\/"},{"@type":"ListItem","position":2,"name":"Page d&#8217;accueil"}]},{"@type":"WebSite","@id":"https:\/\/lumohouses.com\/fr\/#website","url":"https:\/\/lumohouses.com\/fr\/","name":"Lumo Houses","description":"Trouvez votre maison pr\u00e9fabriqu\u00e9e durable.","publisher":{"@id":"https:\/\/lumohouses.com\/fr\/#organization"},"potentialAction":[{"@type":"SearchAction","target":{"@type":"EntryPoint","urlTemplate":"https:\/\/lumohouses.com\/fr\/?s={search_term_string}"},"query-input":{"@type":"PropertyValueSpecification","valueRequired":true,"valueName":"search_term_string"}}],"inLanguage":"fr-FR"},{"@type":"Organization","@id":"https:\/\/lumohouses.com\/fr\/#organization","name":"Lumo Houses","url":"https:\/\/lumohouses.com\/fr\/","logo":{"@type":"ImageObject","inLanguage":"fr-FR","@id":"https:\/\/lumohouses.com\/fr\/#\/schema\/logo\/image\/","url":"https:\/\/lumohouses.com\/wp-content\/uploads\/2022\/04\/logo-lumohouses.png","contentUrl":"https:\/\/lumohouses.com\/wp-content\/uploads\/2022\/04\/logo-lumohouses.png","width":380,"height":58,"caption":"Lumo Houses"},"image":{"@id":"https:\/\/lumohouses.com\/fr\/#\/schema\/logo\/image\/"},"sameAs":["https:\/\/www.facebook.com\/lumohouses\/","https:\/\/x.com\/lumo_houses"]}]}},"_links":{"self":[{"href":"https:\/\/lumohouses.com\/fr\/wp-json\/wp\/v2\/pages\/144","targetHints":{"allow":["GET"]}}],"collection":[{"href":"https:\/\/lumohouses.com\/fr\/wp-json\/wp\/v2\/pages"}],"about":[{"href":"https:\/\/lumohouses.com\/fr\/wp-json\/wp\/v2\/types\/page"}],"author":[{"embeddable":true,"href":"https:\/\/lumohouses.com\/fr\/wp-json\/wp\/v2\/users\/1"}],"replies":[{"embeddable":true,"href":"https:\/\/lumohouses.com\/fr\/wp-json\/wp\/v2\/comments?post=144"}],"version-history":[{"count":0,"href":"https:\/\/lumohouses.com\/fr\/wp-json\/wp\/v2\/pages\/144\/revisions"}],"wp:attachment":[{"href":"https:\/\/lumohouses.com\/fr\/wp-json\/wp\/v2\/media?parent=144"}],"curies":[{"name":"wp","href":"https:\/\/api.w.org\/{rel}","templated":true}]}}