{"id":1894,"date":"2023-04-13T14:28:47","date_gmt":"2023-04-13T14:28:47","guid":{"rendered":"https:\/\/lumohouses.com\/consulter\/maisons-prefabriquees-a-moins-de-50k-eur\/"},"modified":"2024-02-26T14:19:59","modified_gmt":"2024-02-26T14:19:59","slug":"maisons-fabriquees-sous-50k-eur","status":"publish","type":"page","link":"https:\/\/lumohouses.com\/fr\/consulter\/maisons-fabriquees-sous-50k-eur\/","title":{"rendered":"Maisons pr\u00e9fabriqu\u00e9es \u00e0 moins de 50k EUR"},"content":{"rendered":"<div class=\"wpb-content-wrapper\"><p>[vc_row][vc_column width=\u00a0\u00bb1\/1&Prime;][vc_custom_heading uncode_shortcode_id=\u00a0\u00bb152985&Prime;]<\/p>\n<h1>Maisons pr\u00e9fabriqu\u00e9es \u00e0 moins de 50k EUR<\/h1>\n<p>[\/vc_custom_heading][vc_column_text uncode_shortcode_id=\u00a0\u00bb271930&Prime;]Nous pr\u00e9sentons l&rsquo;\u00e9ventail des options et les tendances actuelles en mati\u00e8re de maisons pr\u00e9fabriqu\u00e9es modernes de moins de 50 000 euros en vous proposant une s\u00e9lection soigneusement \u00e9tudi\u00e9e.[\/vc_column_text][\/vc_column][\/vc_row][vc_row row_height_percent=\u00a0\u00bb0&Prime; overlay_alpha=\u00a0\u00bb50&Prime; gutter_size=\u00a0\u00bb3&Prime; column_width_percent=\u00a0\u00bb100&Prime; shift_y=\u00a0\u00bb0&Prime; z_index=\u00a0\u00bb0&Prime; uncode_shortcode_id=\u00a0\u00bb462992&Prime; el_id=\u00a0\u00bbmodelLister\u00a0\u00bb][vc_column width=\u00a0\u00bb1\/1&Prime;][uncode_index el_id=\u00a0\u00bbindex-971737&Prime; isotope_mode=\u00a0\u00bbfitRows\u00a0\u00bb loop=\u00a0\u00bbsize:12|order_by:title|order:ASC|post_type:models|categories:35|taxonomy_count:10&Prime; screen_lg=\u00a0\u00bb1000&Prime; screen_md=\u00a0\u00bb600&Prime; screen_sm=\u00a0\u00bb480&Prime; gutter_size=\u00a0\u00bb3&Prime; models_items=\u00a0\u00bbmedia|featured|onpost|original,title,detail-173039-price-description\u00a0\u00bb infinite=\u00a0\u00bbyes\u00a0\u00bb infinite_button=\u00a0\u00bbyes\u00a0\u00bb images_size=\u00a0\u00bbone-one\u00a0\u00bb single_overlay_opacity=\u00a0\u00bb50&Prime; single_padding=\u00a0\u00bb2&Prime; single_title_family=\u00a0\u00bbfont-555555&Prime; single_title_dimension=\u00a0\u00bbh4&Prime; single_text_lead=\u00a0\u00bbsmall\u00a0\u00bb no_double_tap=\u00a0\u00bbyes\u00a0\u00bb uncode_shortcode_id=\u00a0\u00bb223954&Prime;][vc_column_text uncode_shortcode_id=\u00a0\u00bb181787&Prime;]Entrez dans le royaume de l&rsquo;\u00e9l\u00e9gance abordable avec notre s\u00e9lection de maisons dont le prix est inf\u00e9rieur \u00e0 50 000 EUR.<\/p>\n<p>M\u00e9ticuleusement con\u00e7ue pour r\u00e9pondre aux exigences d&rsquo;une vie moderne \u00e0 petit budget, cette collection incarne un m\u00e9lange harmonieux de style, de fonctionnalit\u00e9 et de qualit\u00e9 dans diverses configurations de chambres \u00e0 coucher.<\/p>\n<p>Ces maisons \u00e9conomiques offrent une gamme de solutions d&rsquo;espace, ce qui en fait un excellent choix pour les individus ou les familles de toute taille qui recherchent une fusion de confort et de vie contemporaine sans une \u00e9tiquette de prix \u00e9lev\u00e9e. L&rsquo;esth\u00e9tique de la conception, \u00e9quilibr\u00e9e par des am\u00e9nagements pratiques, fait de ces maisons un choix souhaitable pour ceux qui aspirent \u00e0 un cadre de vie simpliste mais de bon go\u00fbt.<\/p>\n<p>Le niveau de prix \u00e9conomique facilite la transition vers l&rsquo;accession \u00e0 la propri\u00e9t\u00e9, en offrant une option de logement durable, n\u00e9cessitant peu d&rsquo;entretien, sans compromis sur le confort. Nos s\u00e9lections montrent qu&rsquo;il est possible de profiter d&rsquo;une qualit\u00e9 sup\u00e9rieure et d&rsquo;un mode de vie moderne, m\u00eame avec un budget modeste.[\/vc_column_text][\/vc_column][\/vc_row]<\/p>\n<\/div>","protected":false},"excerpt":{"rendered":"<p>[vc_row][vc_column width=\u00a0\u00bb1\/1&Prime;][vc_custom_heading uncode_shortcode_id=\u00a0\u00bb152985&Prime;] Maisons pr\u00e9fabriqu\u00e9es \u00e0 moins de 50k EUR [\/vc_custom_heading][vc_column_text uncode_shortcode_id=\u00a0\u00bb271930&Prime;]Nous pr\u00e9sentons l&rsquo;\u00e9ventail des options et les tendances actuelles [&hellip;]<\/p>\n","protected":false},"author":1,"featured_media":0,"parent":1410,"menu_order":0,"comment_status":"closed","ping_status":"closed","template":"","meta":{"_acf_changed":false,"footnotes":""},"class_list":["post-1894","page","type-page","status-publish","hentry"],"acf":[],"yoast_head":"<!-- This site is optimized with the Yoast SEO plugin v25.7 - https:\/\/yoast.com\/wordpress\/plugins\/seo\/ -->\n<title>Maisons pr\u00e9fabriqu\u00e9es \u00e0 moins de 50k EUR - Lumo Houses<\/title>\n<meta name=\"robots\" content=\"index, follow, max-snippet:-1, max-image-preview:large, max-video-preview:-1\" \/>\n<link rel=\"canonical\" href=\"https:\/\/lumohouses.com\/fr\/consulter\/maisons-fabriquees-sous-50k-eur\/\" \/>\n<meta property=\"og:locale\" content=\"fr_FR\" \/>\n<meta property=\"og:type\" content=\"article\" \/>\n<meta property=\"og:title\" content=\"Maisons pr\u00e9fabriqu\u00e9es \u00e0 moins de 50k EUR - Lumo Houses\" \/>\n<meta property=\"og:description\" content=\"[vc_row][vc_column width=\u00a0\u00bb1\/1&Prime;][vc_custom_heading uncode_shortcode_id=\u00a0\u00bb152985&Prime;] Maisons pr\u00e9fabriqu\u00e9es \u00e0 moins de 50k EUR [\/vc_custom_heading][vc_column_text uncode_shortcode_id=\u00a0\u00bb271930&Prime;]Nous pr\u00e9sentons l&rsquo;\u00e9ventail des options et les tendances actuelles [&hellip;]\" \/>\n<meta property=\"og:url\" content=\"https:\/\/lumohouses.com\/fr\/consulter\/maisons-fabriquees-sous-50k-eur\/\" \/>\n<meta property=\"og:site_name\" content=\"Lumo Houses\" \/>\n<meta property=\"article:publisher\" content=\"https:\/\/www.facebook.com\/lumohouses\/\" \/>\n<meta property=\"article:modified_time\" content=\"2024-02-26T14:19:59+00:00\" \/>\n<meta name=\"twitter:card\" content=\"summary_large_image\" \/>\n<meta name=\"twitter:site\" content=\"@lumo_houses\" \/>\n<script type=\"application\/ld+json\" class=\"yoast-schema-graph\">{\"@context\":\"https:\/\/schema.org\",\"@graph\":[{\"@type\":\"WebPage\",\"@id\":\"https:\/\/lumohouses.com\/fr\/consulter\/maisons-fabriquees-sous-50k-eur\/\",\"url\":\"https:\/\/lumohouses.com\/fr\/consulter\/maisons-fabriquees-sous-50k-eur\/\",\"name\":\"Maisons pr\u00e9fabriqu\u00e9es \u00e0 moins de 50k EUR - Lumo Houses\",\"isPartOf\":{\"@id\":\"https:\/\/lumohouses.com\/fr\/#website\"},\"datePublished\":\"2023-04-13T14:28:47+00:00\",\"dateModified\":\"2024-02-26T14:19:59+00:00\",\"breadcrumb\":{\"@id\":\"https:\/\/lumohouses.com\/fr\/consulter\/maisons-fabriquees-sous-50k-eur\/#breadcrumb\"},\"inLanguage\":\"fr-FR\",\"potentialAction\":[{\"@type\":\"ReadAction\",\"target\":[\"https:\/\/lumohouses.com\/fr\/consulter\/maisons-fabriquees-sous-50k-eur\/\"]}]},{\"@type\":\"BreadcrumbList\",\"@id\":\"https:\/\/lumohouses.com\/fr\/consulter\/maisons-fabriquees-sous-50k-eur\/#breadcrumb\",\"itemListElement\":[{\"@type\":\"ListItem\",\"position\":1,\"name\":\"Home\",\"item\":\"https:\/\/lumohouses.com\/fr\/\"},{\"@type\":\"ListItem\",\"position\":2,\"name\":\"Consulter\",\"item\":\"https:\/\/lumohouses.com\/fr\/consulter\/\"},{\"@type\":\"ListItem\",\"position\":3,\"name\":\"Maisons pr\u00e9fabriqu\u00e9es \u00e0 moins de 50k EUR\"}]},{\"@type\":\"WebSite\",\"@id\":\"https:\/\/lumohouses.com\/fr\/#website\",\"url\":\"https:\/\/lumohouses.com\/fr\/\",\"name\":\"Lumo Houses\",\"description\":\"Trouvez votre maison pr\u00e9fabriqu\u00e9e durable.\",\"publisher\":{\"@id\":\"https:\/\/lumohouses.com\/fr\/#organization\"},\"potentialAction\":[{\"@type\":\"SearchAction\",\"target\":{\"@type\":\"EntryPoint\",\"urlTemplate\":\"https:\/\/lumohouses.com\/fr\/?s={search_term_string}\"},\"query-input\":{\"@type\":\"PropertyValueSpecification\",\"valueRequired\":true,\"valueName\":\"search_term_string\"}}],\"inLanguage\":\"fr-FR\"},{\"@type\":\"Organization\",\"@id\":\"https:\/\/lumohouses.com\/fr\/#organization\",\"name\":\"Lumo Houses\",\"url\":\"https:\/\/lumohouses.com\/fr\/\",\"logo\":{\"@type\":\"ImageObject\",\"inLanguage\":\"fr-FR\",\"@id\":\"https:\/\/lumohouses.com\/fr\/#\/schema\/logo\/image\/\",\"url\":\"https:\/\/lumohouses.com\/wp-content\/uploads\/2022\/04\/logo-lumohouses.png\",\"contentUrl\":\"https:\/\/lumohouses.com\/wp-content\/uploads\/2022\/04\/logo-lumohouses.png\",\"width\":380,\"height\":58,\"caption\":\"Lumo Houses\"},\"image\":{\"@id\":\"https:\/\/lumohouses.com\/fr\/#\/schema\/logo\/image\/\"},\"sameAs\":[\"https:\/\/www.facebook.com\/lumohouses\/\",\"https:\/\/x.com\/lumo_houses\"]}]}<\/script>\n<!-- \/ Yoast SEO plugin. -->","yoast_head_json":{"title":"Maisons pr\u00e9fabriqu\u00e9es \u00e0 moins de 50k EUR - Lumo Houses","robots":{"index":"index","follow":"follow","max-snippet":"max-snippet:-1","max-image-preview":"max-image-preview:large","max-video-preview":"max-video-preview:-1"},"canonical":"https:\/\/lumohouses.com\/fr\/consulter\/maisons-fabriquees-sous-50k-eur\/","og_locale":"fr_FR","og_type":"article","og_title":"Maisons pr\u00e9fabriqu\u00e9es \u00e0 moins de 50k EUR - Lumo Houses","og_description":"[vc_row][vc_column width=\u00a0\u00bb1\/1&Prime;][vc_custom_heading uncode_shortcode_id=\u00a0\u00bb152985&Prime;] Maisons pr\u00e9fabriqu\u00e9es \u00e0 moins de 50k EUR [\/vc_custom_heading][vc_column_text uncode_shortcode_id=\u00a0\u00bb271930&Prime;]Nous pr\u00e9sentons l&rsquo;\u00e9ventail des options et les tendances actuelles [&hellip;]","og_url":"https:\/\/lumohouses.com\/fr\/consulter\/maisons-fabriquees-sous-50k-eur\/","og_site_name":"Lumo Houses","article_publisher":"https:\/\/www.facebook.com\/lumohouses\/","article_modified_time":"2024-02-26T14:19:59+00:00","twitter_card":"summary_large_image","twitter_site":"@lumo_houses","schema":{"@context":"https:\/\/schema.org","@graph":[{"@type":"WebPage","@id":"https:\/\/lumohouses.com\/fr\/consulter\/maisons-fabriquees-sous-50k-eur\/","url":"https:\/\/lumohouses.com\/fr\/consulter\/maisons-fabriquees-sous-50k-eur\/","name":"Maisons pr\u00e9fabriqu\u00e9es \u00e0 moins de 50k EUR - Lumo Houses","isPartOf":{"@id":"https:\/\/lumohouses.com\/fr\/#website"},"datePublished":"2023-04-13T14:28:47+00:00","dateModified":"2024-02-26T14:19:59+00:00","breadcrumb":{"@id":"https:\/\/lumohouses.com\/fr\/consulter\/maisons-fabriquees-sous-50k-eur\/#breadcrumb"},"inLanguage":"fr-FR","potentialAction":[{"@type":"ReadAction","target":["https:\/\/lumohouses.com\/fr\/consulter\/maisons-fabriquees-sous-50k-eur\/"]}]},{"@type":"BreadcrumbList","@id":"https:\/\/lumohouses.com\/fr\/consulter\/maisons-fabriquees-sous-50k-eur\/#breadcrumb","itemListElement":[{"@type":"ListItem","position":1,"name":"Home","item":"https:\/\/lumohouses.com\/fr\/"},{"@type":"ListItem","position":2,"name":"Consulter","item":"https:\/\/lumohouses.com\/fr\/consulter\/"},{"@type":"ListItem","position":3,"name":"Maisons pr\u00e9fabriqu\u00e9es \u00e0 moins de 50k EUR"}]},{"@type":"WebSite","@id":"https:\/\/lumohouses.com\/fr\/#website","url":"https:\/\/lumohouses.com\/fr\/","name":"Lumo Houses","description":"Trouvez votre maison pr\u00e9fabriqu\u00e9e durable.","publisher":{"@id":"https:\/\/lumohouses.com\/fr\/#organization"},"potentialAction":[{"@type":"SearchAction","target":{"@type":"EntryPoint","urlTemplate":"https:\/\/lumohouses.com\/fr\/?s={search_term_string}"},"query-input":{"@type":"PropertyValueSpecification","valueRequired":true,"valueName":"search_term_string"}}],"inLanguage":"fr-FR"},{"@type":"Organization","@id":"https:\/\/lumohouses.com\/fr\/#organization","name":"Lumo Houses","url":"https:\/\/lumohouses.com\/fr\/","logo":{"@type":"ImageObject","inLanguage":"fr-FR","@id":"https:\/\/lumohouses.com\/fr\/#\/schema\/logo\/image\/","url":"https:\/\/lumohouses.com\/wp-content\/uploads\/2022\/04\/logo-lumohouses.png","contentUrl":"https:\/\/lumohouses.com\/wp-content\/uploads\/2022\/04\/logo-lumohouses.png","width":380,"height":58,"caption":"Lumo Houses"},"image":{"@id":"https:\/\/lumohouses.com\/fr\/#\/schema\/logo\/image\/"},"sameAs":["https:\/\/www.facebook.com\/lumohouses\/","https:\/\/x.com\/lumo_houses"]}]}},"_links":{"self":[{"href":"https:\/\/lumohouses.com\/fr\/wp-json\/wp\/v2\/pages\/1894","targetHints":{"allow":["GET"]}}],"collection":[{"href":"https:\/\/lumohouses.com\/fr\/wp-json\/wp\/v2\/pages"}],"about":[{"href":"https:\/\/lumohouses.com\/fr\/wp-json\/wp\/v2\/types\/page"}],"author":[{"embeddable":true,"href":"https:\/\/lumohouses.com\/fr\/wp-json\/wp\/v2\/users\/1"}],"replies":[{"embeddable":true,"href":"https:\/\/lumohouses.com\/fr\/wp-json\/wp\/v2\/comments?post=1894"}],"version-history":[{"count":0,"href":"https:\/\/lumohouses.com\/fr\/wp-json\/wp\/v2\/pages\/1894\/revisions"}],"up":[{"embeddable":true,"href":"https:\/\/lumohouses.com\/fr\/wp-json\/wp\/v2\/pages\/1410"}],"wp:attachment":[{"href":"https:\/\/lumohouses.com\/fr\/wp-json\/wp\/v2\/media?parent=1894"}],"curies":[{"name":"wp","href":"https:\/\/api.w.org\/{rel}","templated":true}]}}