{"id":6270,"date":"2025-08-08T08:29:06","date_gmt":"2025-08-08T08:29:06","guid":{"rendered":"https:\/\/lumohouses.com\/bureau-jardin\/"},"modified":"2025-08-08T08:50:38","modified_gmt":"2025-08-08T08:50:38","slug":"bureau-jardin","status":"publish","type":"page","link":"https:\/\/lumohouses.com\/fr\/bureau-jardin\/","title":{"rendered":"Bureau de jardin"},"content":{"rendered":"<div class=\"wpb-content-wrapper\"><p>[vc_row row_height_percent=\u00a0\u00bb0&Prime; overlay_alpha=\u00a0\u00bb50&Prime; gutter_size=\u00a0\u00bb3&Prime; column_width_percent=\u00a0\u00bb100&Prime; shift_y=\u00a0\u00bb0&Prime; z_index=\u00a0\u00bb0&Prime; uncode_shortcode_id=\u00a0\u00bb306976&Prime;][vc_column width=\u00a0\u00bb1\/1&Prime;][vc_custom_heading heading_semantic=\u00a0\u00bbh1&Prime; text_size=\u00a0\u00bbh1&Prime; uncode_shortcode_id=\u00a0\u00bb234513&Prime;]Bureau de jardin[\/vc_custom_heading][vc_column_text uncode_shortcode_id=\u00a0\u00bb176255&Prime;]Voici une s\u00e9lection de bureaux de jardin issus de notre base de donn\u00e9es.[\/vc_column_text][\/vc_column][\/vc_row][vc_row row_height_percent=\u00a0\u00bb0&Prime; overlay_alpha=\u00a0\u00bb50&Prime; gutter_size=\u00a0\u00bb3&Prime; column_width_percent=\u00a0\u00bb100&Prime; shift_y=\u00a0\u00bb0&Prime; z_index=\u00a0\u00bb0&Prime; uncode_shortcode_id=\u00a0\u00bb175063&Prime; el_id=\u00a0\u00bbmodelLister\u00a0\u00bb][vc_column width=\u00a0\u00bb1\/1&Prime;][uncode_index el_id=\u00a0\u00bbindex-133718&Prime; isotope_mode=\u00a0\u00bbfitRows\u00a0\u00bb loop=\u00a0\u00bbsize:10|order_by:date|post_type:models|categories:47|taxonomy_count:10&Prime; screen_lg=\u00a0\u00bb1000&Prime; screen_md=\u00a0\u00bb600&Prime; screen_sm=\u00a0\u00bb480&Prime; gutter_size=\u00a0\u00bb3&Prime; models_items=\u00a0\u00bbmedia|featured|onpost|original,title,detail-173039-price-description\u00a0\u00bb infinite=\u00a0\u00bbyes\u00a0\u00bb images_size=\u00a0\u00bbone-one\u00a0\u00bb single_overlay_opacity=\u00a0\u00bb50&Prime; single_padding=\u00a0\u00bb2&Prime; single_title_family=\u00a0\u00bbfont-555555&Prime; single_title_dimension=\u00a0\u00bbh4&Prime; no_double_tap=\u00a0\u00bbyes\u00a0\u00bb uncode_shortcode_id=\u00a0\u00bb185957&Prime;][vc_column_text uncode_shortcode_id=\u00a0\u00bb191313&Prime;]<\/p>\n<p class=\"p1\">D\u00e9couvrez une nouvelle fa\u00e7on de travailler plus intelligente gr\u00e2ce \u00e0 notre collection de bureaux de jardin modernes. Con\u00e7us pour les professionnels d&rsquo;aujourd&rsquo;hui, ces espaces de travail ind\u00e9pendants offrent un m\u00e9lange parfait de confort, de fonctionnalit\u00e9 et de style intemporel. <\/p>\n<p class=\"p1\">Que vous soyez freelance, que vous dirigiez une entreprise ou que vous ayez simplement besoin d&rsquo;un coin tranquille \u00e0 l&rsquo;\u00e9cart de la maison principale, nos bureaux de jardin vous offrent un espace d\u00e9di\u00e9 pour vous concentrer et vous \u00e9panouir.<\/p>\n<p class=\"p1\">Avec leurs lignes \u00e9pur\u00e9es, leurs mat\u00e9riaux haut de gamme et leur agencement intelligent, elles sont con\u00e7ues pour \u00eatre aussi inspirantes que pratiques. Et gr\u00e2ce \u00e0 notre construction modulaire, l&rsquo;installation est rapide et sans tracas : pas de travaux importants, pas d&rsquo;attente interminable. <\/p>\n<p class=\"p1\">D\u00e9couvrez comment un bureau de jardin peut transformer votre quotidien. C&rsquo;est bien plus qu&rsquo;un simple espace de travail. C&rsquo;est votre espace.  <\/p>\n<p>[\/vc_column_text][\/vc_column][\/vc_row]<\/p>\n<\/div>","protected":false},"excerpt":{"rendered":"<p>[vc_row row_height_percent=\u00a0\u00bb0&Prime; overlay_alpha=\u00a0\u00bb50&Prime; gutter_size=\u00a0\u00bb3&Prime; column_width_percent=\u00a0\u00bb100&Prime; shift_y=\u00a0\u00bb0&Prime; z_index=\u00a0\u00bb0&Prime; uncode_shortcode_id=\u00a0\u00bb306976&Prime;][vc_column width=\u00a0\u00bb1\/1&Prime;][vc_custom_heading heading_semantic=\u00a0\u00bbh1&Prime; text_size=\u00a0\u00bbh1&Prime; uncode_shortcode_id=\u00a0\u00bb234513&Prime;]Bureau de jardin[\/vc_custom_heading][vc_column_text uncode_shortcode_id=\u00a0\u00bb176255&Prime;]Voici une s\u00e9lection de bureaux de [&hellip;]<\/p>\n","protected":false},"author":1,"featured_media":0,"parent":0,"menu_order":0,"comment_status":"closed","ping_status":"closed","template":"","meta":{"_acf_changed":false,"footnotes":""},"class_list":["post-6270","page","type-page","status-publish","hentry"],"acf":[],"yoast_head":"<!-- This site is optimized with the Yoast SEO plugin v25.7 - https:\/\/yoast.com\/wordpress\/plugins\/seo\/ -->\n<title>Bureau de jardin - Lumo Houses<\/title>\n<meta name=\"robots\" content=\"index, follow, max-snippet:-1, max-image-preview:large, max-video-preview:-1\" \/>\n<link rel=\"canonical\" href=\"https:\/\/lumohouses.com\/fr\/bureau-jardin\/\" \/>\n<meta property=\"og:locale\" content=\"fr_FR\" \/>\n<meta property=\"og:type\" content=\"article\" \/>\n<meta property=\"og:title\" content=\"Bureau de jardin - Lumo Houses\" \/>\n<meta property=\"og:description\" content=\"[vc_row row_height_percent=\u00a0\u00bb0&Prime; overlay_alpha=\u00a0\u00bb50&Prime; gutter_size=\u00a0\u00bb3&Prime; column_width_percent=\u00a0\u00bb100&Prime; shift_y=\u00a0\u00bb0&Prime; z_index=\u00a0\u00bb0&Prime; uncode_shortcode_id=\u00a0\u00bb306976&Prime;][vc_column width=\u00a0\u00bb1\/1&Prime;][vc_custom_heading heading_semantic=\u00a0\u00bbh1&Prime; text_size=\u00a0\u00bbh1&Prime; uncode_shortcode_id=\u00a0\u00bb234513&Prime;]Bureau de jardin[\/vc_custom_heading][vc_column_text uncode_shortcode_id=\u00a0\u00bb176255&Prime;]Voici une s\u00e9lection de bureaux de [&hellip;]\" \/>\n<meta property=\"og:url\" content=\"https:\/\/lumohouses.com\/fr\/bureau-jardin\/\" \/>\n<meta property=\"og:site_name\" content=\"Lumo Houses\" \/>\n<meta property=\"article:publisher\" content=\"https:\/\/www.facebook.com\/lumohouses\/\" \/>\n<meta property=\"article:modified_time\" content=\"2025-08-08T08:50:38+00:00\" \/>\n<meta name=\"twitter:card\" content=\"summary_large_image\" \/>\n<meta name=\"twitter:site\" content=\"@lumo_houses\" \/>\n<script type=\"application\/ld+json\" class=\"yoast-schema-graph\">{\"@context\":\"https:\/\/schema.org\",\"@graph\":[{\"@type\":\"WebPage\",\"@id\":\"https:\/\/lumohouses.com\/fr\/bureau-jardin\/\",\"url\":\"https:\/\/lumohouses.com\/fr\/bureau-jardin\/\",\"name\":\"Bureau de jardin - Lumo Houses\",\"isPartOf\":{\"@id\":\"https:\/\/lumohouses.com\/fr\/#website\"},\"datePublished\":\"2025-08-08T08:29:06+00:00\",\"dateModified\":\"2025-08-08T08:50:38+00:00\",\"breadcrumb\":{\"@id\":\"https:\/\/lumohouses.com\/fr\/bureau-jardin\/#breadcrumb\"},\"inLanguage\":\"fr-FR\",\"potentialAction\":[{\"@type\":\"ReadAction\",\"target\":[\"https:\/\/lumohouses.com\/fr\/bureau-jardin\/\"]}]},{\"@type\":\"BreadcrumbList\",\"@id\":\"https:\/\/lumohouses.com\/fr\/bureau-jardin\/#breadcrumb\",\"itemListElement\":[{\"@type\":\"ListItem\",\"position\":1,\"name\":\"Home\",\"item\":\"https:\/\/lumohouses.com\/fr\/\"},{\"@type\":\"ListItem\",\"position\":2,\"name\":\"Bureau de jardin\"}]},{\"@type\":\"WebSite\",\"@id\":\"https:\/\/lumohouses.com\/fr\/#website\",\"url\":\"https:\/\/lumohouses.com\/fr\/\",\"name\":\"Lumo Houses\",\"description\":\"Trouvez votre maison pr\u00e9fabriqu\u00e9e durable.\",\"publisher\":{\"@id\":\"https:\/\/lumohouses.com\/fr\/#organization\"},\"potentialAction\":[{\"@type\":\"SearchAction\",\"target\":{\"@type\":\"EntryPoint\",\"urlTemplate\":\"https:\/\/lumohouses.com\/fr\/?s={search_term_string}\"},\"query-input\":{\"@type\":\"PropertyValueSpecification\",\"valueRequired\":true,\"valueName\":\"search_term_string\"}}],\"inLanguage\":\"fr-FR\"},{\"@type\":\"Organization\",\"@id\":\"https:\/\/lumohouses.com\/fr\/#organization\",\"name\":\"Lumo Houses\",\"url\":\"https:\/\/lumohouses.com\/fr\/\",\"logo\":{\"@type\":\"ImageObject\",\"inLanguage\":\"fr-FR\",\"@id\":\"https:\/\/lumohouses.com\/fr\/#\/schema\/logo\/image\/\",\"url\":\"https:\/\/lumohouses.com\/wp-content\/uploads\/2022\/04\/logo-lumohouses.png\",\"contentUrl\":\"https:\/\/lumohouses.com\/wp-content\/uploads\/2022\/04\/logo-lumohouses.png\",\"width\":380,\"height\":58,\"caption\":\"Lumo Houses\"},\"image\":{\"@id\":\"https:\/\/lumohouses.com\/fr\/#\/schema\/logo\/image\/\"},\"sameAs\":[\"https:\/\/www.facebook.com\/lumohouses\/\",\"https:\/\/x.com\/lumo_houses\"]}]}<\/script>\n<!-- \/ Yoast SEO plugin. -->","yoast_head_json":{"title":"Bureau de jardin - Lumo Houses","robots":{"index":"index","follow":"follow","max-snippet":"max-snippet:-1","max-image-preview":"max-image-preview:large","max-video-preview":"max-video-preview:-1"},"canonical":"https:\/\/lumohouses.com\/fr\/bureau-jardin\/","og_locale":"fr_FR","og_type":"article","og_title":"Bureau de jardin - Lumo Houses","og_description":"[vc_row row_height_percent=\u00a0\u00bb0&Prime; overlay_alpha=\u00a0\u00bb50&Prime; gutter_size=\u00a0\u00bb3&Prime; column_width_percent=\u00a0\u00bb100&Prime; shift_y=\u00a0\u00bb0&Prime; z_index=\u00a0\u00bb0&Prime; uncode_shortcode_id=\u00a0\u00bb306976&Prime;][vc_column width=\u00a0\u00bb1\/1&Prime;][vc_custom_heading heading_semantic=\u00a0\u00bbh1&Prime; text_size=\u00a0\u00bbh1&Prime; uncode_shortcode_id=\u00a0\u00bb234513&Prime;]Bureau de jardin[\/vc_custom_heading][vc_column_text uncode_shortcode_id=\u00a0\u00bb176255&Prime;]Voici une s\u00e9lection de bureaux de [&hellip;]","og_url":"https:\/\/lumohouses.com\/fr\/bureau-jardin\/","og_site_name":"Lumo Houses","article_publisher":"https:\/\/www.facebook.com\/lumohouses\/","article_modified_time":"2025-08-08T08:50:38+00:00","twitter_card":"summary_large_image","twitter_site":"@lumo_houses","schema":{"@context":"https:\/\/schema.org","@graph":[{"@type":"WebPage","@id":"https:\/\/lumohouses.com\/fr\/bureau-jardin\/","url":"https:\/\/lumohouses.com\/fr\/bureau-jardin\/","name":"Bureau de jardin - Lumo Houses","isPartOf":{"@id":"https:\/\/lumohouses.com\/fr\/#website"},"datePublished":"2025-08-08T08:29:06+00:00","dateModified":"2025-08-08T08:50:38+00:00","breadcrumb":{"@id":"https:\/\/lumohouses.com\/fr\/bureau-jardin\/#breadcrumb"},"inLanguage":"fr-FR","potentialAction":[{"@type":"ReadAction","target":["https:\/\/lumohouses.com\/fr\/bureau-jardin\/"]}]},{"@type":"BreadcrumbList","@id":"https:\/\/lumohouses.com\/fr\/bureau-jardin\/#breadcrumb","itemListElement":[{"@type":"ListItem","position":1,"name":"Home","item":"https:\/\/lumohouses.com\/fr\/"},{"@type":"ListItem","position":2,"name":"Bureau de jardin"}]},{"@type":"WebSite","@id":"https:\/\/lumohouses.com\/fr\/#website","url":"https:\/\/lumohouses.com\/fr\/","name":"Lumo Houses","description":"Trouvez votre maison pr\u00e9fabriqu\u00e9e durable.","publisher":{"@id":"https:\/\/lumohouses.com\/fr\/#organization"},"potentialAction":[{"@type":"SearchAction","target":{"@type":"EntryPoint","urlTemplate":"https:\/\/lumohouses.com\/fr\/?s={search_term_string}"},"query-input":{"@type":"PropertyValueSpecification","valueRequired":true,"valueName":"search_term_string"}}],"inLanguage":"fr-FR"},{"@type":"Organization","@id":"https:\/\/lumohouses.com\/fr\/#organization","name":"Lumo Houses","url":"https:\/\/lumohouses.com\/fr\/","logo":{"@type":"ImageObject","inLanguage":"fr-FR","@id":"https:\/\/lumohouses.com\/fr\/#\/schema\/logo\/image\/","url":"https:\/\/lumohouses.com\/wp-content\/uploads\/2022\/04\/logo-lumohouses.png","contentUrl":"https:\/\/lumohouses.com\/wp-content\/uploads\/2022\/04\/logo-lumohouses.png","width":380,"height":58,"caption":"Lumo Houses"},"image":{"@id":"https:\/\/lumohouses.com\/fr\/#\/schema\/logo\/image\/"},"sameAs":["https:\/\/www.facebook.com\/lumohouses\/","https:\/\/x.com\/lumo_houses"]}]}},"_links":{"self":[{"href":"https:\/\/lumohouses.com\/fr\/wp-json\/wp\/v2\/pages\/6270","targetHints":{"allow":["GET"]}}],"collection":[{"href":"https:\/\/lumohouses.com\/fr\/wp-json\/wp\/v2\/pages"}],"about":[{"href":"https:\/\/lumohouses.com\/fr\/wp-json\/wp\/v2\/types\/page"}],"author":[{"embeddable":true,"href":"https:\/\/lumohouses.com\/fr\/wp-json\/wp\/v2\/users\/1"}],"replies":[{"embeddable":true,"href":"https:\/\/lumohouses.com\/fr\/wp-json\/wp\/v2\/comments?post=6270"}],"version-history":[{"count":0,"href":"https:\/\/lumohouses.com\/fr\/wp-json\/wp\/v2\/pages\/6270\/revisions"}],"wp:attachment":[{"href":"https:\/\/lumohouses.com\/fr\/wp-json\/wp\/v2\/media?parent=6270"}],"curies":[{"name":"wp","href":"https:\/\/api.w.org\/{rel}","templated":true}]}}