{"id":5513,"date":"2025-01-27T14:23:35","date_gmt":"2025-01-27T14:23:35","guid":{"rendered":"https:\/\/lumohouses.com\/product\/foret-enamel-mug-red\/"},"modified":"2025-02-07T16:46:21","modified_gmt":"2025-02-07T16:46:21","slug":"foret-enamel-mug-red","status":"publish","type":"product","link":"https:\/\/lumohouses.com\/fr\/produit\/foret-enamel-mug-red\/","title":{"rendered":"Mug \u00e9maill\u00e9 For\u00e9t rouge"},"content":{"rendered":"<p>Lorsque vous pr\u00e9parez votre prochain voyage, il est essentiel de faire des bagages l\u00e9gers pour rester souple et agile. Le mug en \u00e9mail BEAN est robuste et pratique pour une tasse de caf\u00e9 parfaite \u00e0 la maison ou sur le pouce.<\/p>\n<p>Ralentir, se d\u00e9connecter et appr\u00e9cier les petites choses.<\/p>\n<p>Ils ne peuvent pas \u00eatre utilis\u00e9s au micro-ondes.<\/p>\n<p>Enamel Mug<br \/>\n<span style=\"font-family: -apple-system, BlinkMacSystemFont, 'Segoe UI', Roboto, Oxygen-Sans, Ubuntu, Cantarell, 'Helvetica Neue', sans-serif;\">\u00d8: 8 cm \/ 300 ML<br \/>\n<\/span><span style=\"font-family: -apple-system, BlinkMacSystemFont, 'Segoe UI', Roboto, Oxygen-Sans, Ubuntu, Cantarell, 'Helvetica Neue', sans-serif;\">Dark Red Mug \/ <\/span><span style=\"font-family: -apple-system, BlinkMacSystemFont, 'Segoe UI', Roboto, Oxygen-Sans, Ubuntu, Cantarell, 'Helvetica Neue', sans-serif;\">Black Rim \/ <\/span><span style=\"font-family: -apple-system, BlinkMacSystemFont, 'Segoe UI', Roboto, Oxygen-Sans, Ubuntu, Cantarell, 'Helvetica Neue', sans-serif;\">White Inner \/ <\/span><span style=\"font-family: -apple-system, BlinkMacSystemFont, 'Segoe UI', Roboto, Oxygen-Sans, Ubuntu, Cantarell, 'Helvetica Neue', sans-serif;\">Made in UK<\/span><\/p>\n","protected":false},"excerpt":{"rendered":"<p>Lorsque vous pr\u00e9parez votre prochain voyage, il est essentiel de faire des bagages l\u00e9gers pour rester souple et agile.<\/p>\n","protected":false},"featured_media":5507,"template":"","meta":{"_acf_changed":false},"product_brand":[],"product_cat":[136],"product_tag":[],"class_list":{"0":"post-5513","1":"product","2":"type-product","3":"status-publish","4":"has-post-thumbnail","6":"product_cat-biens","8":"first","9":"instock","10":"shipping-taxable","11":"purchasable","12":"product-type-simple"},"acf":[],"yoast_head":"<!-- This site is optimized with the Yoast SEO plugin v25.7 - https:\/\/yoast.com\/wordpress\/plugins\/seo\/ -->\n<title>Mug \u00e9maill\u00e9 For\u00e9t rouge - Lumo Houses<\/title>\n<meta name=\"robots\" content=\"index, follow, max-snippet:-1, max-image-preview:large, max-video-preview:-1\" \/>\n<link rel=\"canonical\" href=\"https:\/\/lumohouses.com\/fr\/produit\/foret-enamel-mug-red\/\" \/>\n<meta property=\"og:locale\" content=\"fr_FR\" \/>\n<meta property=\"og:type\" content=\"article\" \/>\n<meta property=\"og:title\" content=\"Mug \u00e9maill\u00e9 For\u00e9t rouge - Lumo Houses\" \/>\n<meta property=\"og:description\" content=\"Lorsque vous pr\u00e9parez votre prochain voyage, il est essentiel de faire des bagages l\u00e9gers pour rester souple et agile.\" \/>\n<meta property=\"og:url\" content=\"https:\/\/lumohouses.com\/fr\/produit\/foret-enamel-mug-red\/\" \/>\n<meta property=\"og:site_name\" content=\"Lumo Houses\" \/>\n<meta property=\"article:publisher\" content=\"https:\/\/www.facebook.com\/lumohouses\/\" \/>\n<meta property=\"article:modified_time\" content=\"2025-02-07T16:46:21+00:00\" \/>\n<meta property=\"og:image\" content=\"https:\/\/lumohouses.com\/wp-content\/uploads\/2025\/01\/forest-mug-red-main-scaled.jpg\" \/>\n\t<meta property=\"og:image:width\" content=\"1969\" \/>\n\t<meta property=\"og:image:height\" content=\"2560\" \/>\n\t<meta property=\"og:image:type\" content=\"image\/jpeg\" \/>\n<meta name=\"twitter:card\" content=\"summary_large_image\" \/>\n<meta name=\"twitter:site\" content=\"@lumo_houses\" \/>\n<script type=\"application\/ld+json\" class=\"yoast-schema-graph\">{\"@context\":\"https:\/\/schema.org\",\"@graph\":[{\"@type\":\"WebPage\",\"@id\":\"https:\/\/lumohouses.com\/fr\/produit\/foret-enamel-mug-red\/\",\"url\":\"https:\/\/lumohouses.com\/fr\/produit\/foret-enamel-mug-red\/\",\"name\":\"Mug \u00e9maill\u00e9 For\u00e9t rouge - Lumo Houses\",\"isPartOf\":{\"@id\":\"https:\/\/lumohouses.com\/fr\/#website\"},\"primaryImageOfPage\":{\"@id\":\"https:\/\/lumohouses.com\/fr\/produit\/foret-enamel-mug-red\/#primaryimage\"},\"image\":{\"@id\":\"https:\/\/lumohouses.com\/fr\/produit\/foret-enamel-mug-red\/#primaryimage\"},\"thumbnailUrl\":\"https:\/\/lumohouses.com\/wp-content\/uploads\/2025\/01\/forest-mug-red-main-scaled.jpg\",\"datePublished\":\"2025-01-27T14:23:35+00:00\",\"dateModified\":\"2025-02-07T16:46:21+00:00\",\"breadcrumb\":{\"@id\":\"https:\/\/lumohouses.com\/fr\/produit\/foret-enamel-mug-red\/#breadcrumb\"},\"inLanguage\":\"fr-FR\",\"potentialAction\":[{\"@type\":\"ReadAction\",\"target\":[\"https:\/\/lumohouses.com\/fr\/produit\/foret-enamel-mug-red\/\"]}]},{\"@type\":\"ImageObject\",\"inLanguage\":\"fr-FR\",\"@id\":\"https:\/\/lumohouses.com\/fr\/produit\/foret-enamel-mug-red\/#primaryimage\",\"url\":\"https:\/\/lumohouses.com\/wp-content\/uploads\/2025\/01\/forest-mug-red-main-scaled.jpg\",\"contentUrl\":\"https:\/\/lumohouses.com\/wp-content\/uploads\/2025\/01\/forest-mug-red-main-scaled.jpg\",\"width\":1969,\"height\":2560},{\"@type\":\"BreadcrumbList\",\"@id\":\"https:\/\/lumohouses.com\/fr\/produit\/foret-enamel-mug-red\/#breadcrumb\",\"itemListElement\":[{\"@type\":\"ListItem\",\"position\":1,\"name\":\"Home\",\"item\":\"https:\/\/lumohouses.com\/fr\/\"},{\"@type\":\"ListItem\",\"position\":2,\"name\":\"Shop\",\"item\":\"https:\/\/lumohouses.com\/fr\/shop\/\"},{\"@type\":\"ListItem\",\"position\":3,\"name\":\"Mug \u00e9maill\u00e9 For\u00e9t rouge\"}]},{\"@type\":\"WebSite\",\"@id\":\"https:\/\/lumohouses.com\/fr\/#website\",\"url\":\"https:\/\/lumohouses.com\/fr\/\",\"name\":\"Lumo Houses\",\"description\":\"Trouvez votre maison pr\u00e9fabriqu\u00e9e durable.\",\"publisher\":{\"@id\":\"https:\/\/lumohouses.com\/fr\/#organization\"},\"potentialAction\":[{\"@type\":\"SearchAction\",\"target\":{\"@type\":\"EntryPoint\",\"urlTemplate\":\"https:\/\/lumohouses.com\/fr\/?s={search_term_string}\"},\"query-input\":{\"@type\":\"PropertyValueSpecification\",\"valueRequired\":true,\"valueName\":\"search_term_string\"}}],\"inLanguage\":\"fr-FR\"},{\"@type\":\"Organization\",\"@id\":\"https:\/\/lumohouses.com\/fr\/#organization\",\"name\":\"Lumo Houses\",\"url\":\"https:\/\/lumohouses.com\/fr\/\",\"logo\":{\"@type\":\"ImageObject\",\"inLanguage\":\"fr-FR\",\"@id\":\"https:\/\/lumohouses.com\/fr\/#\/schema\/logo\/image\/\",\"url\":\"https:\/\/lumohouses.com\/wp-content\/uploads\/2022\/04\/logo-lumohouses.png\",\"contentUrl\":\"https:\/\/lumohouses.com\/wp-content\/uploads\/2022\/04\/logo-lumohouses.png\",\"width\":380,\"height\":58,\"caption\":\"Lumo Houses\"},\"image\":{\"@id\":\"https:\/\/lumohouses.com\/fr\/#\/schema\/logo\/image\/\"},\"sameAs\":[\"https:\/\/www.facebook.com\/lumohouses\/\",\"https:\/\/x.com\/lumo_houses\"]}]}<\/script>\n<!-- \/ Yoast SEO plugin. -->","yoast_head_json":{"title":"Mug \u00e9maill\u00e9 For\u00e9t rouge - Lumo Houses","robots":{"index":"index","follow":"follow","max-snippet":"max-snippet:-1","max-image-preview":"max-image-preview:large","max-video-preview":"max-video-preview:-1"},"canonical":"https:\/\/lumohouses.com\/fr\/produit\/foret-enamel-mug-red\/","og_locale":"fr_FR","og_type":"article","og_title":"Mug \u00e9maill\u00e9 For\u00e9t rouge - Lumo Houses","og_description":"Lorsque vous pr\u00e9parez votre prochain voyage, il est essentiel de faire des bagages l\u00e9gers pour rester souple et agile.","og_url":"https:\/\/lumohouses.com\/fr\/produit\/foret-enamel-mug-red\/","og_site_name":"Lumo Houses","article_publisher":"https:\/\/www.facebook.com\/lumohouses\/","article_modified_time":"2025-02-07T16:46:21+00:00","og_image":[{"width":1969,"height":2560,"url":"https:\/\/lumohouses.com\/wp-content\/uploads\/2025\/01\/forest-mug-red-main-scaled.jpg","type":"image\/jpeg"}],"twitter_card":"summary_large_image","twitter_site":"@lumo_houses","schema":{"@context":"https:\/\/schema.org","@graph":[{"@type":"WebPage","@id":"https:\/\/lumohouses.com\/fr\/produit\/foret-enamel-mug-red\/","url":"https:\/\/lumohouses.com\/fr\/produit\/foret-enamel-mug-red\/","name":"Mug \u00e9maill\u00e9 For\u00e9t rouge - Lumo Houses","isPartOf":{"@id":"https:\/\/lumohouses.com\/fr\/#website"},"primaryImageOfPage":{"@id":"https:\/\/lumohouses.com\/fr\/produit\/foret-enamel-mug-red\/#primaryimage"},"image":{"@id":"https:\/\/lumohouses.com\/fr\/produit\/foret-enamel-mug-red\/#primaryimage"},"thumbnailUrl":"https:\/\/lumohouses.com\/wp-content\/uploads\/2025\/01\/forest-mug-red-main-scaled.jpg","datePublished":"2025-01-27T14:23:35+00:00","dateModified":"2025-02-07T16:46:21+00:00","breadcrumb":{"@id":"https:\/\/lumohouses.com\/fr\/produit\/foret-enamel-mug-red\/#breadcrumb"},"inLanguage":"fr-FR","potentialAction":[{"@type":"ReadAction","target":["https:\/\/lumohouses.com\/fr\/produit\/foret-enamel-mug-red\/"]}]},{"@type":"ImageObject","inLanguage":"fr-FR","@id":"https:\/\/lumohouses.com\/fr\/produit\/foret-enamel-mug-red\/#primaryimage","url":"https:\/\/lumohouses.com\/wp-content\/uploads\/2025\/01\/forest-mug-red-main-scaled.jpg","contentUrl":"https:\/\/lumohouses.com\/wp-content\/uploads\/2025\/01\/forest-mug-red-main-scaled.jpg","width":1969,"height":2560},{"@type":"BreadcrumbList","@id":"https:\/\/lumohouses.com\/fr\/produit\/foret-enamel-mug-red\/#breadcrumb","itemListElement":[{"@type":"ListItem","position":1,"name":"Home","item":"https:\/\/lumohouses.com\/fr\/"},{"@type":"ListItem","position":2,"name":"Shop","item":"https:\/\/lumohouses.com\/fr\/shop\/"},{"@type":"ListItem","position":3,"name":"Mug \u00e9maill\u00e9 For\u00e9t rouge"}]},{"@type":"WebSite","@id":"https:\/\/lumohouses.com\/fr\/#website","url":"https:\/\/lumohouses.com\/fr\/","name":"Lumo Houses","description":"Trouvez votre maison pr\u00e9fabriqu\u00e9e durable.","publisher":{"@id":"https:\/\/lumohouses.com\/fr\/#organization"},"potentialAction":[{"@type":"SearchAction","target":{"@type":"EntryPoint","urlTemplate":"https:\/\/lumohouses.com\/fr\/?s={search_term_string}"},"query-input":{"@type":"PropertyValueSpecification","valueRequired":true,"valueName":"search_term_string"}}],"inLanguage":"fr-FR"},{"@type":"Organization","@id":"https:\/\/lumohouses.com\/fr\/#organization","name":"Lumo Houses","url":"https:\/\/lumohouses.com\/fr\/","logo":{"@type":"ImageObject","inLanguage":"fr-FR","@id":"https:\/\/lumohouses.com\/fr\/#\/schema\/logo\/image\/","url":"https:\/\/lumohouses.com\/wp-content\/uploads\/2022\/04\/logo-lumohouses.png","contentUrl":"https:\/\/lumohouses.com\/wp-content\/uploads\/2022\/04\/logo-lumohouses.png","width":380,"height":58,"caption":"Lumo Houses"},"image":{"@id":"https:\/\/lumohouses.com\/fr\/#\/schema\/logo\/image\/"},"sameAs":["https:\/\/www.facebook.com\/lumohouses\/","https:\/\/x.com\/lumo_houses"]}]}},"_links":{"self":[{"href":"https:\/\/lumohouses.com\/fr\/wp-json\/wp\/v2\/product\/5513","targetHints":{"allow":["GET"]}}],"collection":[{"href":"https:\/\/lumohouses.com\/fr\/wp-json\/wp\/v2\/product"}],"about":[{"href":"https:\/\/lumohouses.com\/fr\/wp-json\/wp\/v2\/types\/product"}],"wp:featuredmedia":[{"embeddable":true,"href":"https:\/\/lumohouses.com\/fr\/wp-json\/wp\/v2\/media\/5507"}],"wp:attachment":[{"href":"https:\/\/lumohouses.com\/fr\/wp-json\/wp\/v2\/media?parent=5513"}],"wp:term":[{"taxonomy":"product_brand","embeddable":true,"href":"https:\/\/lumohouses.com\/fr\/wp-json\/wp\/v2\/product_brand?post=5513"},{"taxonomy":"product_cat","embeddable":true,"href":"https:\/\/lumohouses.com\/fr\/wp-json\/wp\/v2\/product_cat?post=5513"},{"taxonomy":"product_tag","embeddable":true,"href":"https:\/\/lumohouses.com\/fr\/wp-json\/wp\/v2\/product_tag?post=5513"}],"curies":[{"name":"wp","href":"https:\/\/api.w.org\/{rel}","templated":true}]}}